{"id":31,"date":"2023-12-21T12:55:06","date_gmt":"2023-12-21T11:55:06","guid":{"rendered":"http:\/\/bicycool.pl\/?page_id=31"},"modified":"2023-12-21T12:55:06","modified_gmt":"2023-12-21T11:55:06","slug":"zwroty","status":"publish","type":"page","link":"https:\/\/bicycool.pl\/?page_id=31","title":{"rendered":"Regulamin sklepu &#8222;Bicycool&#8221;"},"content":{"rendered":"\n<p><\/p>\n\n\n\n<p><strong>Dane Identyfikacyjne Sklepu:<\/strong><\/p>\n\n\n\n<p>Bicycool s.c.<br>Adres: Kr\u00f3lowej Jadwigi 6, 62-510 Konin<br>NIP: 6653007571<br>Zarejestrowany w CEIDG pod nadzorem Ministra w\u0142a\u015bciwego do spraw gospodarki.<br>REGON: 367255320<\/p>\n\n\n\n<p><strong>Definicje<\/strong><\/p>\n\n\n\n<p>Klient: Pe\u0142noletnia osoba fizyczna, osoba prawna lub jednostka organizacyjna nie posiadaj\u0105ca osobowo\u015bci prawnej, nazywana Klientem.<\/p>\n\n\n\n<p><br><strong>Zam\u00f3wienia:<\/strong><\/p>\n\n\n\n<p>Klient mo\u017ce sk\u0142ada\u0107 zam\u00f3wienia 24\/7, 365 dni w roku.<br>Proces zamawiania obejmuje wyb\u00f3r produkt\u00f3w, metody dostawy, adresu dostawy, oraz opcjonalnie adresu do wystawienia faktury.<br>Realizacja Zam\u00f3wie\u0144:<\/p>\n\n\n\n<p>Przygotowanie zam\u00f3wionych towar\u00f3w zajmuje 1-3 Dni Roboczych od momentu zaksi\u0119gowania op\u0142aty.<br>Dost\u0119pne formy wysy\u0142ki: Poczta Polska, DPD, DHL, Inpost, Paczkomaty InPost.<br>Mo\u017cliwo\u015b\u0107 odbioru osobistego w sklepie stacjonarnym.<\/p>\n\n\n\n<p><br><strong>Konto Pocztowe<\/strong><\/p>\n\n\n\n<p>Do dokonywania zakup\u00f3w niezb\u0119dne jest posiadanie aktywnego konta poczty elektronicznej.<br>Potwierdzenie Zam\u00f3wienia:<\/p>\n\n\n\n<p>Potwierdzenie zam\u00f3wienia i jego istotnych element\u00f3w nast\u0119puje poprzez e-mail.<br>Umowa sprzeda\u017cy uwa\u017cana jest za zawart\u0105 w momencie wys\u0142ania potwierdzenia zam\u00f3wienia.<\/p>\n\n\n\n<p><br><strong>Zwroty<\/strong><\/p>\n\n\n\n<p>Klient mo\u017ce odst\u0105pi\u0107 od umowy w ci\u0105gu 14 dni od daty odebrania przesy\u0142ki, zgodnie z Ustaw\u0105 o prawach konsumenta.<br>Zwracane towary musz\u0105 by\u0107 kompletnie i w stanie niezmienionym.<br>Koszty zwrotu ponosi Klient.<\/p>\n\n\n\n<p><br><strong>Reklamacje<\/strong><\/p>\n\n\n\n<p>Towary mog\u0105 by\u0107 obj\u0119te gwarancj\u0105 producenta lub dystrybutora.<br>Klient ma prawo do reklamacji w ci\u0105gu 2 lat od daty dor\u0119czenia towaru.<br>Sklep rozpatruje reklamacj\u0119 w ci\u0105gu 14 dni od otrzymania reklamowanego towaru.<\/p>\n\n\n\n<p><br><strong>Dane Osobowe<\/strong><\/p>\n\n\n\n<p>Klient wyra\u017ca zgod\u0119 na przetwarzanie danych osobowych w celach realizacji umowy.<br>Dane s\u0105 chronione zgodnie z Ustaw\u0105 o ochronie danych osobowych.<br>Klienci maj\u0105 prawo do wgl\u0105du, poprawiania i \u017c\u0105dania usuni\u0119cia swoich danych.<\/p>\n\n\n\n<p><br><strong>Postanowienia Ko\u0144cowe<\/strong><\/p>\n\n\n\n<p>\u017badne z postanowie\u0144 regulaminu nie narusza praw Klienta ani nie stoi w sprzeczno\u015bci z obowi\u0105zuj\u0105cym prawem.<br>W sprawach nieuregulowanych regulaminem stosuje si\u0119 obowi\u0105zuj\u0105ce przepisy prawne.<\/p>\n\n\n\n<p><br><strong>Koszty Transportu\/Dostawy<\/strong><\/p>\n\n\n\n<p>Koszty dostawy podane w ofercie dotycz\u0105 zam\u00f3wie\u0144 na terenie Polski.<br>Dostawa poza Polsk\u0105 mo\u017cliwa jest za dodatkow\u0105 op\u0142at\u0105.<\/p>\n\n\n\n<p><br><strong>Anulowanie Zam\u00f3wienia<\/strong><\/p>\n\n\n\n<p>Sprzedaj\u0105cy zastrzega sobie prawo do anulowania zam\u00f3wienia w przypadku b\u0142\u0119du w cenie lub niedost\u0119pno\u015bci produktu.<br>Wp\u0142acone \u015brodki zostan\u0105 zwr\u00f3cone Klientowi w ci\u0105gu 48 godzin.<\/p>\n\n\n\n<p><br><strong>Rozstrzyganie Spor\u00f3w<\/strong><\/p>\n\n\n\n<p>Kwestie sporne rozpatruje s\u0105d w\u0142a\u015bciwy miejscowo i rzeczowo.<\/p>\n","protected":false},"excerpt":{"rendered":"<p>Dane Identyfikacyjne Sklepu: Bicycool s.c.Adres: Kr\u00f3lowej Jadwigi 6, 62-510 KoninNIP: 6653007571Zarejestrowany w CEIDG pod nadzorem Ministra w\u0142a\u015bciwego do spraw gospodarki.REGON: 367255320 Definicje Klient: Pe\u0142noletnia osoba fizyczna, osoba prawna lub jednostka organizacyjna nie posiadaj\u0105ca osobowo\u015bci prawnej, nazywana Klientem. Zam\u00f3wienia: Klient mo\u017ce sk\u0142ada\u0107 zam\u00f3wienia 24\/7, 365 dni w roku.Proces zamawiania obejmuje wyb\u00f3r produkt\u00f3w, metody dostawy, adresu dostawy,&hellip;<\/p>\n","protected":false},"author":1,"featured_media":0,"parent":0,"menu_order":0,"comment_status":"closed","ping_status":"closed","template":"","meta":{"footnotes":""},"class_list":["post-31","page","type-page","status-publish","hentry"],"_links":{"self":[{"href":"https:\/\/bicycool.pl\/index.php?rest_route=\/wp\/v2\/pages\/31","targetHints":{"allow":["GET"]}}],"collection":[{"href":"https:\/\/bicycool.pl\/index.php?rest_route=\/wp\/v2\/pages"}],"about":[{"href":"https:\/\/bicycool.pl\/index.php?rest_route=\/wp\/v2\/types\/page"}],"author":[{"embeddable":true,"href":"https:\/\/bicycool.pl\/index.php?rest_route=\/wp\/v2\/users\/1"}],"replies":[{"embeddable":true,"href":"https:\/\/bicycool.pl\/index.php?rest_route=%2Fwp%2Fv2%2Fcomments&post=31"}],"version-history":[{"count":1,"href":"https:\/\/bicycool.pl\/index.php?rest_route=\/wp\/v2\/pages\/31\/revisions"}],"predecessor-version":[{"id":1903,"href":"https:\/\/bicycool.pl\/index.php?rest_route=\/wp\/v2\/pages\/31\/revisions\/1903"}],"wp:attachment":[{"href":"https:\/\/bicycool.pl\/index.php?rest_route=%2Fwp%2Fv2%2Fmedia&parent=31"}],"curies":[{"name":"wp","href":"https:\/\/api.w.org\/{rel}","templated":true}]}}