{"id":1033,"date":"2023-12-04T15:08:23","date_gmt":"2023-12-04T14:08:23","guid":{"rendered":"https:\/\/bicycool.pl\/?post_type=product&#038;p=1033"},"modified":"2023-12-04T15:11:05","modified_gmt":"2023-12-04T14:11:05","slug":"przerzutka-tyl-szosowa-campagnolo-xenon-10s","status":"publish","type":"product","link":"https:\/\/bicycool.pl\/?product=przerzutka-tyl-szosowa-campagnolo-xenon-10s","title":{"rendered":"Przerzutka ty\u0142 szosowa Campagnolo Xenon 10s"},"content":{"rendered":"<h3>Przerzutka ty\u0142 Campagnolo Xenon 10s<\/h3>\n<p>&nbsp;<\/p>\n<ul>\n<li><strong>Liczba bieg\u00f3w &#8211; <\/strong>10s<\/li>\n<li><strong>U\u017cywana<\/strong><\/li>\n<\/ul>\n","protected":false},"excerpt":{"rendered":"<p>Przerzutka ty\u0142 Campagnolo Xenon 10s &nbsp; Liczba bieg\u00f3w &#8211; 10s U\u017cywana<\/p>\n","protected":false},"featured_media":1034,"comment_status":"open","ping_status":"closed","template":"","meta":[],"product_brand":[],"product_cat":[28],"product_tag":[],"class_list":{"0":"post-1033","1":"product","2":"type-product","3":"status-publish","4":"has-post-thumbnail","6":"product_cat-czesci-i-akcesoria-uzywane","7":"product_shipping_class-mala-paczka","9":"first","10":"instock","11":"shipping-taxable","12":"purchasable","13":"product-type-simple"},"_links":{"self":[{"href":"https:\/\/bicycool.pl\/index.php?rest_route=\/wp\/v2\/product\/1033","targetHints":{"allow":["GET"]}}],"collection":[{"href":"https:\/\/bicycool.pl\/index.php?rest_route=\/wp\/v2\/product"}],"about":[{"href":"https:\/\/bicycool.pl\/index.php?rest_route=\/wp\/v2\/types\/product"}],"replies":[{"embeddable":true,"href":"https:\/\/bicycool.pl\/index.php?rest_route=%2Fwp%2Fv2%2Fcomments&post=1033"}],"wp:featuredmedia":[{"embeddable":true,"href":"https:\/\/bicycool.pl\/index.php?rest_route=\/wp\/v2\/media\/1034"}],"wp:attachment":[{"href":"https:\/\/bicycool.pl\/index.php?rest_route=%2Fwp%2Fv2%2Fmedia&parent=1033"}],"wp:term":[{"taxonomy":"product_brand","embeddable":true,"href":"https:\/\/bicycool.pl\/index.php?rest_route=%2Fwp%2Fv2%2Fproduct_brand&post=1033"},{"taxonomy":"product_cat","embeddable":true,"href":"https:\/\/bicycool.pl\/index.php?rest_route=%2Fwp%2Fv2%2Fproduct_cat&post=1033"},{"taxonomy":"product_tag","embeddable":true,"href":"https:\/\/bicycool.pl\/index.php?rest_route=%2Fwp%2Fv2%2Fproduct_tag&post=1033"}],"curies":[{"name":"wp","href":"https:\/\/api.w.org\/{rel}","templated":true}]}}