{"id":1053,"date":"2023-12-04T16:57:01","date_gmt":"2023-12-04T15:57:01","guid":{"rendered":"https:\/\/bicycool.pl\/?post_type=product&#038;p=1053"},"modified":"2023-12-04T17:04:47","modified_gmt":"2023-12-04T16:04:47","slug":"mechanizm-korbowy-shimano-fc-m8000-t8000-48t-3x10s-hollowtech-ii","status":"publish","type":"product","link":"https:\/\/bicycool.pl\/?product=mechanizm-korbowy-shimano-fc-m8000-t8000-48t-3x10s-hollowtech-ii","title":{"rendered":"Mechanizm korbowy SHIMANO FC-M8000\/T8000 48T 3x10s Hollowtech II"},"content":{"rendered":"<h3 class=\"Product_product-title__BALAQ\">Mechanizm korbowy SHIMANO FC-M8000\/T8000<\/h3>\n<ul>\n<li><strong>D\u0142ugo\u015b\u0107 ramienia<\/strong>\u00a0 170mm<\/li>\n<li><strong>Stopniowanie<\/strong>\u00a0 26\/36\/48<\/li>\n<li><strong>Nap\u0119d<\/strong> 3x10s<\/li>\n<li><strong>Suport<\/strong> Hollowtech II<\/li>\n<\/ul>\n","protected":false},"excerpt":{"rendered":"<p>Mechanizm korbowy SHIMANO FC-M8000\/T8000 D\u0142ugo\u015b\u0107 ramienia\u00a0 170mm Stopniowanie\u00a0 26\/36\/48 Nap\u0119d 3x10s Suport Hollowtech II<\/p>\n","protected":false},"featured_media":1054,"comment_status":"open","ping_status":"closed","template":"","meta":[],"product_brand":[],"product_cat":[28],"product_tag":[],"class_list":{"0":"post-1053","1":"product","2":"type-product","3":"status-publish","4":"has-post-thumbnail","6":"product_cat-czesci-i-akcesoria-uzywane","7":"product_shipping_class-mala-paczka","9":"first","10":"instock","11":"shipping-taxable","12":"purchasable","13":"product-type-simple"},"_links":{"self":[{"href":"https:\/\/bicycool.pl\/index.php?rest_route=\/wp\/v2\/product\/1053","targetHints":{"allow":["GET"]}}],"collection":[{"href":"https:\/\/bicycool.pl\/index.php?rest_route=\/wp\/v2\/product"}],"about":[{"href":"https:\/\/bicycool.pl\/index.php?rest_route=\/wp\/v2\/types\/product"}],"replies":[{"embeddable":true,"href":"https:\/\/bicycool.pl\/index.php?rest_route=%2Fwp%2Fv2%2Fcomments&post=1053"}],"wp:featuredmedia":[{"embeddable":true,"href":"https:\/\/bicycool.pl\/index.php?rest_route=\/wp\/v2\/media\/1054"}],"wp:attachment":[{"href":"https:\/\/bicycool.pl\/index.php?rest_route=%2Fwp%2Fv2%2Fmedia&parent=1053"}],"wp:term":[{"taxonomy":"product_brand","embeddable":true,"href":"https:\/\/bicycool.pl\/index.php?rest_route=%2Fwp%2Fv2%2Fproduct_brand&post=1053"},{"taxonomy":"product_cat","embeddable":true,"href":"https:\/\/bicycool.pl\/index.php?rest_route=%2Fwp%2Fv2%2Fproduct_cat&post=1053"},{"taxonomy":"product_tag","embeddable":true,"href":"https:\/\/bicycool.pl\/index.php?rest_route=%2Fwp%2Fv2%2Fproduct_tag&post=1053"}],"curies":[{"name":"wp","href":"https:\/\/api.w.org\/{rel}","templated":true}]}}