{"id":1060,"date":"2023-12-04T17:15:06","date_gmt":"2023-12-04T16:15:06","guid":{"rendered":"https:\/\/bicycool.pl\/?post_type=product&#038;p=1060"},"modified":"2026-01-17T22:07:11","modified_gmt":"2026-01-17T21:07:11","slug":"mechanizm-korbowy-strong-light-z-light-2x9-10s-36-52t","status":"publish","type":"product","link":"https:\/\/bicycool.pl\/?product=mechanizm-korbowy-strong-light-z-light-2x9-10s-36-52t","title":{"rendered":"Mechanizm korbowy STRONG LIGHT Z-Light 2&#215;9\/10s 36\/52T"},"content":{"rendered":"<h3 class=\"Product_product-title__BALAQ\">Mechanizm korbowy STRONG LIGHT Z-Light<\/h3>\n<ul>\n<li><strong>D\u0142ugo\u015b\u0107 ramienia<\/strong>\u00a0 170mm<\/li>\n<li><strong>Stopniowanie<\/strong> 36\/52T<\/li>\n<li><strong>Nap\u0119d<\/strong> 2&#215;9\/10s<\/li>\n<li><strong>Suport<\/strong> Isis drive<\/li>\n<li><strong>Stan<\/strong> U\u017cywana<\/li>\n<\/ul>\n","protected":false},"excerpt":{"rendered":"<p>Mechanizm korbowy STRONG LIGHT Z-Light D\u0142ugo\u015b\u0107 ramienia\u00a0 170mm Stopniowanie 36\/52T Nap\u0119d 2&#215;9\/10s Suport Isis drive Stan U\u017cywana<\/p>\n","protected":false},"featured_media":1062,"comment_status":"open","ping_status":"closed","template":"","meta":[],"product_brand":[],"product_cat":[28],"product_tag":[],"class_list":{"0":"post-1060","1":"product","2":"type-product","3":"status-publish","4":"has-post-thumbnail","6":"product_cat-czesci-i-akcesoria-uzywane","7":"product_shipping_class-mala-paczka","9":"first","10":"outofstock","11":"shipping-taxable","12":"purchasable","13":"product-type-simple"},"_links":{"self":[{"href":"https:\/\/bicycool.pl\/index.php?rest_route=\/wp\/v2\/product\/1060","targetHints":{"allow":["GET"]}}],"collection":[{"href":"https:\/\/bicycool.pl\/index.php?rest_route=\/wp\/v2\/product"}],"about":[{"href":"https:\/\/bicycool.pl\/index.php?rest_route=\/wp\/v2\/types\/product"}],"replies":[{"embeddable":true,"href":"https:\/\/bicycool.pl\/index.php?rest_route=%2Fwp%2Fv2%2Fcomments&post=1060"}],"wp:featuredmedia":[{"embeddable":true,"href":"https:\/\/bicycool.pl\/index.php?rest_route=\/wp\/v2\/media\/1062"}],"wp:attachment":[{"href":"https:\/\/bicycool.pl\/index.php?rest_route=%2Fwp%2Fv2%2Fmedia&parent=1060"}],"wp:term":[{"taxonomy":"product_brand","embeddable":true,"href":"https:\/\/bicycool.pl\/index.php?rest_route=%2Fwp%2Fv2%2Fproduct_brand&post=1060"},{"taxonomy":"product_cat","embeddable":true,"href":"https:\/\/bicycool.pl\/index.php?rest_route=%2Fwp%2Fv2%2Fproduct_cat&post=1060"},{"taxonomy":"product_tag","embeddable":true,"href":"https:\/\/bicycool.pl\/index.php?rest_route=%2Fwp%2Fv2%2Fproduct_tag&post=1060"}],"curies":[{"name":"wp","href":"https:\/\/api.w.org\/{rel}","templated":true}]}}