{"id":1066,"date":"2023-12-04T17:35:19","date_gmt":"2023-12-04T16:35:19","guid":{"rendered":"https:\/\/bicycool.pl\/?post_type=product&#038;p=1066"},"modified":"2023-12-04T17:38:10","modified_gmt":"2023-12-04T16:38:10","slug":"przerzutka-tyl-shimano-xt-rd-m735-3x7s-retro-mtb","status":"publish","type":"product","link":"https:\/\/bicycool.pl\/?product=przerzutka-tyl-shimano-xt-rd-m735-3x7s-retro-mtb","title":{"rendered":"Przerzutka ty\u0142 SHIMANO XT RD-M735 3x7s Retro MTB"},"content":{"rendered":"<h3>Przerzutka ty\u0142 SHIMANO XT RD-M735<\/h3>\n<p>&nbsp;<\/p>\n<ul>\n<li><strong>Liczba bieg\u00f3w <\/strong>&#8211; 7s<\/li>\n<li><strong>Nap\u0119d<\/strong> 3x7s<\/li>\n<li><strong>U\u017cywana<\/strong><\/li>\n<\/ul>\n<p>&nbsp;<\/p>\n<p>&nbsp;<\/p>\n","protected":false},"excerpt":{"rendered":"<p>Przerzutka ty\u0142 SHIMANO XT RD-M735 &nbsp; Liczba bieg\u00f3w &#8211; 7s Nap\u0119d 3x7s U\u017cywana &nbsp; &nbsp;<\/p>\n","protected":false},"featured_media":1068,"comment_status":"open","ping_status":"closed","template":"","meta":[],"product_brand":[],"product_cat":[28],"product_tag":[],"class_list":{"0":"post-1066","1":"product","2":"type-product","3":"status-publish","4":"has-post-thumbnail","6":"product_cat-czesci-i-akcesoria-uzywane","7":"product_shipping_class-mala-paczka","9":"first","10":"instock","11":"shipping-taxable","12":"purchasable","13":"product-type-simple"},"_links":{"self":[{"href":"https:\/\/bicycool.pl\/index.php?rest_route=\/wp\/v2\/product\/1066","targetHints":{"allow":["GET"]}}],"collection":[{"href":"https:\/\/bicycool.pl\/index.php?rest_route=\/wp\/v2\/product"}],"about":[{"href":"https:\/\/bicycool.pl\/index.php?rest_route=\/wp\/v2\/types\/product"}],"replies":[{"embeddable":true,"href":"https:\/\/bicycool.pl\/index.php?rest_route=%2Fwp%2Fv2%2Fcomments&post=1066"}],"wp:featuredmedia":[{"embeddable":true,"href":"https:\/\/bicycool.pl\/index.php?rest_route=\/wp\/v2\/media\/1068"}],"wp:attachment":[{"href":"https:\/\/bicycool.pl\/index.php?rest_route=%2Fwp%2Fv2%2Fmedia&parent=1066"}],"wp:term":[{"taxonomy":"product_brand","embeddable":true,"href":"https:\/\/bicycool.pl\/index.php?rest_route=%2Fwp%2Fv2%2Fproduct_brand&post=1066"},{"taxonomy":"product_cat","embeddable":true,"href":"https:\/\/bicycool.pl\/index.php?rest_route=%2Fwp%2Fv2%2Fproduct_cat&post=1066"},{"taxonomy":"product_tag","embeddable":true,"href":"https:\/\/bicycool.pl\/index.php?rest_route=%2Fwp%2Fv2%2Fproduct_tag&post=1066"}],"curies":[{"name":"wp","href":"https:\/\/api.w.org\/{rel}","templated":true}]}}