{"id":1076,"date":"2023-12-04T17:50:57","date_gmt":"2023-12-04T16:50:57","guid":{"rendered":"https:\/\/bicycool.pl\/?post_type=product&#038;p=1076"},"modified":"2023-12-04T17:52:58","modified_gmt":"2023-12-04T16:52:58","slug":"przerzutka-tyl-shimano-xt-rd-m786-3x10s","status":"publish","type":"product","link":"https:\/\/bicycool.pl\/?product=przerzutka-tyl-shimano-xt-rd-m786-3x10s","title":{"rendered":"Przerzutka ty\u0142 SHIMANO XT RD-M786 3x10s"},"content":{"rendered":"<h3>Przerzutka ty\u0142 SHIMANO XT RD-M786 3x10s<\/h3>\n<p>&nbsp;<\/p>\n<ul>\n<li><strong>Liczba bieg\u00f3w <\/strong>&#8211; 10s<\/li>\n<li><strong>Nap\u0119d<\/strong> 3x10s<\/li>\n<li><strong>U\u017cywana<\/strong><\/li>\n<\/ul>\n<p>&nbsp;<\/p>\n<p>&nbsp;<\/p>\n","protected":false},"excerpt":{"rendered":"<p>Przerzutka ty\u0142 SHIMANO XT RD-M786 3x10s &nbsp; Liczba bieg\u00f3w &#8211; 10s Nap\u0119d 3x10s U\u017cywana &nbsp; &nbsp;<\/p>\n","protected":false},"featured_media":1077,"comment_status":"open","ping_status":"closed","template":"","meta":[],"product_brand":[],"product_cat":[28],"product_tag":[],"class_list":{"0":"post-1076","1":"product","2":"type-product","3":"status-publish","4":"has-post-thumbnail","6":"product_cat-czesci-i-akcesoria-uzywane","7":"product_shipping_class-mala-paczka","9":"first","10":"instock","11":"shipping-taxable","12":"purchasable","13":"product-type-simple"},"_links":{"self":[{"href":"https:\/\/bicycool.pl\/index.php?rest_route=\/wp\/v2\/product\/1076","targetHints":{"allow":["GET"]}}],"collection":[{"href":"https:\/\/bicycool.pl\/index.php?rest_route=\/wp\/v2\/product"}],"about":[{"href":"https:\/\/bicycool.pl\/index.php?rest_route=\/wp\/v2\/types\/product"}],"replies":[{"embeddable":true,"href":"https:\/\/bicycool.pl\/index.php?rest_route=%2Fwp%2Fv2%2Fcomments&post=1076"}],"wp:featuredmedia":[{"embeddable":true,"href":"https:\/\/bicycool.pl\/index.php?rest_route=\/wp\/v2\/media\/1077"}],"wp:attachment":[{"href":"https:\/\/bicycool.pl\/index.php?rest_route=%2Fwp%2Fv2%2Fmedia&parent=1076"}],"wp:term":[{"taxonomy":"product_brand","embeddable":true,"href":"https:\/\/bicycool.pl\/index.php?rest_route=%2Fwp%2Fv2%2Fproduct_brand&post=1076"},{"taxonomy":"product_cat","embeddable":true,"href":"https:\/\/bicycool.pl\/index.php?rest_route=%2Fwp%2Fv2%2Fproduct_cat&post=1076"},{"taxonomy":"product_tag","embeddable":true,"href":"https:\/\/bicycool.pl\/index.php?rest_route=%2Fwp%2Fv2%2Fproduct_tag&post=1076"}],"curies":[{"name":"wp","href":"https:\/\/api.w.org\/{rel}","templated":true}]}}