{"id":1082,"date":"2023-12-05T13:05:42","date_gmt":"2023-12-05T12:05:42","guid":{"rendered":"https:\/\/bicycool.pl\/?post_type=product&#038;p=1082"},"modified":"2023-12-05T13:09:09","modified_gmt":"2023-12-05T12:09:09","slug":"przerzutka-tyl-shimano-105-rd-r7000-ss-11s","status":"publish","type":"product","link":"https:\/\/bicycool.pl\/?product=przerzutka-tyl-shimano-105-rd-r7000-ss-11s","title":{"rendered":"Przerzutka ty\u0142 SHIMANO 105 RD-R7000 SS 11s"},"content":{"rendered":"<h3>Przerzutka ty\u0142 SHIMANO 105 RD-R7000 SS<\/h3>\n<p>&nbsp;<\/p>\n<ul>\n<li><strong>Liczba bieg\u00f3w <\/strong>&#8211; 11s<\/li>\n<li><strong>Nap\u0119d<\/strong> 2x11s<\/li>\n<li><strong>Kr\u00f3tki w\u00f3zek\u00a0<\/strong><\/li>\n<li class=\"type-feature\"><strong>Kombinacje RD-SS<\/strong> od 11\u201325T do 11\u201330T<\/li>\n<li class=\"type-feature\"><strong>Kompatybilna z mocowaniem bezpo\u015brednim<\/strong><\/li>\n<li><strong>U\u017cywana<\/strong><\/li>\n<\/ul>\n<p>&nbsp;<\/p>\n<p>&nbsp;<\/p>\n","protected":false},"excerpt":{"rendered":"<p>Przerzutka ty\u0142 SHIMANO 105 RD-R7000 SS &nbsp; Liczba bieg\u00f3w &#8211; 11s Nap\u0119d 2x11s Kr\u00f3tki w\u00f3zek\u00a0 Kombinacje RD-SS od 11\u201325T do 11\u201330T Kompatybilna z mocowaniem bezpo\u015brednim U\u017cywana &nbsp; &nbsp;<\/p>\n","protected":false},"featured_media":1083,"comment_status":"open","ping_status":"closed","template":"","meta":[],"product_brand":[],"product_cat":[28],"product_tag":[],"class_list":{"0":"post-1082","1":"product","2":"type-product","3":"status-publish","4":"has-post-thumbnail","6":"product_cat-czesci-i-akcesoria-uzywane","7":"product_shipping_class-mala-paczka","9":"first","10":"instock","11":"shipping-taxable","12":"purchasable","13":"product-type-simple"},"_links":{"self":[{"href":"https:\/\/bicycool.pl\/index.php?rest_route=\/wp\/v2\/product\/1082","targetHints":{"allow":["GET"]}}],"collection":[{"href":"https:\/\/bicycool.pl\/index.php?rest_route=\/wp\/v2\/product"}],"about":[{"href":"https:\/\/bicycool.pl\/index.php?rest_route=\/wp\/v2\/types\/product"}],"replies":[{"embeddable":true,"href":"https:\/\/bicycool.pl\/index.php?rest_route=%2Fwp%2Fv2%2Fcomments&post=1082"}],"wp:featuredmedia":[{"embeddable":true,"href":"https:\/\/bicycool.pl\/index.php?rest_route=\/wp\/v2\/media\/1083"}],"wp:attachment":[{"href":"https:\/\/bicycool.pl\/index.php?rest_route=%2Fwp%2Fv2%2Fmedia&parent=1082"}],"wp:term":[{"taxonomy":"product_brand","embeddable":true,"href":"https:\/\/bicycool.pl\/index.php?rest_route=%2Fwp%2Fv2%2Fproduct_brand&post=1082"},{"taxonomy":"product_cat","embeddable":true,"href":"https:\/\/bicycool.pl\/index.php?rest_route=%2Fwp%2Fv2%2Fproduct_cat&post=1082"},{"taxonomy":"product_tag","embeddable":true,"href":"https:\/\/bicycool.pl\/index.php?rest_route=%2Fwp%2Fv2%2Fproduct_tag&post=1082"}],"curies":[{"name":"wp","href":"https:\/\/api.w.org\/{rel}","templated":true}]}}