{"id":1113,"date":"2023-12-05T15:09:28","date_gmt":"2023-12-05T14:09:28","guid":{"rendered":"https:\/\/bicycool.pl\/?post_type=product&#038;p=1113"},"modified":"2023-12-05T15:15:42","modified_gmt":"2023-12-05T14:15:42","slug":"mechanizm-korbowy-silstrar-sr-japan-40-52t-szosa-trekking","status":"publish","type":"product","link":"https:\/\/bicycool.pl\/?product=mechanizm-korbowy-silstrar-sr-japan-40-52t-szosa-trekking","title":{"rendered":"Mechanizm korbowy SILSTRAR SR Japan 40\/52T Szosa\/Trekking"},"content":{"rendered":"<h3 class=\"Product_product-title__BALAQ\">Mechanizm korbowy SILSTRAR SR Japan 40\/52T<\/h3>\n<ul>\n<li><strong>D\u0142ugo\u015b\u0107 ramienia<\/strong>\u00a0 170mm<\/li>\n<li><strong>Stopniowanie<\/strong> 40\/52<\/li>\n<li><strong>Nap\u0119d<\/strong> 2&#215;6\/7s<\/li>\n<li><strong>Suport<\/strong> kwadrat<\/li>\n<li><strong>Rodzaj<\/strong> Szosowa \/ Trekkingowa<\/li>\n<li><strong>Stan<\/strong> U\u017cywana<\/li>\n<\/ul>\n","protected":false},"excerpt":{"rendered":"<p>Mechanizm korbowy SILSTRAR SR Japan 40\/52T D\u0142ugo\u015b\u0107 ramienia\u00a0 170mm Stopniowanie 40\/52 Nap\u0119d 2&#215;6\/7s Suport kwadrat Rodzaj Szosowa \/ Trekkingowa Stan U\u017cywana<\/p>\n","protected":false},"featured_media":1115,"comment_status":"open","ping_status":"closed","template":"","meta":[],"product_brand":[],"product_cat":[28],"product_tag":[],"class_list":{"0":"post-1113","1":"product","2":"type-product","3":"status-publish","4":"has-post-thumbnail","6":"product_cat-czesci-i-akcesoria-uzywane","7":"product_shipping_class-mala-paczka","9":"first","10":"instock","11":"shipping-taxable","12":"purchasable","13":"product-type-simple"},"_links":{"self":[{"href":"https:\/\/bicycool.pl\/index.php?rest_route=\/wp\/v2\/product\/1113","targetHints":{"allow":["GET"]}}],"collection":[{"href":"https:\/\/bicycool.pl\/index.php?rest_route=\/wp\/v2\/product"}],"about":[{"href":"https:\/\/bicycool.pl\/index.php?rest_route=\/wp\/v2\/types\/product"}],"replies":[{"embeddable":true,"href":"https:\/\/bicycool.pl\/index.php?rest_route=%2Fwp%2Fv2%2Fcomments&post=1113"}],"wp:featuredmedia":[{"embeddable":true,"href":"https:\/\/bicycool.pl\/index.php?rest_route=\/wp\/v2\/media\/1115"}],"wp:attachment":[{"href":"https:\/\/bicycool.pl\/index.php?rest_route=%2Fwp%2Fv2%2Fmedia&parent=1113"}],"wp:term":[{"taxonomy":"product_brand","embeddable":true,"href":"https:\/\/bicycool.pl\/index.php?rest_route=%2Fwp%2Fv2%2Fproduct_brand&post=1113"},{"taxonomy":"product_cat","embeddable":true,"href":"https:\/\/bicycool.pl\/index.php?rest_route=%2Fwp%2Fv2%2Fproduct_cat&post=1113"},{"taxonomy":"product_tag","embeddable":true,"href":"https:\/\/bicycool.pl\/index.php?rest_route=%2Fwp%2Fv2%2Fproduct_tag&post=1113"}],"curies":[{"name":"wp","href":"https:\/\/api.w.org\/{rel}","templated":true}]}}