{"id":1135,"date":"2023-12-05T15:56:39","date_gmt":"2023-12-05T14:56:39","guid":{"rendered":"https:\/\/bicycool.pl\/?post_type=product&#038;p=1135"},"modified":"2023-12-05T16:55:49","modified_gmt":"2023-12-05T15:55:49","slug":"kierownica-carbon-bontrager-line-pro-35mm-635mm","status":"publish","type":"product","link":"https:\/\/bicycool.pl\/?product=kierownica-carbon-bontrager-line-pro-35mm-635mm","title":{"rendered":"Kierownica Carbon BONTRAGER LINE PRO 35mm 635mm"},"content":{"rendered":"<h3 class=\"Product_product-title__BALAQ\">Kierownica BONTRAGER LINE PRO<\/h3>\n<ul>\n<li><b>Szeroko\u015b\u0107\u00a0 <\/b>przyci\u0119ta do 635cm<\/li>\n<li><strong>Monta\u017c<\/strong> 35mm<\/li>\n<li><b>Materia\u0142<\/b> OLCV carbon<\/li>\n<li><strong>9 stopni backsweep<\/strong><\/li>\n<li><strong>4 stopnie upsweep<\/strong><\/li>\n<li><strong>15mm rise<\/strong><\/li>\n<\/ul>\n<p>Wi\u0119cej informacji na stronie producenta <a href=\"https:\/\/www.trekbikes.com\/pl\/pl_PL\/cz\u0119\u015bci-rowerowe\/komponenty-rowerowe\/kierownice-rowerowe\/kierownice-do-rower\u00f3w-g\u00f3rskich\/kierownica-mtb-bontrager-line-pro-carbon-35\/p\/24153\/\">TREK<\/a><\/p>\n","protected":false},"excerpt":{"rendered":"<p>Kierownica BONTRAGER LINE PRO Szeroko\u015b\u0107\u00a0 przyci\u0119ta do 635cm Monta\u017c 35mm Materia\u0142 OLCV carbon 9 stopni backsweep 4 stopnie upsweep 15mm rise Wi\u0119cej informacji na stronie producenta TREK<\/p>\n","protected":false},"featured_media":1136,"comment_status":"open","ping_status":"closed","template":"","meta":[],"product_brand":[],"product_cat":[28],"product_tag":[],"class_list":{"0":"post-1135","1":"product","2":"type-product","3":"status-publish","4":"has-post-thumbnail","6":"product_cat-czesci-i-akcesoria-uzywane","7":"product_shipping_class-mala-paczka","9":"first","10":"instock","11":"shipping-taxable","12":"purchasable","13":"product-type-simple"},"_links":{"self":[{"href":"https:\/\/bicycool.pl\/index.php?rest_route=\/wp\/v2\/product\/1135","targetHints":{"allow":["GET"]}}],"collection":[{"href":"https:\/\/bicycool.pl\/index.php?rest_route=\/wp\/v2\/product"}],"about":[{"href":"https:\/\/bicycool.pl\/index.php?rest_route=\/wp\/v2\/types\/product"}],"replies":[{"embeddable":true,"href":"https:\/\/bicycool.pl\/index.php?rest_route=%2Fwp%2Fv2%2Fcomments&post=1135"}],"wp:featuredmedia":[{"embeddable":true,"href":"https:\/\/bicycool.pl\/index.php?rest_route=\/wp\/v2\/media\/1136"}],"wp:attachment":[{"href":"https:\/\/bicycool.pl\/index.php?rest_route=%2Fwp%2Fv2%2Fmedia&parent=1135"}],"wp:term":[{"taxonomy":"product_brand","embeddable":true,"href":"https:\/\/bicycool.pl\/index.php?rest_route=%2Fwp%2Fv2%2Fproduct_brand&post=1135"},{"taxonomy":"product_cat","embeddable":true,"href":"https:\/\/bicycool.pl\/index.php?rest_route=%2Fwp%2Fv2%2Fproduct_cat&post=1135"},{"taxonomy":"product_tag","embeddable":true,"href":"https:\/\/bicycool.pl\/index.php?rest_route=%2Fwp%2Fv2%2Fproduct_tag&post=1135"}],"curies":[{"name":"wp","href":"https:\/\/api.w.org\/{rel}","templated":true}]}}