{"id":1141,"date":"2023-12-05T16:04:35","date_gmt":"2023-12-05T15:04:35","guid":{"rendered":"https:\/\/bicycool.pl\/?post_type=product&#038;p=1141"},"modified":"2024-12-11T12:30:43","modified_gmt":"2024-12-11T11:30:43","slug":"klamkomanetki-shimano-claris-st-r2000","status":"publish","type":"product","link":"https:\/\/bicycool.pl\/?product=klamkomanetki-shimano-claris-st-r2000","title":{"rendered":"Klamkomanetki SRAM RIVAL 1x11s Hydrauliczne Gravel"},"content":{"rendered":"<h3 class=\"Product_product-title__BALAQ\">Klamkomanetki SRAM RIVAL 1x11s<\/h3>\n<ul>\n<li>KOMPLET (Prawa+Lewa)<\/li>\n<li>Ilo\u015b\u0107 bieg\u00f3w &#8211; 1x11s<\/li>\n<li>Kolor: Czarny \/ Grafitowy<\/li>\n<\/ul>\n","protected":false},"excerpt":{"rendered":"<p>Klamkomanetki SRAM RIVAL 1x11s KOMPLET (Prawa+Lewa) Ilo\u015b\u0107 bieg\u00f3w &#8211; 1x11s Kolor: Czarny \/ Grafitowy<\/p>\n","protected":false},"featured_media":2324,"comment_status":"open","ping_status":"closed","template":"","meta":[],"product_brand":[],"product_cat":[15,27,167],"product_tag":[38,212,211],"class_list":{"0":"post-1141","1":"product","2":"type-product","3":"status-publish","4":"has-post-thumbnail","6":"product_cat-czesci","7":"product_cat-czesci-nowe","8":"product_cat-manetki-klamkomanetki","9":"product_tag-gravel","10":"product_tag-sram","11":"product_tag-sram-rival","12":"product_shipping_class-mala-paczka","14":"first","15":"instock","16":"shipping-taxable","17":"purchasable","18":"product-type-simple"},"_links":{"self":[{"href":"https:\/\/bicycool.pl\/index.php?rest_route=\/wp\/v2\/product\/1141","targetHints":{"allow":["GET"]}}],"collection":[{"href":"https:\/\/bicycool.pl\/index.php?rest_route=\/wp\/v2\/product"}],"about":[{"href":"https:\/\/bicycool.pl\/index.php?rest_route=\/wp\/v2\/types\/product"}],"replies":[{"embeddable":true,"href":"https:\/\/bicycool.pl\/index.php?rest_route=%2Fwp%2Fv2%2Fcomments&post=1141"}],"wp:featuredmedia":[{"embeddable":true,"href":"https:\/\/bicycool.pl\/index.php?rest_route=\/wp\/v2\/media\/2324"}],"wp:attachment":[{"href":"https:\/\/bicycool.pl\/index.php?rest_route=%2Fwp%2Fv2%2Fmedia&parent=1141"}],"wp:term":[{"taxonomy":"product_brand","embeddable":true,"href":"https:\/\/bicycool.pl\/index.php?rest_route=%2Fwp%2Fv2%2Fproduct_brand&post=1141"},{"taxonomy":"product_cat","embeddable":true,"href":"https:\/\/bicycool.pl\/index.php?rest_route=%2Fwp%2Fv2%2Fproduct_cat&post=1141"},{"taxonomy":"product_tag","embeddable":true,"href":"https:\/\/bicycool.pl\/index.php?rest_route=%2Fwp%2Fv2%2Fproduct_tag&post=1141"}],"curies":[{"name":"wp","href":"https:\/\/api.w.org\/{rel}","templated":true}]}}