{"id":1144,"date":"2023-12-05T16:56:36","date_gmt":"2023-12-05T15:56:36","guid":{"rendered":"https:\/\/bicycool.pl\/?post_type=product&#038;p=1144"},"modified":"2023-12-05T17:08:05","modified_gmt":"2023-12-05T16:08:05","slug":"mechanizm-korbowy-shimano-fc-rs510-175mm-34-50t","status":"publish","type":"product","link":"https:\/\/bicycool.pl\/?product=mechanizm-korbowy-shimano-fc-rs510-175mm-34-50t","title":{"rendered":"Mechanizm korbowy SHIMANO FC-RS510 175mm 34\/50T"},"content":{"rendered":"<h3 class=\"Product_product-title__BALAQ\">Mechanizm SHIMANO FC-RS510<\/h3>\n<ul>\n<li><strong>D\u0142ugo\u015b\u0107 ramienia<\/strong>\u00a0 175mm<\/li>\n<li><strong>Stopniowanie<\/strong>\u00a0 50\/34<\/li>\n<li><strong>Suport<\/strong> Hollowtech II<\/li>\n<li><strong>Nap\u0119d<\/strong>\u00a0 2&#215;11<\/li>\n<li><strong>Produkt nowy, powystawowy, posiada mikro ryski<\/strong><\/li>\n<\/ul>\n<p>Wi\u0119cej informacji na stronie producenta <a href=\"https:\/\/bike.shimano.com\/pl-PL\/product\/component\/shimano\/FC-RS510.html\">SHIMANO<\/a><\/p>\n","protected":false},"excerpt":{"rendered":"<p>Mechanizm SHIMANO FC-RS510 D\u0142ugo\u015b\u0107 ramienia\u00a0 175mm Stopniowanie\u00a0 50\/34 Suport Hollowtech II Nap\u0119d\u00a0 2&#215;11 Produkt nowy, powystawowy, posiada mikro ryski Wi\u0119cej informacji na stronie producenta SHIMANO<\/p>\n","protected":false},"featured_media":1145,"comment_status":"open","ping_status":"closed","template":"","meta":[],"product_brand":[],"product_cat":[27,169],"product_tag":[],"class_list":{"0":"post-1144","1":"product","2":"type-product","3":"status-publish","4":"has-post-thumbnail","6":"product_cat-czesci-nowe","7":"product_cat-mechanizmy-korbowe","8":"product_shipping_class-mala-paczka","10":"first","11":"instock","12":"sale","13":"shipping-taxable","14":"purchasable","15":"product-type-simple"},"_links":{"self":[{"href":"https:\/\/bicycool.pl\/index.php?rest_route=\/wp\/v2\/product\/1144","targetHints":{"allow":["GET"]}}],"collection":[{"href":"https:\/\/bicycool.pl\/index.php?rest_route=\/wp\/v2\/product"}],"about":[{"href":"https:\/\/bicycool.pl\/index.php?rest_route=\/wp\/v2\/types\/product"}],"replies":[{"embeddable":true,"href":"https:\/\/bicycool.pl\/index.php?rest_route=%2Fwp%2Fv2%2Fcomments&post=1144"}],"wp:featuredmedia":[{"embeddable":true,"href":"https:\/\/bicycool.pl\/index.php?rest_route=\/wp\/v2\/media\/1145"}],"wp:attachment":[{"href":"https:\/\/bicycool.pl\/index.php?rest_route=%2Fwp%2Fv2%2Fmedia&parent=1144"}],"wp:term":[{"taxonomy":"product_brand","embeddable":true,"href":"https:\/\/bicycool.pl\/index.php?rest_route=%2Fwp%2Fv2%2Fproduct_brand&post=1144"},{"taxonomy":"product_cat","embeddable":true,"href":"https:\/\/bicycool.pl\/index.php?rest_route=%2Fwp%2Fv2%2Fproduct_cat&post=1144"},{"taxonomy":"product_tag","embeddable":true,"href":"https:\/\/bicycool.pl\/index.php?rest_route=%2Fwp%2Fv2%2Fproduct_tag&post=1144"}],"curies":[{"name":"wp","href":"https:\/\/api.w.org\/{rel}","templated":true}]}}