{"id":1158,"date":"2023-12-05T17:26:39","date_gmt":"2023-12-05T16:26:39","guid":{"rendered":"https:\/\/bicycool.pl\/?post_type=product&#038;p=1158"},"modified":"2023-12-05T17:31:07","modified_gmt":"2023-12-05T16:31:07","slug":"mechanizm-korbowy-bontrager-44-32-22-175mm-3x9s","status":"publish","type":"product","link":"https:\/\/bicycool.pl\/?product=mechanizm-korbowy-bontrager-44-32-22-175mm-3x9s","title":{"rendered":"Mechanizm korbowy BONTRAGER 44\/32\/22 175mm 3x9s"},"content":{"rendered":"<h3 class=\"Product_product-title__BALAQ\">Mechanizm korbowy BONTRAGER<\/h3>\n<ul>\n<li><strong>D\u0142ugo\u015b\u0107 ramienia<\/strong>\u00a0 175mm<\/li>\n<li><strong>Stopniowanie<\/strong> 44\/32\/22<\/li>\n<li><strong>Nap\u0119d<\/strong> 3x9s<\/li>\n<li><strong>Suport<\/strong> ISIS<\/li>\n<li><strong>Rodzaj<\/strong> MTB<\/li>\n<li><strong>Stan<\/strong> U\u017cywana<\/li>\n<\/ul>\n","protected":false},"excerpt":{"rendered":"<p>Mechanizm korbowy BONTRAGER D\u0142ugo\u015b\u0107 ramienia\u00a0 175mm Stopniowanie 44\/32\/22 Nap\u0119d 3x9s Suport ISIS Rodzaj MTB Stan U\u017cywana<\/p>\n","protected":false},"featured_media":1160,"comment_status":"open","ping_status":"closed","template":"","meta":[],"product_brand":[],"product_cat":[28],"product_tag":[],"class_list":{"0":"post-1158","1":"product","2":"type-product","3":"status-publish","4":"has-post-thumbnail","6":"product_cat-czesci-i-akcesoria-uzywane","7":"product_shipping_class-mala-paczka","9":"first","10":"instock","11":"shipping-taxable","12":"purchasable","13":"product-type-simple"},"_links":{"self":[{"href":"https:\/\/bicycool.pl\/index.php?rest_route=\/wp\/v2\/product\/1158","targetHints":{"allow":["GET"]}}],"collection":[{"href":"https:\/\/bicycool.pl\/index.php?rest_route=\/wp\/v2\/product"}],"about":[{"href":"https:\/\/bicycool.pl\/index.php?rest_route=\/wp\/v2\/types\/product"}],"replies":[{"embeddable":true,"href":"https:\/\/bicycool.pl\/index.php?rest_route=%2Fwp%2Fv2%2Fcomments&post=1158"}],"wp:featuredmedia":[{"embeddable":true,"href":"https:\/\/bicycool.pl\/index.php?rest_route=\/wp\/v2\/media\/1160"}],"wp:attachment":[{"href":"https:\/\/bicycool.pl\/index.php?rest_route=%2Fwp%2Fv2%2Fmedia&parent=1158"}],"wp:term":[{"taxonomy":"product_brand","embeddable":true,"href":"https:\/\/bicycool.pl\/index.php?rest_route=%2Fwp%2Fv2%2Fproduct_brand&post=1158"},{"taxonomy":"product_cat","embeddable":true,"href":"https:\/\/bicycool.pl\/index.php?rest_route=%2Fwp%2Fv2%2Fproduct_cat&post=1158"},{"taxonomy":"product_tag","embeddable":true,"href":"https:\/\/bicycool.pl\/index.php?rest_route=%2Fwp%2Fv2%2Fproduct_tag&post=1158"}],"curies":[{"name":"wp","href":"https:\/\/api.w.org\/{rel}","templated":true}]}}