{"id":1197,"date":"2023-12-06T15:06:57","date_gmt":"2023-12-06T14:06:57","guid":{"rendered":"https:\/\/bicycool.pl\/?post_type=product&#038;p=1197"},"modified":"2025-12-01T17:20:18","modified_gmt":"2025-12-01T16:20:18","slug":"klamki-hamulcowe-dzwignie-hamulca-szosowe-tektro-rl-340","status":"publish","type":"product","link":"https:\/\/bicycool.pl\/?product=klamki-hamulcowe-dzwignie-hamulca-szosowe-tektro-rl-340","title":{"rendered":"Shimano Dura-Ace ST-R9160 Di2 TT KOMPLET"},"content":{"rendered":"<h2 data-start=\"112\" data-end=\"193\"><strong data-start=\"112\" data-end=\"193\">Shimano Dura-Ace ST-R9160 Di2 \u2013 zestaw klamkomanetek do czas\u00f3wki \/ triathlonu<\/strong><\/h2>\n<p data-start=\"195\" data-end=\"597\">Shimano ST-R9160 to zaawansowane klamkomanetki Di2 stworzone specjalnie do kierownic czasowych i triathlonowych. Zapewniaj\u0105 <strong data-start=\"319\" data-end=\"345\">pewne, mocne hamowanie<\/strong> w ka\u017cdej sytuacji oraz <strong data-start=\"369\" data-end=\"414\">precyzyjn\u0105, b\u0142yskawiczn\u0105 zmian\u0119 prze\u0142o\u017ce\u0144<\/strong> w systemie elektronicznym Di2.<br data-start=\"445\" data-end=\"448\" \/>Ergonomiczny kszta\u0142t oraz kompaktowa konstrukcja sprawiaj\u0105, \u017ce idealnie integruj\u0105 si\u0119 z lemondkami, gwarantuj\u0105c wygod\u0119 oraz pe\u0142n\u0105 kontrol\u0119 na trasie.<\/p>\n<p data-start=\"599\" data-end=\"625\"><strong data-start=\"599\" data-end=\"623\">Najwa\u017cniejsze cechy:<\/strong><\/p>\n<ul data-start=\"626\" data-end=\"900\">\n<li>prze\u0142o\u017cenia 2x11s<\/li>\n<li data-start=\"626\" data-end=\"682\">Karbonowe d\u017awignie<\/li>\n<li data-start=\"626\" data-end=\"682\">\n<p data-start=\"628\" data-end=\"682\">przeznaczone do kierownic czasowych i triathlonowych<\/p>\n<\/li>\n<li data-start=\"683\" data-end=\"737\">\n<p data-start=\"685\" data-end=\"737\">kompatybilne z elektronicznym systemem Shimano Di2<\/p>\n<\/li>\n<li data-start=\"738\" data-end=\"794\">\n<p data-start=\"740\" data-end=\"794\">szybkie, lekkie i precyzyjne sterowanie przerzutkami<\/p>\n<\/li>\n<li data-start=\"795\" data-end=\"828\">\n<p data-start=\"797\" data-end=\"828\">mocny i pewny uk\u0142ad hamowania<\/p>\n<\/li>\n<li data-start=\"829\" data-end=\"900\">\n<p data-start=\"831\" data-end=\"900\">wysoka jako\u015b\u0107 i minimalna waga charakterystyczna dla grupy Dura-Ace<\/p>\n<\/li>\n<\/ul>\n<p data-start=\"902\" data-end=\"986\"><strong data-start=\"902\" data-end=\"919\">Zastosowanie:<\/strong> TT \/ Triathlon \u2013 maksymalna aerodynamika, kontrola i niezawodno\u015b\u0107.<\/p>\n","protected":false},"excerpt":{"rendered":"<p>Shimano Dura-Ace ST-R9160 Di2 \u2013 zestaw klamkomanetek do czas\u00f3wki \/ triathlonu Shimano ST-R9160 to zaawansowane klamkomanetki Di2 stworzone specjalnie do kierownic czasowych i triathlonowych. Zapewniaj\u0105 pewne, mocne hamowanie w ka\u017cdej sytuacji oraz precyzyjn\u0105, b\u0142yskawiczn\u0105 zmian\u0119 prze\u0142o\u017ce\u0144 w systemie elektronicznym Di2.Ergonomiczny kszta\u0142t oraz kompaktowa konstrukcja sprawiaj\u0105, \u017ce idealnie integruj\u0105 si\u0119 z lemondkami, gwarantuj\u0105c wygod\u0119 oraz pe\u0142n\u0105&hellip;<\/p>\n","protected":false},"featured_media":7512,"comment_status":"open","ping_status":"closed","template":"","meta":[],"product_brand":[],"product_cat":[27,136,85,163],"product_tag":[],"class_list":{"0":"post-1197","1":"product","2":"type-product","3":"status-publish","4":"has-post-thumbnail","6":"product_cat-czesci-nowe","7":"product_cat-hamulce","8":"product_cat-outlet","9":"product_cat-triathlon","10":"product_shipping_class-mala-paczka","12":"first","13":"instock","14":"sale","15":"shipping-taxable","16":"purchasable","17":"product-type-simple"},"_links":{"self":[{"href":"https:\/\/bicycool.pl\/index.php?rest_route=\/wp\/v2\/product\/1197","targetHints":{"allow":["GET"]}}],"collection":[{"href":"https:\/\/bicycool.pl\/index.php?rest_route=\/wp\/v2\/product"}],"about":[{"href":"https:\/\/bicycool.pl\/index.php?rest_route=\/wp\/v2\/types\/product"}],"replies":[{"embeddable":true,"href":"https:\/\/bicycool.pl\/index.php?rest_route=%2Fwp%2Fv2%2Fcomments&post=1197"}],"wp:featuredmedia":[{"embeddable":true,"href":"https:\/\/bicycool.pl\/index.php?rest_route=\/wp\/v2\/media\/7512"}],"wp:attachment":[{"href":"https:\/\/bicycool.pl\/index.php?rest_route=%2Fwp%2Fv2%2Fmedia&parent=1197"}],"wp:term":[{"taxonomy":"product_brand","embeddable":true,"href":"https:\/\/bicycool.pl\/index.php?rest_route=%2Fwp%2Fv2%2Fproduct_brand&post=1197"},{"taxonomy":"product_cat","embeddable":true,"href":"https:\/\/bicycool.pl\/index.php?rest_route=%2Fwp%2Fv2%2Fproduct_cat&post=1197"},{"taxonomy":"product_tag","embeddable":true,"href":"https:\/\/bicycool.pl\/index.php?rest_route=%2Fwp%2Fv2%2Fproduct_tag&post=1197"}],"curies":[{"name":"wp","href":"https:\/\/api.w.org\/{rel}","templated":true}]}}