{"id":1218,"date":"2023-12-06T15:43:46","date_gmt":"2023-12-06T14:43:46","guid":{"rendered":"https:\/\/bicycool.pl\/?post_type=product&#038;p=1218"},"modified":"2023-12-06T16:01:19","modified_gmt":"2023-12-06T15:01:19","slug":"piasta-przod-shimano-105-hb-5501-32h-nos","status":"publish","type":"product","link":"https:\/\/bicycool.pl\/?product=piasta-przod-shimano-105-hb-5501-32h-nos","title":{"rendered":"Piasta Prz\u00f3d SHIMANO 105 HB-5501 32H NOS"},"content":{"rendered":"<h3 class=\"Product_product-title__BALAQ\">Piasta SHIMANO 105 HB-5501<\/h3>\n<ul>\n<li><strong>Prz\u00f3d<\/strong><\/li>\n<li><strong>Rodzaj hamulca<\/strong> &#8211; Obr\u0119czowy<\/li>\n<li><strong>Liczba otwor\u00f3w<\/strong>\u00a032<\/li>\n<li><strong>Kolor<\/strong> srebrny<\/li>\n<li><strong>Rozstaw<\/strong> 100mm<\/li>\n<li>Nowa, posiada delikatne ryski<\/li>\n<\/ul>\n","protected":false},"excerpt":{"rendered":"<p>Piasta SHIMANO 105 HB-5501 Prz\u00f3d Rodzaj hamulca &#8211; Obr\u0119czowy Liczba otwor\u00f3w\u00a032 Kolor srebrny Rozstaw 100mm Nowa, posiada delikatne ryski<\/p>\n","protected":false},"featured_media":1219,"comment_status":"open","ping_status":"closed","template":"","meta":[],"product_brand":[],"product_cat":[27,85,168],"product_tag":[],"class_list":{"0":"post-1218","1":"product","2":"type-product","3":"status-publish","4":"has-post-thumbnail","6":"product_cat-czesci-nowe","7":"product_cat-outlet","8":"product_cat-piasty","9":"product_shipping_class-mala-paczka","11":"first","12":"instock","13":"shipping-taxable","14":"purchasable","15":"product-type-simple"},"_links":{"self":[{"href":"https:\/\/bicycool.pl\/index.php?rest_route=\/wp\/v2\/product\/1218","targetHints":{"allow":["GET"]}}],"collection":[{"href":"https:\/\/bicycool.pl\/index.php?rest_route=\/wp\/v2\/product"}],"about":[{"href":"https:\/\/bicycool.pl\/index.php?rest_route=\/wp\/v2\/types\/product"}],"replies":[{"embeddable":true,"href":"https:\/\/bicycool.pl\/index.php?rest_route=%2Fwp%2Fv2%2Fcomments&post=1218"}],"wp:featuredmedia":[{"embeddable":true,"href":"https:\/\/bicycool.pl\/index.php?rest_route=\/wp\/v2\/media\/1219"}],"wp:attachment":[{"href":"https:\/\/bicycool.pl\/index.php?rest_route=%2Fwp%2Fv2%2Fmedia&parent=1218"}],"wp:term":[{"taxonomy":"product_brand","embeddable":true,"href":"https:\/\/bicycool.pl\/index.php?rest_route=%2Fwp%2Fv2%2Fproduct_brand&post=1218"},{"taxonomy":"product_cat","embeddable":true,"href":"https:\/\/bicycool.pl\/index.php?rest_route=%2Fwp%2Fv2%2Fproduct_cat&post=1218"},{"taxonomy":"product_tag","embeddable":true,"href":"https:\/\/bicycool.pl\/index.php?rest_route=%2Fwp%2Fv2%2Fproduct_tag&post=1218"}],"curies":[{"name":"wp","href":"https:\/\/api.w.org\/{rel}","templated":true}]}}