{"id":1259,"date":"2023-12-07T10:36:23","date_gmt":"2023-12-07T09:36:23","guid":{"rendered":"https:\/\/bicycool.pl\/?post_type=product&#038;p=1259"},"modified":"2023-12-07T10:42:10","modified_gmt":"2023-12-07T09:42:10","slug":"narzedziowka-sakwa-podsiodlowa-torebka-retro","status":"publish","type":"product","link":"https:\/\/bicycool.pl\/?product=narzedziowka-sakwa-podsiodlowa-torebka-retro","title":{"rendered":"NARZ\u0118DZI\u00d3WKA, sakwa podsiod\u0142owa, torebka, RETRO"},"content":{"rendered":"<h3>NARZ\u0118DZI\u00d3WKA pod siod\u0142o<\/h3>\n<ul>\n<li><strong>Ma\u0142a sakwa podsiod\u0142owa\u00a0<\/strong><\/li>\n<li><strong>Monta\u017c na paski<\/strong><\/li>\n<li><strong>Kolor<\/strong> &#8211; Czarny<\/li>\n<\/ul>\n<p>Ciekawe uzupe\u0142nienie roweru retro<\/p>\n","protected":false},"excerpt":{"rendered":"<p>NARZ\u0118DZI\u00d3WKA pod siod\u0142o Ma\u0142a sakwa podsiod\u0142owa\u00a0 Monta\u017c na paski Kolor &#8211; Czarny Ciekawe uzupe\u0142nienie roweru retro<\/p>\n","protected":false},"featured_media":1260,"comment_status":"open","ping_status":"closed","template":"","meta":[],"product_brand":[],"product_cat":[85,177],"product_tag":[],"class_list":{"0":"post-1259","1":"product","2":"type-product","3":"status-publish","4":"has-post-thumbnail","6":"product_cat-outlet","7":"product_cat-sakwy","8":"product_shipping_class-mala-paczka","10":"first","11":"instock","12":"shipping-taxable","13":"purchasable","14":"product-type-simple"},"_links":{"self":[{"href":"https:\/\/bicycool.pl\/index.php?rest_route=\/wp\/v2\/product\/1259","targetHints":{"allow":["GET"]}}],"collection":[{"href":"https:\/\/bicycool.pl\/index.php?rest_route=\/wp\/v2\/product"}],"about":[{"href":"https:\/\/bicycool.pl\/index.php?rest_route=\/wp\/v2\/types\/product"}],"replies":[{"embeddable":true,"href":"https:\/\/bicycool.pl\/index.php?rest_route=%2Fwp%2Fv2%2Fcomments&post=1259"}],"wp:featuredmedia":[{"embeddable":true,"href":"https:\/\/bicycool.pl\/index.php?rest_route=\/wp\/v2\/media\/1260"}],"wp:attachment":[{"href":"https:\/\/bicycool.pl\/index.php?rest_route=%2Fwp%2Fv2%2Fmedia&parent=1259"}],"wp:term":[{"taxonomy":"product_brand","embeddable":true,"href":"https:\/\/bicycool.pl\/index.php?rest_route=%2Fwp%2Fv2%2Fproduct_brand&post=1259"},{"taxonomy":"product_cat","embeddable":true,"href":"https:\/\/bicycool.pl\/index.php?rest_route=%2Fwp%2Fv2%2Fproduct_cat&post=1259"},{"taxonomy":"product_tag","embeddable":true,"href":"https:\/\/bicycool.pl\/index.php?rest_route=%2Fwp%2Fv2%2Fproduct_tag&post=1259"}],"curies":[{"name":"wp","href":"https:\/\/api.w.org\/{rel}","templated":true}]}}