{"id":1266,"date":"2023-12-07T10:51:11","date_gmt":"2023-12-07T09:51:11","guid":{"rendered":"https:\/\/bicycool.pl\/?post_type=product&#038;p=1266"},"modified":"2025-09-06T15:08:22","modified_gmt":"2025-09-06T13:08:22","slug":"lampka-przednia-giant-axa-blueline-30-e-bike-elektryczny","status":"publish","type":"product","link":"https:\/\/bicycool.pl\/?product=lampka-przednia-giant-axa-blueline-30-e-bike-elektryczny","title":{"rendered":"Lampka przednia GIANT AXA Blueline 30 e-bike Elektryczny"},"content":{"rendered":"<h3>Lampka przednia GIANT AXA Blueline 30 do roweru elektrycznego.<\/h3>\n<ul>\n<li>\u017bywotno\u015b\u0107 50.000 godzin<\/li>\n<li>Wbudowane \u015bwiat\u0142o odblaskowe<\/li>\n<li>Widoczne z boku<\/li>\n<li>czujnik \u015bwiat\u0142a dzie\u0144\/noc<\/li>\n<li>Steadylight &#8211; \u015bwiecenie przez 4 minuty na postoju<\/li>\n<li>kompaktowa budowa<\/li>\n<li>optymalne rozproszenie \u015bwiat\u0142a dzi\u0119ki specjalnej soczewce<\/li>\n<li>posiada w\u0142\u0105cznik<\/li>\n<li><strong>Produkt powystawowy <\/strong>opakowanie zast\u0119pcze. Mo\u017cliwe mikro ryski na obudowie.<\/li>\n<\/ul>\n","protected":false},"excerpt":{"rendered":"<p>Lampka przednia GIANT AXA Blueline 30 do roweru elektrycznego. \u017bywotno\u015b\u0107 50.000 godzin Wbudowane \u015bwiat\u0142o odblaskowe Widoczne z boku czujnik \u015bwiat\u0142a dzie\u0144\/noc Steadylight &#8211; \u015bwiecenie przez 4 minuty na postoju kompaktowa budowa optymalne rozproszenie \u015bwiat\u0142a dzi\u0119ki specjalnej soczewce posiada w\u0142\u0105cznik Produkt powystawowy opakowanie zast\u0119pcze. Mo\u017cliwe mikro ryski na obudowie.<\/p>\n","protected":false},"featured_media":1268,"comment_status":"open","ping_status":"closed","template":"","meta":[],"product_brand":[],"product_cat":[29,125,85],"product_tag":[135,128,132,126],"class_list":{"0":"post-1266","1":"product","2":"type-product","3":"status-publish","4":"has-post-thumbnail","6":"product_cat-akcesoria","7":"product_cat-oswietlenie","8":"product_cat-outlet","9":"product_tag-700lm","10":"product_tag-force","11":"product_tag-lampka","12":"product_tag-oswietlenie","13":"product_shipping_class-mala-paczka","15":"first","16":"instock","17":"sale","18":"shipping-taxable","19":"purchasable","20":"product-type-simple"},"_links":{"self":[{"href":"https:\/\/bicycool.pl\/index.php?rest_route=\/wp\/v2\/product\/1266","targetHints":{"allow":["GET"]}}],"collection":[{"href":"https:\/\/bicycool.pl\/index.php?rest_route=\/wp\/v2\/product"}],"about":[{"href":"https:\/\/bicycool.pl\/index.php?rest_route=\/wp\/v2\/types\/product"}],"replies":[{"embeddable":true,"href":"https:\/\/bicycool.pl\/index.php?rest_route=%2Fwp%2Fv2%2Fcomments&post=1266"}],"wp:featuredmedia":[{"embeddable":true,"href":"https:\/\/bicycool.pl\/index.php?rest_route=\/wp\/v2\/media\/1268"}],"wp:attachment":[{"href":"https:\/\/bicycool.pl\/index.php?rest_route=%2Fwp%2Fv2%2Fmedia&parent=1266"}],"wp:term":[{"taxonomy":"product_brand","embeddable":true,"href":"https:\/\/bicycool.pl\/index.php?rest_route=%2Fwp%2Fv2%2Fproduct_brand&post=1266"},{"taxonomy":"product_cat","embeddable":true,"href":"https:\/\/bicycool.pl\/index.php?rest_route=%2Fwp%2Fv2%2Fproduct_cat&post=1266"},{"taxonomy":"product_tag","embeddable":true,"href":"https:\/\/bicycool.pl\/index.php?rest_route=%2Fwp%2Fv2%2Fproduct_tag&post=1266"}],"curies":[{"name":"wp","href":"https:\/\/api.w.org\/{rel}","templated":true}]}}