{"id":1269,"date":"2023-12-07T11:01:56","date_gmt":"2023-12-07T10:01:56","guid":{"rendered":"https:\/\/bicycool.pl\/?post_type=product&#038;p=1269"},"modified":"2023-12-07T11:13:14","modified_gmt":"2023-12-07T10:13:14","slug":"koszyk-bidonu-cannondale-speed-c-niebieski","status":"publish","type":"product","link":"https:\/\/bicycool.pl\/?product=koszyk-bidonu-cannondale-speed-c-niebieski","title":{"rendered":"Koszyk bidonu Cannondale SPEED C niebieski"},"content":{"rendered":"<h3>Koszyk Cannondale SPEED C<\/h3>\n<ul>\n<li>Lekki i wytrzyma\u0142y koszyk na bidon ameryka\u0144skiej marki Cannondale<\/li>\n<li>Waga 45 g,<\/li>\n<li>Kolor NIEBIESKI z bia\u0142ym logo Cannondale<\/li>\n<\/ul>\n","protected":false},"excerpt":{"rendered":"<p>Koszyk Cannondale SPEED C Lekki i wytrzyma\u0142y koszyk na bidon ameryka\u0144skiej marki Cannondale Waga 45 g, Kolor NIEBIESKI z bia\u0142ym logo Cannondale<\/p>\n","protected":false},"featured_media":1270,"comment_status":"open","ping_status":"closed","template":"","meta":[],"product_brand":[],"product_cat":[29,160,85,163],"product_tag":[],"class_list":{"0":"post-1269","1":"product","2":"type-product","3":"status-publish","4":"has-post-thumbnail","6":"product_cat-akcesoria","7":"product_cat-bidony","8":"product_cat-outlet","9":"product_cat-triathlon","10":"product_shipping_class-mala-paczka","12":"first","13":"instock","14":"shipping-taxable","15":"purchasable","16":"product-type-simple"},"_links":{"self":[{"href":"https:\/\/bicycool.pl\/index.php?rest_route=\/wp\/v2\/product\/1269","targetHints":{"allow":["GET"]}}],"collection":[{"href":"https:\/\/bicycool.pl\/index.php?rest_route=\/wp\/v2\/product"}],"about":[{"href":"https:\/\/bicycool.pl\/index.php?rest_route=\/wp\/v2\/types\/product"}],"replies":[{"embeddable":true,"href":"https:\/\/bicycool.pl\/index.php?rest_route=%2Fwp%2Fv2%2Fcomments&post=1269"}],"wp:featuredmedia":[{"embeddable":true,"href":"https:\/\/bicycool.pl\/index.php?rest_route=\/wp\/v2\/media\/1270"}],"wp:attachment":[{"href":"https:\/\/bicycool.pl\/index.php?rest_route=%2Fwp%2Fv2%2Fmedia&parent=1269"}],"wp:term":[{"taxonomy":"product_brand","embeddable":true,"href":"https:\/\/bicycool.pl\/index.php?rest_route=%2Fwp%2Fv2%2Fproduct_brand&post=1269"},{"taxonomy":"product_cat","embeddable":true,"href":"https:\/\/bicycool.pl\/index.php?rest_route=%2Fwp%2Fv2%2Fproduct_cat&post=1269"},{"taxonomy":"product_tag","embeddable":true,"href":"https:\/\/bicycool.pl\/index.php?rest_route=%2Fwp%2Fv2%2Fproduct_tag&post=1269"}],"curies":[{"name":"wp","href":"https:\/\/api.w.org\/{rel}","templated":true}]}}