{"id":1294,"date":"2023-12-07T12:13:12","date_gmt":"2023-12-07T11:13:12","guid":{"rendered":"https:\/\/bicycool.pl\/?post_type=product&#038;p=1294"},"modified":"2023-12-07T12:14:45","modified_gmt":"2023-12-07T11:14:45","slug":"zapiecie-skladane-axa-toucan-120","status":"publish","type":"product","link":"https:\/\/bicycool.pl\/?product=zapiecie-skladane-axa-toucan-120","title":{"rendered":"Zapi\u0119cie sk\u0142adane AXA TOUCAN 120"},"content":{"rendered":"<h3 class=\"Product_product-title__BALAQ\">Zapi\u0119cie sk\u0142adane AXA TOUCAN 120<\/h3>\n<ul>\n<li><strong>\u00a0Indeks bezpiecze\u0144stwa<\/strong> 9<\/li>\n<li><strong>Materia\u0142<\/strong>\u00a0hartowana stal<\/li>\n<li><strong>\u0141atwy do zabrania ze sob\u0105\u00a0<\/strong><\/li>\n<li><b>Cylinder chroni\u0105cy przed brudem\u00a0<\/b><\/li>\n<li><strong>D\u0142ugo\u015b\u0107 <\/strong>120\u00a0cm<\/li>\n<li><strong>Uchwyt do ramy<\/strong><\/li>\n<li><strong>Produkt powystawowy<\/strong><\/li>\n<\/ul>\n","protected":false},"excerpt":{"rendered":"<p>Zapi\u0119cie sk\u0142adane AXA TOUCAN 120 \u00a0Indeks bezpiecze\u0144stwa 9 Materia\u0142\u00a0hartowana stal \u0141atwy do zabrania ze sob\u0105\u00a0 Cylinder chroni\u0105cy przed brudem\u00a0 D\u0142ugo\u015b\u0107 120\u00a0cm Uchwyt do ramy Produkt powystawowy<\/p>\n","protected":false},"featured_media":1295,"comment_status":"open","ping_status":"closed","template":"","meta":[],"product_brand":[],"product_cat":[29,85,181],"product_tag":[],"class_list":{"0":"post-1294","1":"product","2":"type-product","3":"status-publish","4":"has-post-thumbnail","6":"product_cat-akcesoria","7":"product_cat-outlet","8":"product_cat-zamkniecia","9":"product_shipping_class-mala-paczka","11":"first","12":"instock","13":"sale","14":"shipping-taxable","15":"purchasable","16":"product-type-simple"},"_links":{"self":[{"href":"https:\/\/bicycool.pl\/index.php?rest_route=\/wp\/v2\/product\/1294","targetHints":{"allow":["GET"]}}],"collection":[{"href":"https:\/\/bicycool.pl\/index.php?rest_route=\/wp\/v2\/product"}],"about":[{"href":"https:\/\/bicycool.pl\/index.php?rest_route=\/wp\/v2\/types\/product"}],"replies":[{"embeddable":true,"href":"https:\/\/bicycool.pl\/index.php?rest_route=%2Fwp%2Fv2%2Fcomments&post=1294"}],"wp:featuredmedia":[{"embeddable":true,"href":"https:\/\/bicycool.pl\/index.php?rest_route=\/wp\/v2\/media\/1295"}],"wp:attachment":[{"href":"https:\/\/bicycool.pl\/index.php?rest_route=%2Fwp%2Fv2%2Fmedia&parent=1294"}],"wp:term":[{"taxonomy":"product_brand","embeddable":true,"href":"https:\/\/bicycool.pl\/index.php?rest_route=%2Fwp%2Fv2%2Fproduct_brand&post=1294"},{"taxonomy":"product_cat","embeddable":true,"href":"https:\/\/bicycool.pl\/index.php?rest_route=%2Fwp%2Fv2%2Fproduct_cat&post=1294"},{"taxonomy":"product_tag","embeddable":true,"href":"https:\/\/bicycool.pl\/index.php?rest_route=%2Fwp%2Fv2%2Fproduct_tag&post=1294"}],"curies":[{"name":"wp","href":"https:\/\/api.w.org\/{rel}","templated":true}]}}