{"id":1312,"date":"2023-12-07T15:03:31","date_gmt":"2023-12-07T14:03:31","guid":{"rendered":"https:\/\/bicycool.pl\/?post_type=product&#038;p=1312"},"modified":"2023-12-21T11:36:45","modified_gmt":"2023-12-21T10:36:45","slug":"narzedzie-do-demontazu-biezni-sterow-tobe-crown-race-remover","status":"publish","type":"product","link":"https:\/\/bicycool.pl\/?product=narzedzie-do-demontazu-biezni-sterow-tobe-crown-race-remover","title":{"rendered":"Narz\u0119dzie do demonta\u017cu bie\u017cni ster\u00f3w TOBE Crown race remover"},"content":{"rendered":"<h3>TOBE Crown race remover<\/h3>\n<p>Narz\u0119dzie do demonta\u017cu bie\u017cni ster\u00f3w z rury sterowej widelca.<\/p>\n<p><strong>Kompatybilne rozmiary rury sterowej<\/strong> 1&#8243;, 1 1\/8&#8243;, 1 1\/2&#8243;<\/p>\n","protected":false},"excerpt":{"rendered":"<p>TOBE Crown race remover Narz\u0119dzie do demonta\u017cu bie\u017cni ster\u00f3w z rury sterowej widelca. Kompatybilne rozmiary rury sterowej 1&#8243;, 1 1\/8&#8243;, 1 1\/2&#8243;<\/p>\n","protected":false},"featured_media":1313,"comment_status":"open","ping_status":"closed","template":"","meta":[],"product_brand":[],"product_cat":[29,116],"product_tag":[],"class_list":{"0":"post-1312","1":"product","2":"type-product","3":"status-publish","4":"has-post-thumbnail","6":"product_cat-akcesoria","7":"product_cat-narzedzia","8":"product_shipping_class-mala-paczka","10":"first","11":"instock","12":"shipping-taxable","13":"purchasable","14":"product-type-simple"},"_links":{"self":[{"href":"https:\/\/bicycool.pl\/index.php?rest_route=\/wp\/v2\/product\/1312","targetHints":{"allow":["GET"]}}],"collection":[{"href":"https:\/\/bicycool.pl\/index.php?rest_route=\/wp\/v2\/product"}],"about":[{"href":"https:\/\/bicycool.pl\/index.php?rest_route=\/wp\/v2\/types\/product"}],"replies":[{"embeddable":true,"href":"https:\/\/bicycool.pl\/index.php?rest_route=%2Fwp%2Fv2%2Fcomments&post=1312"}],"wp:featuredmedia":[{"embeddable":true,"href":"https:\/\/bicycool.pl\/index.php?rest_route=\/wp\/v2\/media\/1313"}],"wp:attachment":[{"href":"https:\/\/bicycool.pl\/index.php?rest_route=%2Fwp%2Fv2%2Fmedia&parent=1312"}],"wp:term":[{"taxonomy":"product_brand","embeddable":true,"href":"https:\/\/bicycool.pl\/index.php?rest_route=%2Fwp%2Fv2%2Fproduct_brand&post=1312"},{"taxonomy":"product_cat","embeddable":true,"href":"https:\/\/bicycool.pl\/index.php?rest_route=%2Fwp%2Fv2%2Fproduct_cat&post=1312"},{"taxonomy":"product_tag","embeddable":true,"href":"https:\/\/bicycool.pl\/index.php?rest_route=%2Fwp%2Fv2%2Fproduct_tag&post=1312"}],"curies":[{"name":"wp","href":"https:\/\/api.w.org\/{rel}","templated":true}]}}