{"id":1314,"date":"2023-12-07T15:08:13","date_gmt":"2023-12-07T14:08:13","guid":{"rendered":"https:\/\/bicycool.pl\/?post_type=product&#038;p=1314"},"modified":"2025-12-22T17:18:54","modified_gmt":"2025-12-22T16:18:54","slug":"klucz-do-srub-tarcz-korby-pro","status":"publish","type":"product","link":"https:\/\/bicycool.pl\/?product=klucz-do-srub-tarcz-korby-pro","title":{"rendered":"Klucz do \u015brub tarcz \/ korby PRO"},"content":{"rendered":"<h3>Klucz do \u015brub tarcz PRO<\/h3>\n<p>Narz\u0119dzie z hartowanej stali do odkr\u0119cania \u015brub z\u0119batek korby. Dzi\u0119ki haczykowi zapobiega okr\u0119caniu podczas monta\u017cu lub demonta\u017cu \u015brub.<\/p>\n<ul>\n<li><strong>Materia\u0142 stal \/ guma<\/strong><\/li>\n<\/ul>\n","protected":false},"excerpt":{"rendered":"<p>Multitool<\/p>\n<p>&nbsp;<\/p>\n","protected":false},"featured_media":1316,"comment_status":"open","ping_status":"closed","template":"","meta":[],"product_brand":[],"product_cat":[29,116],"product_tag":[],"class_list":{"0":"post-1314","1":"product","2":"type-product","3":"status-publish","4":"has-post-thumbnail","6":"product_cat-akcesoria","7":"product_cat-narzedzia","8":"product_shipping_class-mala-paczka","10":"first","11":"instock","12":"shipping-taxable","13":"purchasable","14":"product-type-simple"},"_links":{"self":[{"href":"https:\/\/bicycool.pl\/index.php?rest_route=\/wp\/v2\/product\/1314","targetHints":{"allow":["GET"]}}],"collection":[{"href":"https:\/\/bicycool.pl\/index.php?rest_route=\/wp\/v2\/product"}],"about":[{"href":"https:\/\/bicycool.pl\/index.php?rest_route=\/wp\/v2\/types\/product"}],"replies":[{"embeddable":true,"href":"https:\/\/bicycool.pl\/index.php?rest_route=%2Fwp%2Fv2%2Fcomments&post=1314"}],"wp:featuredmedia":[{"embeddable":true,"href":"https:\/\/bicycool.pl\/index.php?rest_route=\/wp\/v2\/media\/1316"}],"wp:attachment":[{"href":"https:\/\/bicycool.pl\/index.php?rest_route=%2Fwp%2Fv2%2Fmedia&parent=1314"}],"wp:term":[{"taxonomy":"product_brand","embeddable":true,"href":"https:\/\/bicycool.pl\/index.php?rest_route=%2Fwp%2Fv2%2Fproduct_brand&post=1314"},{"taxonomy":"product_cat","embeddable":true,"href":"https:\/\/bicycool.pl\/index.php?rest_route=%2Fwp%2Fv2%2Fproduct_cat&post=1314"},{"taxonomy":"product_tag","embeddable":true,"href":"https:\/\/bicycool.pl\/index.php?rest_route=%2Fwp%2Fv2%2Fproduct_tag&post=1314"}],"curies":[{"name":"wp","href":"https:\/\/api.w.org\/{rel}","templated":true}]}}