{"id":1317,"date":"2023-12-07T15:13:24","date_gmt":"2023-12-07T14:13:24","guid":{"rendered":"https:\/\/bicycool.pl\/?post_type=product&#038;p=1317"},"modified":"2025-12-22T17:17:23","modified_gmt":"2025-12-22T16:17:23","slug":"klucz-do-wolnobiegu-tobe-2-pin","status":"publish","type":"product","link":"https:\/\/bicycool.pl\/?product=klucz-do-wolnobiegu-tobe-2-pin","title":{"rendered":"Klucz do wolnobiegu TOBE 2 pin"},"content":{"rendered":"<h3>Klucz do wolnobiegu TOBE<\/h3>\n<ul>\n<li><strong>Szeroko\u015b\u0107 po zewn\u0119trznej stronie pin\u00f3w<\/strong> 24mm<\/li>\n<li><strong>Szeroko\u015b\u0107 po wen\u0119trznej stronie pin\u00f3w<\/strong> 18mm<\/li>\n<li><strong>Szeroko\u015b\u0107 pinu<\/strong> 6,5mm<\/li>\n<\/ul>\n<p>&nbsp;<\/p>\n","protected":false},"excerpt":{"rendered":"<p>Multitool<\/p>\n<p>&nbsp;<\/p>\n","protected":false},"featured_media":1318,"comment_status":"open","ping_status":"closed","template":"","meta":[],"product_brand":[],"product_cat":[29,116],"product_tag":[],"class_list":{"0":"post-1317","1":"product","2":"type-product","3":"status-publish","4":"has-post-thumbnail","6":"product_cat-akcesoria","7":"product_cat-narzedzia","8":"product_shipping_class-mala-paczka","10":"first","11":"instock","12":"shipping-taxable","13":"purchasable","14":"product-type-simple"},"_links":{"self":[{"href":"https:\/\/bicycool.pl\/index.php?rest_route=\/wp\/v2\/product\/1317","targetHints":{"allow":["GET"]}}],"collection":[{"href":"https:\/\/bicycool.pl\/index.php?rest_route=\/wp\/v2\/product"}],"about":[{"href":"https:\/\/bicycool.pl\/index.php?rest_route=\/wp\/v2\/types\/product"}],"replies":[{"embeddable":true,"href":"https:\/\/bicycool.pl\/index.php?rest_route=%2Fwp%2Fv2%2Fcomments&post=1317"}],"wp:featuredmedia":[{"embeddable":true,"href":"https:\/\/bicycool.pl\/index.php?rest_route=\/wp\/v2\/media\/1318"}],"wp:attachment":[{"href":"https:\/\/bicycool.pl\/index.php?rest_route=%2Fwp%2Fv2%2Fmedia&parent=1317"}],"wp:term":[{"taxonomy":"product_brand","embeddable":true,"href":"https:\/\/bicycool.pl\/index.php?rest_route=%2Fwp%2Fv2%2Fproduct_brand&post=1317"},{"taxonomy":"product_cat","embeddable":true,"href":"https:\/\/bicycool.pl\/index.php?rest_route=%2Fwp%2Fv2%2Fproduct_cat&post=1317"},{"taxonomy":"product_tag","embeddable":true,"href":"https:\/\/bicycool.pl\/index.php?rest_route=%2Fwp%2Fv2%2Fproduct_tag&post=1317"}],"curies":[{"name":"wp","href":"https:\/\/api.w.org\/{rel}","templated":true}]}}