{"id":1332,"date":"2023-12-07T15:59:00","date_gmt":"2023-12-07T14:59:00","guid":{"rendered":"https:\/\/bicycool.pl\/?post_type=product&#038;p=1332"},"modified":"2023-12-07T16:02:43","modified_gmt":"2023-12-07T15:02:43","slug":"zegarek-sportowy-pulsometr-sigma-sport-pc-10-11","status":"publish","type":"product","link":"https:\/\/bicycool.pl\/?product=zegarek-sportowy-pulsometr-sigma-sport-pc-10-11","title":{"rendered":"Zegarek sportowy PULSOMETR SIGMA SPORT PC 10.11"},"content":{"rendered":"<h3>PULSOMETR SIGMA SPORT PC 10.11<\/h3>\n<ul>\n<li>Pasek na klatk\u0119 piersiow\u0105<\/li>\n<li>Strefy treningu &#8211; automatyczne obliczanie poszczeg\u00f3lnych stref<\/li>\n<li>\u015arednie t\u0119tno<\/li>\n<li>Licznik kalorii<\/li>\n<li>Czas treningu w danej strefie z wy\u015bwietleniem jego warto\u015bci procentowej<\/li>\n<li>Trening w 1 ustawianej indywidualnie strefie<\/li>\n<li>Wska\u017anik stref<\/li>\n<li>Alarm stref<\/li>\n<li>Wska\u017anik stanu baterii<\/li>\n<li>Tekst wy\u015bwietlany w 5 j\u0119zykach<\/li>\n<li>Wodoodporny<\/li>\n<\/ul>\n","protected":false},"excerpt":{"rendered":"<p>PULSOMETR SIGMA SPORT PC 10.11 Pasek na klatk\u0119 piersiow\u0105 Strefy treningu &#8211; automatyczne obliczanie poszczeg\u00f3lnych stref \u015arednie t\u0119tno Licznik kalorii Czas treningu w danej strefie z wy\u015bwietleniem jego warto\u015bci procentowej Trening w 1 ustawianej indywidualnie strefie Wska\u017anik stref Alarm stref Wska\u017anik stanu baterii Tekst wy\u015bwietlany w 5 j\u0119zykach Wodoodporny<\/p>\n","protected":false},"featured_media":1333,"comment_status":"open","ping_status":"closed","template":"","meta":[],"product_brand":[],"product_cat":[29,111,85],"product_tag":[],"class_list":{"0":"post-1332","1":"product","2":"type-product","3":"status-publish","4":"has-post-thumbnail","6":"product_cat-akcesoria","7":"product_cat-liczniki","8":"product_cat-outlet","9":"product_shipping_class-mala-paczka","11":"first","12":"instock","13":"sale","14":"shipping-taxable","15":"purchasable","16":"product-type-simple"},"_links":{"self":[{"href":"https:\/\/bicycool.pl\/index.php?rest_route=\/wp\/v2\/product\/1332","targetHints":{"allow":["GET"]}}],"collection":[{"href":"https:\/\/bicycool.pl\/index.php?rest_route=\/wp\/v2\/product"}],"about":[{"href":"https:\/\/bicycool.pl\/index.php?rest_route=\/wp\/v2\/types\/product"}],"replies":[{"embeddable":true,"href":"https:\/\/bicycool.pl\/index.php?rest_route=%2Fwp%2Fv2%2Fcomments&post=1332"}],"wp:featuredmedia":[{"embeddable":true,"href":"https:\/\/bicycool.pl\/index.php?rest_route=\/wp\/v2\/media\/1333"}],"wp:attachment":[{"href":"https:\/\/bicycool.pl\/index.php?rest_route=%2Fwp%2Fv2%2Fmedia&parent=1332"}],"wp:term":[{"taxonomy":"product_brand","embeddable":true,"href":"https:\/\/bicycool.pl\/index.php?rest_route=%2Fwp%2Fv2%2Fproduct_brand&post=1332"},{"taxonomy":"product_cat","embeddable":true,"href":"https:\/\/bicycool.pl\/index.php?rest_route=%2Fwp%2Fv2%2Fproduct_cat&post=1332"},{"taxonomy":"product_tag","embeddable":true,"href":"https:\/\/bicycool.pl\/index.php?rest_route=%2Fwp%2Fv2%2Fproduct_tag&post=1332"}],"curies":[{"name":"wp","href":"https:\/\/api.w.org\/{rel}","templated":true}]}}