{"id":1343,"date":"2023-12-08T10:59:49","date_gmt":"2023-12-08T09:59:49","guid":{"rendered":"https:\/\/bicycool.pl\/?post_type=product&#038;p=1343"},"modified":"2023-12-08T11:18:05","modified_gmt":"2023-12-08T10:18:05","slug":"siodelko-brooks-b67-s-brazowe","status":"publish","type":"product","link":"https:\/\/bicycool.pl\/?product=siodelko-brooks-b67-s-brazowe","title":{"rendered":"Siode\u0142ko BROOKS B67 S br\u0105zowe"},"content":{"rendered":"<h3>Siod\u0142o BROOKS BROOKS B.67 S<\/h3>\n<p>Siode\u0142ko BROOKS B67S reprezentuje ulepszon\u0105 wersj\u0119 kultowego modelu Brooks B66, pochodz\u0105cego od renomowanej brytyjskiej marki BROOKS. Wprowadzenie wersji B67 S\u00a0 datuje si\u0119 na rok 1927, kiedy to pierwszy raz pojawi\u0142a si\u0119 w ofercie. Aby zapewni\u0107 najwy\u017cszy komfort podczas jazdy, zastosowano klasyczne spr\u0119\u017cyny. Charakterystycznym elementem Siode\u0142ka BROOKS B67S\u00a0 jest pojedynczy czarny stela\u017c, harmonijnie po\u0142\u0105czony z nowoczesn\u0105 mikro-regulowan\u0105 podpor\u0105 siedziska.<\/p>\n<ul>\n<li><strong>Kolor<\/strong> br\u0105zowy Age postarzany<\/li>\n<li><strong>Przeznaczenie<\/strong> City &amp; Transport<\/li>\n<li><strong>Materia\u0142 pr\u0119t\u00f3w<\/strong> stal<\/li>\n<li><strong>Wymiary <\/strong>szeroko\u015b\u0107 210mm,\u00a0 d\u0142ugo\u015b\u0107 235mm<\/li>\n<li><strong>Made in England<\/strong><\/li>\n<li><strong>Stan<\/strong> Nieu\u017cywane, <strong>powystawowe<\/strong>. Posiada delikatne ryski i delikatny \u015blady po przymierzaniu.<\/li>\n<\/ul>\n<p>&nbsp;<\/p>\n<p>&nbsp;<\/p>\n","protected":false},"excerpt":{"rendered":"<p>Siod\u0142o BROOKS BROOKS B.67 S Siode\u0142ko BROOKS B67S reprezentuje ulepszon\u0105 wersj\u0119 kultowego modelu Brooks B66, pochodz\u0105cego od renomowanej brytyjskiej marki BROOKS. Wprowadzenie wersji B67 S\u00a0 datuje si\u0119 na rok 1927, kiedy to pierwszy raz pojawi\u0142a si\u0119 w ofercie. Aby zapewni\u0107 najwy\u017cszy komfort podczas jazdy, zastosowano klasyczne spr\u0119\u017cyny. Charakterystycznym elementem Siode\u0142ka BROOKS B67S\u00a0 jest pojedynczy czarny&hellip;<\/p>\n","protected":false},"featured_media":1345,"comment_status":"open","ping_status":"closed","template":"","meta":[],"product_brand":[],"product_cat":[27,85,113],"product_tag":[],"class_list":{"0":"post-1343","1":"product","2":"type-product","3":"status-publish","4":"has-post-thumbnail","6":"product_cat-czesci-nowe","7":"product_cat-outlet","8":"product_cat-siodelka","9":"product_shipping_class-mala-paczka","11":"first","12":"instock","13":"sale","14":"shipping-taxable","15":"purchasable","16":"product-type-simple"},"_links":{"self":[{"href":"https:\/\/bicycool.pl\/index.php?rest_route=\/wp\/v2\/product\/1343","targetHints":{"allow":["GET"]}}],"collection":[{"href":"https:\/\/bicycool.pl\/index.php?rest_route=\/wp\/v2\/product"}],"about":[{"href":"https:\/\/bicycool.pl\/index.php?rest_route=\/wp\/v2\/types\/product"}],"replies":[{"embeddable":true,"href":"https:\/\/bicycool.pl\/index.php?rest_route=%2Fwp%2Fv2%2Fcomments&post=1343"}],"wp:featuredmedia":[{"embeddable":true,"href":"https:\/\/bicycool.pl\/index.php?rest_route=\/wp\/v2\/media\/1345"}],"wp:attachment":[{"href":"https:\/\/bicycool.pl\/index.php?rest_route=%2Fwp%2Fv2%2Fmedia&parent=1343"}],"wp:term":[{"taxonomy":"product_brand","embeddable":true,"href":"https:\/\/bicycool.pl\/index.php?rest_route=%2Fwp%2Fv2%2Fproduct_brand&post=1343"},{"taxonomy":"product_cat","embeddable":true,"href":"https:\/\/bicycool.pl\/index.php?rest_route=%2Fwp%2Fv2%2Fproduct_cat&post=1343"},{"taxonomy":"product_tag","embeddable":true,"href":"https:\/\/bicycool.pl\/index.php?rest_route=%2Fwp%2Fv2%2Fproduct_tag&post=1343"}],"curies":[{"name":"wp","href":"https:\/\/api.w.org\/{rel}","templated":true}]}}