{"id":1357,"date":"2023-12-08T11:50:09","date_gmt":"2023-12-08T10:50:09","guid":{"rendered":"https:\/\/bicycool.pl\/?post_type=product&#038;p=1357"},"modified":"2023-12-08T12:03:39","modified_gmt":"2023-12-08T11:03:39","slug":"siodelko-selle-italia-daytona-retro-brazowe","status":"publish","type":"product","link":"https:\/\/bicycool.pl\/?product=siodelko-selle-italia-daytona-retro-brazowe","title":{"rendered":"Siode\u0142ko SELLE ITALIA DAYTONA Retro br\u0105zowe"},"content":{"rendered":"<h3>Siod\u0142o SELLE ITALIA DAYTONA<\/h3>\n<ul>\n<li><strong>Kolor<\/strong> jasnobr\u0105zowy<\/li>\n<li><strong>Przeznaczenie<\/strong> szosa \/ ostre ko\u0142o \/ miejski<\/li>\n<li><strong>Materia\u0142 pr\u0119t\u00f3w<\/strong> stal<\/li>\n<li><strong>Wymiary <\/strong>szeroko\u015b\u0107 145mm,\u00a0 d\u0142ugo\u015b\u0107 280mm<\/li>\n<\/ul>\n<p>&nbsp;<\/p>\n<p>&nbsp;<\/p>\n","protected":false},"excerpt":{"rendered":"<p>Siod\u0142o SELLE ITALIA DAYTONA Kolor jasnobr\u0105zowy Przeznaczenie szosa \/ ostre ko\u0142o \/ miejski Materia\u0142 pr\u0119t\u00f3w stal Wymiary szeroko\u015b\u0107 145mm,\u00a0 d\u0142ugo\u015b\u0107 280mm &nbsp; &nbsp;<\/p>\n","protected":false},"featured_media":1359,"comment_status":"open","ping_status":"closed","template":"","meta":[],"product_brand":[],"product_cat":[28],"product_tag":[],"class_list":{"0":"post-1357","1":"product","2":"type-product","3":"status-publish","4":"has-post-thumbnail","6":"product_cat-czesci-i-akcesoria-uzywane","7":"product_shipping_class-mala-paczka","9":"first","10":"instock","11":"shipping-taxable","12":"purchasable","13":"product-type-simple"},"_links":{"self":[{"href":"https:\/\/bicycool.pl\/index.php?rest_route=\/wp\/v2\/product\/1357","targetHints":{"allow":["GET"]}}],"collection":[{"href":"https:\/\/bicycool.pl\/index.php?rest_route=\/wp\/v2\/product"}],"about":[{"href":"https:\/\/bicycool.pl\/index.php?rest_route=\/wp\/v2\/types\/product"}],"replies":[{"embeddable":true,"href":"https:\/\/bicycool.pl\/index.php?rest_route=%2Fwp%2Fv2%2Fcomments&post=1357"}],"wp:featuredmedia":[{"embeddable":true,"href":"https:\/\/bicycool.pl\/index.php?rest_route=\/wp\/v2\/media\/1359"}],"wp:attachment":[{"href":"https:\/\/bicycool.pl\/index.php?rest_route=%2Fwp%2Fv2%2Fmedia&parent=1357"}],"wp:term":[{"taxonomy":"product_brand","embeddable":true,"href":"https:\/\/bicycool.pl\/index.php?rest_route=%2Fwp%2Fv2%2Fproduct_brand&post=1357"},{"taxonomy":"product_cat","embeddable":true,"href":"https:\/\/bicycool.pl\/index.php?rest_route=%2Fwp%2Fv2%2Fproduct_cat&post=1357"},{"taxonomy":"product_tag","embeddable":true,"href":"https:\/\/bicycool.pl\/index.php?rest_route=%2Fwp%2Fv2%2Fproduct_tag&post=1357"}],"curies":[{"name":"wp","href":"https:\/\/api.w.org\/{rel}","templated":true}]}}