{"id":1362,"date":"2023-12-08T12:04:07","date_gmt":"2023-12-08T11:04:07","guid":{"rendered":"https:\/\/bicycool.pl\/?post_type=product&#038;p=1362"},"modified":"2023-12-08T12:13:39","modified_gmt":"2023-12-08T11:13:39","slug":"siodelko-san-marco-integra-msa-due-rs-kevlar-nos","status":"publish","type":"product","link":"https:\/\/bicycool.pl\/?product=siodelko-san-marco-integra-msa-due-rs-kevlar-nos","title":{"rendered":"Siode\u0142ko SAN MARCO INTEGRA MSA DUE RS KEVLAR NOS"},"content":{"rendered":"<h3>Siod\u0142o SAN MARCO INTEGRA MSA DUE RS KEVLAR<\/h3>\n<p>San Marco Integra MSA Due RS Kevlar z <strong>1995<\/strong> roku to doskona\u0142e siode\u0142ko dla mi\u0142o\u015bnik\u00f3w retro MTB.<\/p>\n<ul>\n<li><strong>Kolor <\/strong>szaro &#8211; czarny<\/li>\n<li><strong>Przeznaczenie<\/strong> MTB<\/li>\n<li><strong>Wymiary <\/strong>szeroko\u015b\u0107 135mm,\u00a0 d\u0142ugo\u015b\u0107 270mm<\/li>\n<li>Siod\u0142o nieu\u017cywane (NOS) ma\u0142a ryska na materiale z przodu siode\u0142ka<\/li>\n<\/ul>\n<p>&nbsp;<\/p>\n<p>&nbsp;<\/p>\n","protected":false},"excerpt":{"rendered":"<p>Siod\u0142o SAN MARCO INTEGRA MSA DUE RS KEVLAR San Marco Integra MSA Due RS Kevlar z 1995 roku to doskona\u0142e siode\u0142ko dla mi\u0142o\u015bnik\u00f3w retro MTB. Kolor szaro &#8211; czarny Przeznaczenie MTB Wymiary szeroko\u015b\u0107 135mm,\u00a0 d\u0142ugo\u015b\u0107 270mm Siod\u0142o nieu\u017cywane (NOS) ma\u0142a ryska na materiale z przodu siode\u0142ka &nbsp; &nbsp;<\/p>\n","protected":false},"featured_media":1363,"comment_status":"open","ping_status":"closed","template":"","meta":[],"product_brand":[],"product_cat":[27,85,113],"product_tag":[],"class_list":{"0":"post-1362","1":"product","2":"type-product","3":"status-publish","4":"has-post-thumbnail","6":"product_cat-czesci-nowe","7":"product_cat-outlet","8":"product_cat-siodelka","9":"product_shipping_class-mala-paczka","11":"first","12":"instock","13":"shipping-taxable","14":"purchasable","15":"product-type-simple"},"_links":{"self":[{"href":"https:\/\/bicycool.pl\/index.php?rest_route=\/wp\/v2\/product\/1362","targetHints":{"allow":["GET"]}}],"collection":[{"href":"https:\/\/bicycool.pl\/index.php?rest_route=\/wp\/v2\/product"}],"about":[{"href":"https:\/\/bicycool.pl\/index.php?rest_route=\/wp\/v2\/types\/product"}],"replies":[{"embeddable":true,"href":"https:\/\/bicycool.pl\/index.php?rest_route=%2Fwp%2Fv2%2Fcomments&post=1362"}],"wp:featuredmedia":[{"embeddable":true,"href":"https:\/\/bicycool.pl\/index.php?rest_route=\/wp\/v2\/media\/1363"}],"wp:attachment":[{"href":"https:\/\/bicycool.pl\/index.php?rest_route=%2Fwp%2Fv2%2Fmedia&parent=1362"}],"wp:term":[{"taxonomy":"product_brand","embeddable":true,"href":"https:\/\/bicycool.pl\/index.php?rest_route=%2Fwp%2Fv2%2Fproduct_brand&post=1362"},{"taxonomy":"product_cat","embeddable":true,"href":"https:\/\/bicycool.pl\/index.php?rest_route=%2Fwp%2Fv2%2Fproduct_cat&post=1362"},{"taxonomy":"product_tag","embeddable":true,"href":"https:\/\/bicycool.pl\/index.php?rest_route=%2Fwp%2Fv2%2Fproduct_tag&post=1362"}],"curies":[{"name":"wp","href":"https:\/\/api.w.org\/{rel}","templated":true}]}}