{"id":137,"date":"2023-11-16T16:22:10","date_gmt":"2023-11-16T15:22:10","guid":{"rendered":"https:\/\/bicycool.pl\/?post_type=product&#038;p=137"},"modified":"2024-12-03T17:25:31","modified_gmt":"2024-12-03T16:25:31","slug":"137","status":"publish","type":"product","link":"https:\/\/bicycool.pl\/?product=137","title":{"rendered":"Kellys Soot 30"},"content":{"rendered":"<p><strong>Kellys Soot 30<\/strong><\/p>\n<ul>\n<li>\n<p class=\"spec__title\"><strong>RAMA<\/strong> KELLYS Gravel Concept Aluminium alloy Disc \/ tapered HT, flat mount, internal routing \/ 12 mm thru axle<\/p>\n<\/li>\n<li>\n<p class=\"spec__title\"><strong>WIDELEC<\/strong> KELLYS Carbon Disc, 1.5 tapered steerer \/ flat mount disc brake \/ 12 mm thru axle<\/p>\n<\/li>\n<li>\n<p class=\"spec__title\"><strong>KORBY<\/strong> SHIMANO Claris R2000 (50x34T) &#8211; length 170 mm (S &#8211; M), 175 mm (L &#8211; XL)<\/p>\n<\/li>\n<li>\n<p class=\"spec__title\"><strong>PRZERZUTKA TY\u0141<\/strong> SHIMANO Claris R2000 (direct mount)<\/p>\n<\/li>\n<li>\n<p class=\"spec__title\"><strong>PRZERZUTKA PRZ\u00d3D<\/strong> SHIMANO Claris R2000 (braze on)<\/p>\n<\/li>\n<li>\n<p class=\"spec__title\"><strong>MANETKI SHIMANO<\/strong> Claris ST-R2000 Dual Control<\/p>\n<\/li>\n<li>\n<p class=\"spec__title\"><strong>ILO\u015a\u0106 BIEG\u00d3W<\/strong> 16<\/p>\n<\/li>\n<li>\n<p class=\"spec__title\"><strong>KASETA<\/strong> SHIMANO CS-HG50-8 (11-32T)<\/p>\n<\/li>\n<li>\n<p class=\"spec__title\"><strong>\u0141A\u0143CUCH<\/strong> KMC Z8 (112 links)<\/p>\n<\/li>\n<li>\n<p class=\"spec__title\"><strong>HAMULCE<\/strong> TEKTRO Spyre Mechanical Disc<\/p>\n<\/li>\n<li>\n<p class=\"spec__title\"><strong>D\u017bWIGNIE HAMULCOWE<\/strong> SHIMANO Claris ST-R2000 Dual Control<\/p>\n<\/li>\n<li>\n<p class=\"spec__title\"><strong>TARCZE HAMULCOWE<\/strong> 160 mm front \/ 160 mm rear<\/p>\n<\/li>\n<li>\n<p class=\"spec__title\"><strong>PIASTY<\/strong> NOVATEC Disc (32 holes)<\/p>\n<\/li>\n<li>\n<p class=\"spec__title\"><strong>OBR\u0118CZE<\/strong> KELLYS Grind Disc 622&#215;17 (32 holes \/ eyelets)<\/p>\n<\/li>\n<li>\n<p class=\"spec__title\"><strong>SZPRYCHY<\/strong> stainless steel black<\/p>\n<\/li>\n<li>\n<p class=\"spec__title\"><strong>OPONY<\/strong> SCHWALBE Smart Sam Performance 42-622 (700x40C) ADDIX<\/p>\n<\/li>\n<li>\n<p class=\"spec__title\"><strong>STERY<\/strong> FSA 1.5 semi-integrated<\/p>\n<\/li>\n<li>\n<p class=\"spec__title\"><strong>SUPORT<\/strong> SHIMANO BB-RS500<\/p>\n<\/li>\n<li>\n<p class=\"spec__title\"><strong>O\u015a<\/strong> THRU AXLE Mr.control 12&#215;118 mm front \/ NOVATEC 12&#215;162 mm rear<\/p>\n<\/li>\n<li>\n<p class=\"spec__title\"><strong>WSPORNIK KIEROWNICY<\/strong> KLS Active<\/p>\n<\/li>\n<li>\n<p class=\"spec__title\"><strong>KIEROWNICA<\/strong> GravelBar &#8211; diam 31.8 mm<\/p>\n<\/li>\n<li>\n<p class=\"spec__title\"><strong>CHWYTY<\/strong> KLS bar tape<\/p>\n<\/li>\n<li>\n<p class=\"spec__title\"><strong>SZTYCA<\/strong> KLS Active Road &#8211; diam 30.9 mm<\/p>\n<\/li>\n<li>\n<p class=\"spec__title\"><strong>SIOD\u0141O<\/strong> WTB Volt<\/p>\n<\/li>\n<li>\n<p class=\"spec__title\"><strong>WAGA<\/strong> KG 10,84 (M)<\/p>\n<\/li>\n<\/ul>\n<p>&nbsp;<\/p>\n","protected":false},"excerpt":{"rendered":"<p>Kellys Soot 30 RAMA KELLYS Gravel Concept Aluminium alloy Disc \/ tapered HT, flat mount, internal routing \/ 12 mm thru axle WIDELEC KELLYS Carbon Disc, 1.5 tapered steerer \/ flat mount disc brake \/ 12 mm thru axle KORBY SHIMANO Claris R2000 (50x34T) &#8211; length 170 mm (S &#8211; M), 175 mm (L &#8211;&hellip;<\/p>\n","protected":false},"featured_media":138,"comment_status":"open","ping_status":"closed","template":"","meta":[],"product_brand":[],"product_cat":[44,26,23],"product_tag":[],"class_list":{"0":"post-137","1":"product","2":"type-product","3":"status-publish","4":"has-post-thumbnail","6":"product_cat-gravel","7":"product_cat-rowery-2","8":"product_cat-rowery","9":"product_shipping_class-rower","11":"first","12":"instock","13":"shipping-taxable","14":"purchasable","15":"product-type-variable"},"_links":{"self":[{"href":"https:\/\/bicycool.pl\/index.php?rest_route=\/wp\/v2\/product\/137","targetHints":{"allow":["GET"]}}],"collection":[{"href":"https:\/\/bicycool.pl\/index.php?rest_route=\/wp\/v2\/product"}],"about":[{"href":"https:\/\/bicycool.pl\/index.php?rest_route=\/wp\/v2\/types\/product"}],"replies":[{"embeddable":true,"href":"https:\/\/bicycool.pl\/index.php?rest_route=%2Fwp%2Fv2%2Fcomments&post=137"}],"wp:featuredmedia":[{"embeddable":true,"href":"https:\/\/bicycool.pl\/index.php?rest_route=\/wp\/v2\/media\/138"}],"wp:attachment":[{"href":"https:\/\/bicycool.pl\/index.php?rest_route=%2Fwp%2Fv2%2Fmedia&parent=137"}],"wp:term":[{"taxonomy":"product_brand","embeddable":true,"href":"https:\/\/bicycool.pl\/index.php?rest_route=%2Fwp%2Fv2%2Fproduct_brand&post=137"},{"taxonomy":"product_cat","embeddable":true,"href":"https:\/\/bicycool.pl\/index.php?rest_route=%2Fwp%2Fv2%2Fproduct_cat&post=137"},{"taxonomy":"product_tag","embeddable":true,"href":"https:\/\/bicycool.pl\/index.php?rest_route=%2Fwp%2Fv2%2Fproduct_tag&post=137"}],"curies":[{"name":"wp","href":"https:\/\/api.w.org\/{rel}","templated":true}]}}