{"id":1393,"date":"2023-12-08T13:35:10","date_gmt":"2023-12-08T12:35:10","guid":{"rendered":"https:\/\/bicycool.pl\/?post_type=product&#038;p=1393"},"modified":"2023-12-08T14:22:27","modified_gmt":"2023-12-08T13:22:27","slug":"siodelko-selle-san-marco-rnd","status":"publish","type":"product","link":"https:\/\/bicycool.pl\/?product=siodelko-selle-san-marco-rnd","title":{"rendered":"Siode\u0142ko SELLE SAN MARCO RND"},"content":{"rendered":"<h3>Siod\u0142o <strong>SELLE SAN MARCO\u00a0<\/strong>RND<\/h3>\n<p>To wysokiej jako\u015bci siod\u0142o z serii &#8222;RND&#8221; od SELLE SAN MARCO zachwyca komfortem, ochron\u0105 i nowoczesnym, sportowym wygl\u0105dem. Model w rozmiarze M o d\u0142ugo\u015bci 270 mm i szeroko\u015bci 140 mm.<\/p>\n<p>Siod\u0142o Allroad zosta\u0142o zaprojektowane z my\u015bl\u0105 o rowerzystach, kt\u00f3rzy lubi\u0105 porusza\u0107 si\u0119 w r\u00f3\u017cnych rodzajach terenu. Doskonale nadaje si\u0119 do optymalnego wyposa\u017cenia zar\u00f3wno rower\u00f3w szosowych, jak i g\u00f3rskich (MTB).<\/p>\n<p>Wyposa\u017cone w piank\u0119 o wysokiej g\u0119sto\u015bci i system zawieszenia ArcTech, siod\u0142o SELLE SAN MARCO RND przeznaczone do rower\u00f3w g\u00f3rskich i szosowych posiada odporn\u0105 plastikow\u0105 pow\u0142ok\u0119 bazow\u0105, skutecznie amortyzuj\u0105c\u0105 strefy kontaktu z cia\u0142em.<\/p>\n<p>Precyzyjnie wykonane stalowe pr\u0119ty z wyposa\u017con\u0105 w skal\u0119 osi\u0105 zapewnia wystarczaj\u0105c\u0105 stabilno\u015b\u0107.<\/p>\n<ul>\n<li><strong>Kolor <\/strong>Czarny<\/li>\n<li><strong>Przeznaczenie<\/strong> MTB \/ Szosa<\/li>\n<li><strong>Wymiary <\/strong>szeroko\u015b\u0107 140mm,\u00a0 d\u0142ugo\u015b\u0107 270mm<\/li>\n<li>Siod\u0142o nieu\u017cywane, posiada ryski na pr\u0119tach (zarysowania od przechowywania), ryska na materiale (materia\u0142 nie jest przetarty, na \u017cywo praktycznie nie widoczne)<\/li>\n<\/ul>\n<p>&nbsp;<\/p>\n<p>&nbsp;<\/p>\n","protected":false},"excerpt":{"rendered":"<p>Siod\u0142o SELLE SAN MARCO\u00a0RND To wysokiej jako\u015bci siod\u0142o z serii &#8222;RND&#8221; od SELLE SAN MARCO zachwyca komfortem, ochron\u0105 i nowoczesnym, sportowym wygl\u0105dem. Model w rozmiarze M o d\u0142ugo\u015bci 270 mm i szeroko\u015bci 140 mm. Siod\u0142o Allroad zosta\u0142o zaprojektowane z my\u015bl\u0105 o rowerzystach, kt\u00f3rzy lubi\u0105 porusza\u0107 si\u0119 w r\u00f3\u017cnych rodzajach terenu. Doskonale nadaje si\u0119 do optymalnego&hellip;<\/p>\n","protected":false},"featured_media":1394,"comment_status":"open","ping_status":"closed","template":"","meta":[],"product_brand":[],"product_cat":[27,85,113],"product_tag":[],"class_list":{"0":"post-1393","1":"product","2":"type-product","3":"status-publish","4":"has-post-thumbnail","6":"product_cat-czesci-nowe","7":"product_cat-outlet","8":"product_cat-siodelka","9":"product_shipping_class-mala-paczka","11":"first","12":"instock","13":"sale","14":"shipping-taxable","15":"purchasable","16":"product-type-simple"},"_links":{"self":[{"href":"https:\/\/bicycool.pl\/index.php?rest_route=\/wp\/v2\/product\/1393","targetHints":{"allow":["GET"]}}],"collection":[{"href":"https:\/\/bicycool.pl\/index.php?rest_route=\/wp\/v2\/product"}],"about":[{"href":"https:\/\/bicycool.pl\/index.php?rest_route=\/wp\/v2\/types\/product"}],"replies":[{"embeddable":true,"href":"https:\/\/bicycool.pl\/index.php?rest_route=%2Fwp%2Fv2%2Fcomments&post=1393"}],"wp:featuredmedia":[{"embeddable":true,"href":"https:\/\/bicycool.pl\/index.php?rest_route=\/wp\/v2\/media\/1394"}],"wp:attachment":[{"href":"https:\/\/bicycool.pl\/index.php?rest_route=%2Fwp%2Fv2%2Fmedia&parent=1393"}],"wp:term":[{"taxonomy":"product_brand","embeddable":true,"href":"https:\/\/bicycool.pl\/index.php?rest_route=%2Fwp%2Fv2%2Fproduct_brand&post=1393"},{"taxonomy":"product_cat","embeddable":true,"href":"https:\/\/bicycool.pl\/index.php?rest_route=%2Fwp%2Fv2%2Fproduct_cat&post=1393"},{"taxonomy":"product_tag","embeddable":true,"href":"https:\/\/bicycool.pl\/index.php?rest_route=%2Fwp%2Fv2%2Fproduct_tag&post=1393"}],"curies":[{"name":"wp","href":"https:\/\/api.w.org\/{rel}","templated":true}]}}