{"id":1424,"date":"2023-12-08T16:04:41","date_gmt":"2023-12-08T15:04:41","guid":{"rendered":"https:\/\/bicycool.pl\/?post_type=product&#038;p=1424"},"modified":"2023-12-08T16:07:06","modified_gmt":"2023-12-08T15:07:06","slug":"siodelko-selle-royal-scientia-moderate-m1","status":"publish","type":"product","link":"https:\/\/bicycool.pl\/?product=siodelko-selle-royal-scientia-moderate-m1","title":{"rendered":"Siode\u0142ko SELLE ROYAL Scientia Moderate M1 Unisex"},"content":{"rendered":"<h3>Siod\u0142o SELLE ROYAL Scientia Moderate M1<\/h3>\n<p>Siod\u0142o stworzone we wsp\u00f3\u0142pracy z Uniwersytetem Sportowym w Kolonii. Model naukowo dostosowany, by doskonale wpasowa\u0107 si\u0119 w potrzeby ka\u017cdego rowerzysty.<\/p>\n<p>Zaprojektowane specjalnie dla pozycji \u015brednio pochylonej (60 stopni), siod\u0142a s\u0105 uniwersalne pod wzgl\u0119dem p\u0142ci, z wyborem opartym na pozycji na rowerze oraz rozstawie ko\u015bci kulszowych:<\/p>\n<ol>\n<li><strong>Rozstaw ko\u015bci kulszowych: &lt; 11 cm &#8211; Small<\/strong><\/li>\n<li>Rozstaw ko\u015bci kulszowych: 11 &#8211; 13 cm &#8211; Medium<\/li>\n<li>Rozstaw ko\u015bci kulszowych: &gt; 13 cm &#8211; Large<\/li>\n<\/ol>\n<ul>\n<li><strong>Zastosowane technologie :<\/strong><\/li>\n<\/ul>\n<ol>\n<li style=\"list-style-type: none;\">\n<ol>\n<li><strong>3D SKIN GEL<\/strong> Komfortowy Royalgel\u2122 umieszczony w kluczowych punktach nacisku, zwi\u0119kszaj\u0105c absorpcj\u0119 wstrz\u0105s\u00f3w przy jednoczesnym zminimalizowaniu masy siod\u0142a.<\/li>\n<li><strong>CENTRAL RESEVOIR<\/strong> Specjalne zag\u0142\u0119bienie w \u015brodku siod\u0142a, dostosowane dla wy\u017cszego komfortu ko\u015bci kulszowych.<\/li>\n<li><strong>BODY CONTOUR<\/strong> Ergonomiczny promie\u0144 siod\u0142a, dostosowany do r\u00f3\u017cnych k\u0105t\u00f3w nachylenia kr\u0119gos\u0142upa, zapewnia optymalny komfort.<\/li>\n<li><strong>REAR PLATEAU<\/strong> Podwy\u017cszony ty\u0142 siod\u0142a zapobiega przesuwaniu si\u0119 do ty\u0142u, redukuj\u0105c nacisk w \u015brodkowej cz\u0119\u015bci, co eliminuje potencjalny dyskomfort.<\/li>\n<li><strong>CURVA SUSPENSION<\/strong>\u00a0Unikalna, zakrzywiona konstrukcja zawieszenia, przymocowana do tylnej cz\u0119\u015bci skorupy siod\u0142a, oferuje wyj\u0105tkowy komfort poprzez redukcj\u0119 nacisku na ko\u015b\u0107 ogonow\u0105 oraz dodatkow\u0105 boczn\u0105 elastyczno\u015b\u0107.<\/li>\n<\/ol>\n<\/li>\n<\/ol>\n<ul>\n<li><strong>Wymiary <\/strong>szeroko\u015b\u0107 141mm,\u00a0 d\u0142ugo\u015b\u0107 289mm<\/li>\n<\/ul>\n","protected":false},"excerpt":{"rendered":"<p>Siod\u0142o SELLE ROYAL Scientia Moderate M1 Siod\u0142o stworzone we wsp\u00f3\u0142pracy z Uniwersytetem Sportowym w Kolonii. Model naukowo dostosowany, by doskonale wpasowa\u0107 si\u0119 w potrzeby ka\u017cdego rowerzysty. Zaprojektowane specjalnie dla pozycji \u015brednio pochylonej (60 stopni), siod\u0142a s\u0105 uniwersalne pod wzgl\u0119dem p\u0142ci, z wyborem opartym na pozycji na rowerze oraz rozstawie ko\u015bci kulszowych: Rozstaw ko\u015bci kulszowych: &lt;&hellip;<\/p>\n","protected":false},"featured_media":1422,"comment_status":"open","ping_status":"closed","template":"","meta":[],"product_brand":[],"product_cat":[27,85,113],"product_tag":[],"class_list":{"0":"post-1424","1":"product","2":"type-product","3":"status-publish","4":"has-post-thumbnail","6":"product_cat-czesci-nowe","7":"product_cat-outlet","8":"product_cat-siodelka","9":"product_shipping_class-mala-paczka","11":"first","12":"instock","13":"sale","14":"shipping-taxable","15":"purchasable","16":"product-type-simple"},"_links":{"self":[{"href":"https:\/\/bicycool.pl\/index.php?rest_route=\/wp\/v2\/product\/1424","targetHints":{"allow":["GET"]}}],"collection":[{"href":"https:\/\/bicycool.pl\/index.php?rest_route=\/wp\/v2\/product"}],"about":[{"href":"https:\/\/bicycool.pl\/index.php?rest_route=\/wp\/v2\/types\/product"}],"replies":[{"embeddable":true,"href":"https:\/\/bicycool.pl\/index.php?rest_route=%2Fwp%2Fv2%2Fcomments&post=1424"}],"wp:featuredmedia":[{"embeddable":true,"href":"https:\/\/bicycool.pl\/index.php?rest_route=\/wp\/v2\/media\/1422"}],"wp:attachment":[{"href":"https:\/\/bicycool.pl\/index.php?rest_route=%2Fwp%2Fv2%2Fmedia&parent=1424"}],"wp:term":[{"taxonomy":"product_brand","embeddable":true,"href":"https:\/\/bicycool.pl\/index.php?rest_route=%2Fwp%2Fv2%2Fproduct_brand&post=1424"},{"taxonomy":"product_cat","embeddable":true,"href":"https:\/\/bicycool.pl\/index.php?rest_route=%2Fwp%2Fv2%2Fproduct_cat&post=1424"},{"taxonomy":"product_tag","embeddable":true,"href":"https:\/\/bicycool.pl\/index.php?rest_route=%2Fwp%2Fv2%2Fproduct_tag&post=1424"}],"curies":[{"name":"wp","href":"https:\/\/api.w.org\/{rel}","templated":true}]}}