{"id":1425,"date":"2023-12-08T16:06:38","date_gmt":"2023-12-08T15:06:38","guid":{"rendered":"https:\/\/bicycool.pl\/?post_type=product&#038;p=1425"},"modified":"2023-12-08T16:47:20","modified_gmt":"2023-12-08T15:47:20","slug":"siodelko-selle-royal-premium-athletic-dardo-unisex","status":"publish","type":"product","link":"https:\/\/bicycool.pl\/?product=siodelko-selle-royal-premium-athletic-dardo-unisex","title":{"rendered":"Siode\u0142ko Selle Royal Premium Athletic Dardo Unisex"},"content":{"rendered":"<h3>Selle Royal Premium Athletic Dardo<\/h3>\n<p>Selle Royal Premium Athletic Dardo to sportowe siode\u0142ko rowerowe, kt\u00f3re \u0142\u0105czy dynamik\u0119 jazdy z wyj\u0105tkowym komfortem. Dzi\u0119ki technologii Royalgel, redukuje punktowy nacisk o 40%, zapewniaj\u0105c niezr\u00f3wnany komfort nawet podczas intensywnej trasy. Dodatkowo, odporno\u015b\u0107 na wod\u0119, boczne os\u0142ony i ochraniacz nosa siod\u0142a zwi\u0119kszaj\u0105 trwa\u0142o\u015b\u0107. Wype\u0142nienie z mi\u0119kkiej pianki Foam Matrix i anatomiczne dopasowanie gwarantuj\u0105 wygod\u0119 i doskona\u0142\u0105 oddychalno\u015b\u0107. To siode\u0142ko to idealny wyb\u00f3r dla pasjonat\u00f3w sportowej jazdy, kt\u00f3rzy nie chc\u0105 rezygnowa\u0107 z luksusowego komfortu.<\/p>\n<ul>\n<li><strong>Wymiary <\/strong>szeroko\u015b\u0107 138mm,\u00a0 d\u0142ugo\u015b\u0107 297mm<\/li>\n<\/ul>\n","protected":false},"excerpt":{"rendered":"<p>Selle Royal Premium Athletic Dardo Selle Royal Premium Athletic Dardo to sportowe siode\u0142ko rowerowe, kt\u00f3re \u0142\u0105czy dynamik\u0119 jazdy z wyj\u0105tkowym komfortem. Dzi\u0119ki technologii Royalgel, redukuje punktowy nacisk o 40%, zapewniaj\u0105c niezr\u00f3wnany komfort nawet podczas intensywnej trasy. Dodatkowo, odporno\u015b\u0107 na wod\u0119, boczne os\u0142ony i ochraniacz nosa siod\u0142a zwi\u0119kszaj\u0105 trwa\u0142o\u015b\u0107. Wype\u0142nienie z mi\u0119kkiej pianki Foam Matrix i&hellip;<\/p>\n","protected":false},"featured_media":1426,"comment_status":"open","ping_status":"closed","template":"","meta":[],"product_brand":[],"product_cat":[27,113],"product_tag":[],"class_list":{"0":"post-1425","1":"product","2":"type-product","3":"status-publish","4":"has-post-thumbnail","6":"product_cat-czesci-nowe","7":"product_cat-siodelka","8":"product_shipping_class-mala-paczka","10":"first","11":"instock","12":"shipping-taxable","13":"purchasable","14":"product-type-simple"},"_links":{"self":[{"href":"https:\/\/bicycool.pl\/index.php?rest_route=\/wp\/v2\/product\/1425","targetHints":{"allow":["GET"]}}],"collection":[{"href":"https:\/\/bicycool.pl\/index.php?rest_route=\/wp\/v2\/product"}],"about":[{"href":"https:\/\/bicycool.pl\/index.php?rest_route=\/wp\/v2\/types\/product"}],"replies":[{"embeddable":true,"href":"https:\/\/bicycool.pl\/index.php?rest_route=%2Fwp%2Fv2%2Fcomments&post=1425"}],"wp:featuredmedia":[{"embeddable":true,"href":"https:\/\/bicycool.pl\/index.php?rest_route=\/wp\/v2\/media\/1426"}],"wp:attachment":[{"href":"https:\/\/bicycool.pl\/index.php?rest_route=%2Fwp%2Fv2%2Fmedia&parent=1425"}],"wp:term":[{"taxonomy":"product_brand","embeddable":true,"href":"https:\/\/bicycool.pl\/index.php?rest_route=%2Fwp%2Fv2%2Fproduct_brand&post=1425"},{"taxonomy":"product_cat","embeddable":true,"href":"https:\/\/bicycool.pl\/index.php?rest_route=%2Fwp%2Fv2%2Fproduct_cat&post=1425"},{"taxonomy":"product_tag","embeddable":true,"href":"https:\/\/bicycool.pl\/index.php?rest_route=%2Fwp%2Fv2%2Fproduct_tag&post=1425"}],"curies":[{"name":"wp","href":"https:\/\/api.w.org\/{rel}","templated":true}]}}