{"id":1455,"date":"2023-12-08T17:29:08","date_gmt":"2023-12-08T16:29:08","guid":{"rendered":"https:\/\/bicycool.pl\/?post_type=product&#038;p=1455"},"modified":"2023-12-08T17:32:48","modified_gmt":"2023-12-08T16:32:48","slug":"siodelko-rowerowe-dzieciece-selle-royal-ben","status":"publish","type":"product","link":"https:\/\/bicycool.pl\/?product=siodelko-rowerowe-dzieciece-selle-royal-ben","title":{"rendered":"Siode\u0142ko rowerowe DZIECI\u0118CE Selle Royal BEN"},"content":{"rendered":"<h3>Siode\u0142ko rowerowe Selle Royal 041<\/h3>\n<p>Siod\u0142o marki Selle Royal w stylu retro to doskona\u0142y wyb\u00f3r, szczeg\u00f3lnie je\u015bli je\u017adzisz na rowerze holenderskim. Jego klasyczny design doskonale komponuje si\u0119 z charakterystycznym stylem tego typu rower\u00f3w, dodaj\u0105c im uroku i autentycznego wygl\u0105du. Wybieraj\u0105c to siod\u0142o, nie tylko zyskujesz wygod\u0119 podczas jazdy, ale tak\u017ce podkre\u015blasz estetyk\u0119 roweru holenderskiego, sprawiaj\u0105c, \u017ce ka\u017cda przeja\u017cd\u017cka staje si\u0119 nie tylko praktycznym do\u015bwiadczeniem, ale r\u00f3wnie\u017c podr\u00f3\u017c\u0105 w czasie.<\/p>\n<ul>\n<li><strong>Pr\u0119ty<\/strong> stalowe<\/li>\n<li><strong>D\u0142ugo\u015b\u0107<\/strong> 235 mm<\/li>\n<li><strong>Szeroko\u015b\u0107<\/strong> 220 mm<\/li>\n<li><strong>Spr\u0119\u017cyny\u00a0<\/strong><\/li>\n<li><strong>Kolor<\/strong> czarny<\/li>\n<\/ul>\n<p>&nbsp;<\/p>\n<p>&nbsp;<\/p>\n","protected":false},"excerpt":{"rendered":"<p>Siode\u0142ko rowerowe Selle Royal 041 Siod\u0142o marki Selle Royal w stylu retro to doskona\u0142y wyb\u00f3r, szczeg\u00f3lnie je\u015bli je\u017adzisz na rowerze holenderskim. Jego klasyczny design doskonale komponuje si\u0119 z charakterystycznym stylem tego typu rower\u00f3w, dodaj\u0105c im uroku i autentycznego wygl\u0105du. Wybieraj\u0105c to siod\u0142o, nie tylko zyskujesz wygod\u0119 podczas jazdy, ale tak\u017ce podkre\u015blasz estetyk\u0119 roweru holenderskiego, sprawiaj\u0105c,&hellip;<\/p>\n","protected":false},"featured_media":1456,"comment_status":"open","ping_status":"closed","template":"","meta":[],"product_brand":[],"product_cat":[27,113],"product_tag":[],"class_list":{"0":"post-1455","1":"product","2":"type-product","3":"status-publish","4":"has-post-thumbnail","6":"product_cat-czesci-nowe","7":"product_cat-siodelka","8":"product_shipping_class-mala-paczka","10":"first","11":"instock","12":"shipping-taxable","13":"purchasable","14":"product-type-simple"},"_links":{"self":[{"href":"https:\/\/bicycool.pl\/index.php?rest_route=\/wp\/v2\/product\/1455","targetHints":{"allow":["GET"]}}],"collection":[{"href":"https:\/\/bicycool.pl\/index.php?rest_route=\/wp\/v2\/product"}],"about":[{"href":"https:\/\/bicycool.pl\/index.php?rest_route=\/wp\/v2\/types\/product"}],"replies":[{"embeddable":true,"href":"https:\/\/bicycool.pl\/index.php?rest_route=%2Fwp%2Fv2%2Fcomments&post=1455"}],"wp:featuredmedia":[{"embeddable":true,"href":"https:\/\/bicycool.pl\/index.php?rest_route=\/wp\/v2\/media\/1456"}],"wp:attachment":[{"href":"https:\/\/bicycool.pl\/index.php?rest_route=%2Fwp%2Fv2%2Fmedia&parent=1455"}],"wp:term":[{"taxonomy":"product_brand","embeddable":true,"href":"https:\/\/bicycool.pl\/index.php?rest_route=%2Fwp%2Fv2%2Fproduct_brand&post=1455"},{"taxonomy":"product_cat","embeddable":true,"href":"https:\/\/bicycool.pl\/index.php?rest_route=%2Fwp%2Fv2%2Fproduct_cat&post=1455"},{"taxonomy":"product_tag","embeddable":true,"href":"https:\/\/bicycool.pl\/index.php?rest_route=%2Fwp%2Fv2%2Fproduct_tag&post=1455"}],"curies":[{"name":"wp","href":"https:\/\/api.w.org\/{rel}","templated":true}]}}