{"id":1472,"date":"2023-12-11T13:09:55","date_gmt":"2023-12-11T12:09:55","guid":{"rendered":"https:\/\/bicycool.pl\/?post_type=product&#038;p=1472"},"modified":"2023-12-11T13:23:02","modified_gmt":"2023-12-11T12:23:02","slug":"sakwa-torba-na-bagaznik-batavus-wodoodporna","status":"publish","type":"product","link":"https:\/\/bicycool.pl\/?product=sakwa-torba-na-bagaznik-batavus-wodoodporna","title":{"rendered":"Sakwa, torba na baga\u017cnik BATAVUS wodoodporna"},"content":{"rendered":"<h3>Sakwa na baga\u017cnik BATAVUS<\/h3>\n<p>Wodoodporna sakwa Batavus. Sakw\u0119 montuje si\u0119 bezpo\u015brednio na baga\u017cniku, wpinaj\u0105c j\u0105 pod spr\u0119\u017cyn\u0119.<\/p>\n<ul>\n<li><strong>Monta\u017c <\/strong>na baga\u017cniku (baga\u017cnik ze spr\u0119\u017cyn\u0105)<\/li>\n<li><strong>Wymiar<\/strong> <strong>sakwy<\/strong> ok. 30x35x10cm<\/li>\n<li><strong>2 komory<\/strong><\/li>\n<li><strong>W komorze g\u0142\u00f3wnej dodatkowa wi\u0119ksza kieszonka na zamek oraz kieszonka na klucze \/ ma\u0142y telefon<\/strong><\/li>\n<li><strong>Posiada pasek na rami\u0119<\/strong><\/li>\n<li><strong>Kolor<\/strong>\u00a0 Czarny<\/li>\n<li><strong>Produkt powystawowy<\/strong><\/li>\n<\/ul>\n<p>&nbsp;<\/p>\n","protected":false},"excerpt":{"rendered":"<p>Sakwa na baga\u017cnik BATAVUS Wodoodporna sakwa Batavus. Sakw\u0119 montuje si\u0119 bezpo\u015brednio na baga\u017cniku, wpinaj\u0105c j\u0105 pod spr\u0119\u017cyn\u0119. Monta\u017c na baga\u017cniku (baga\u017cnik ze spr\u0119\u017cyn\u0105) Wymiar sakwy ok. 30x35x10cm 2 komory W komorze g\u0142\u00f3wnej dodatkowa wi\u0119ksza kieszonka na zamek oraz kieszonka na klucze \/ ma\u0142y telefon Posiada pasek na rami\u0119 Kolor\u00a0 Czarny Produkt powystawowy &nbsp;<\/p>\n","protected":false},"featured_media":1473,"comment_status":"open","ping_status":"closed","template":"","meta":[],"product_brand":[],"product_cat":[29,85,177],"product_tag":[],"class_list":{"0":"post-1472","1":"product","2":"type-product","3":"status-publish","4":"has-post-thumbnail","6":"product_cat-akcesoria","7":"product_cat-outlet","8":"product_cat-sakwy","9":"product_shipping_class-mala-paczka","11":"first","12":"instock","13":"sale","14":"shipping-taxable","15":"purchasable","16":"product-type-simple"},"_links":{"self":[{"href":"https:\/\/bicycool.pl\/index.php?rest_route=\/wp\/v2\/product\/1472","targetHints":{"allow":["GET"]}}],"collection":[{"href":"https:\/\/bicycool.pl\/index.php?rest_route=\/wp\/v2\/product"}],"about":[{"href":"https:\/\/bicycool.pl\/index.php?rest_route=\/wp\/v2\/types\/product"}],"replies":[{"embeddable":true,"href":"https:\/\/bicycool.pl\/index.php?rest_route=%2Fwp%2Fv2%2Fcomments&post=1472"}],"wp:featuredmedia":[{"embeddable":true,"href":"https:\/\/bicycool.pl\/index.php?rest_route=\/wp\/v2\/media\/1473"}],"wp:attachment":[{"href":"https:\/\/bicycool.pl\/index.php?rest_route=%2Fwp%2Fv2%2Fmedia&parent=1472"}],"wp:term":[{"taxonomy":"product_brand","embeddable":true,"href":"https:\/\/bicycool.pl\/index.php?rest_route=%2Fwp%2Fv2%2Fproduct_brand&post=1472"},{"taxonomy":"product_cat","embeddable":true,"href":"https:\/\/bicycool.pl\/index.php?rest_route=%2Fwp%2Fv2%2Fproduct_cat&post=1472"},{"taxonomy":"product_tag","embeddable":true,"href":"https:\/\/bicycool.pl\/index.php?rest_route=%2Fwp%2Fv2%2Fproduct_tag&post=1472"}],"curies":[{"name":"wp","href":"https:\/\/api.w.org\/{rel}","templated":true}]}}