{"id":1483,"date":"2023-12-11T13:38:25","date_gmt":"2023-12-11T12:38:25","guid":{"rendered":"https:\/\/bicycool.pl\/?post_type=product&#038;p=1483"},"modified":"2023-12-11T13:45:01","modified_gmt":"2023-12-11T12:45:01","slug":"sakwa-torba-na-kierownice-author-pod-stery-a-head","status":"publish","type":"product","link":"https:\/\/bicycool.pl\/?product=sakwa-torba-na-kierownice-author-pod-stery-a-head","title":{"rendered":"Sakwa, torba na kierownic\u0119 Author pod stery A-HEAD"},"content":{"rendered":"<h3>Torba na kierownic\u0119 Autho<\/h3>\n<p>Zestaw niewielkich torebek, \u0142atwo mocowanych specjalnym adapterem pod kapsel mostka. Dzi\u0119ki specjalnym zaczepom demonta\u017c staje si\u0119 szybki i prosty. Wytrzyma\u0142e na dzia\u0142anie wody, zapewniaj\u0105 bezpieczne przechowywanie Twoich rzeczy podczas jazdy. Pojemno\u015b\u0107 1,5L (2 x 0,75L) gwarantuje wystarczaj\u0105c\u0105 przestrze\u0144 na niezb\u0119dne drobiazgi.<\/p>\n<ul>\n<li><strong>Monta\u017c <\/strong>pod kapslem ster\u00f3w A-HEAD<\/li>\n<li><strong>Wymiar<\/strong> <strong>sakwy<\/strong> ok. 14x10x4cm<\/li>\n<li><strong>Kolor<\/strong>\u00a0Czarny<\/li>\n<\/ul>\n<p>&nbsp;<\/p>\n","protected":false},"excerpt":{"rendered":"<p>Torba na kierownic\u0119 Autho Zestaw niewielkich torebek, \u0142atwo mocowanych specjalnym adapterem pod kapsel mostka. Dzi\u0119ki specjalnym zaczepom demonta\u017c staje si\u0119 szybki i prosty. Wytrzyma\u0142e na dzia\u0142anie wody, zapewniaj\u0105 bezpieczne przechowywanie Twoich rzeczy podczas jazdy. Pojemno\u015b\u0107 1,5L (2 x 0,75L) gwarantuje wystarczaj\u0105c\u0105 przestrze\u0144 na niezb\u0119dne drobiazgi. Monta\u017c pod kapslem ster\u00f3w A-HEAD Wymiar sakwy ok. 14x10x4cm Kolor\u00a0Czarny&hellip;<\/p>\n","protected":false},"featured_media":1484,"comment_status":"open","ping_status":"closed","template":"","meta":[],"product_brand":[],"product_cat":[29,177],"product_tag":[],"class_list":{"0":"post-1483","1":"product","2":"type-product","3":"status-publish","4":"has-post-thumbnail","6":"product_cat-akcesoria","7":"product_cat-sakwy","8":"product_shipping_class-mala-paczka","10":"first","11":"instock","12":"shipping-taxable","13":"purchasable","14":"product-type-simple"},"_links":{"self":[{"href":"https:\/\/bicycool.pl\/index.php?rest_route=\/wp\/v2\/product\/1483","targetHints":{"allow":["GET"]}}],"collection":[{"href":"https:\/\/bicycool.pl\/index.php?rest_route=\/wp\/v2\/product"}],"about":[{"href":"https:\/\/bicycool.pl\/index.php?rest_route=\/wp\/v2\/types\/product"}],"replies":[{"embeddable":true,"href":"https:\/\/bicycool.pl\/index.php?rest_route=%2Fwp%2Fv2%2Fcomments&post=1483"}],"wp:featuredmedia":[{"embeddable":true,"href":"https:\/\/bicycool.pl\/index.php?rest_route=\/wp\/v2\/media\/1484"}],"wp:attachment":[{"href":"https:\/\/bicycool.pl\/index.php?rest_route=%2Fwp%2Fv2%2Fmedia&parent=1483"}],"wp:term":[{"taxonomy":"product_brand","embeddable":true,"href":"https:\/\/bicycool.pl\/index.php?rest_route=%2Fwp%2Fv2%2Fproduct_brand&post=1483"},{"taxonomy":"product_cat","embeddable":true,"href":"https:\/\/bicycool.pl\/index.php?rest_route=%2Fwp%2Fv2%2Fproduct_cat&post=1483"},{"taxonomy":"product_tag","embeddable":true,"href":"https:\/\/bicycool.pl\/index.php?rest_route=%2Fwp%2Fv2%2Fproduct_tag&post=1483"}],"curies":[{"name":"wp","href":"https:\/\/api.w.org\/{rel}","templated":true}]}}