{"id":1487,"date":"2023-12-11T13:48:45","date_gmt":"2023-12-11T12:48:45","guid":{"rendered":"https:\/\/bicycool.pl\/?post_type=product&#038;p=1487"},"modified":"2023-12-11T13:54:28","modified_gmt":"2023-12-11T12:54:28","slug":"sakwa-torba-na-rame-topeak-tri-drybag","status":"publish","type":"product","link":"https:\/\/bicycool.pl\/?product=sakwa-torba-na-rame-topeak-tri-drybag","title":{"rendered":"Sakwa, torba na ram\u0119 Topeak Tri DryBag"},"content":{"rendered":"<h3>Torba Topeak Tri DryBag<\/h3>\n<p>Wodoodporna Torba na ram\u0119, zawarto\u015b\u0107 zawsze pod r\u0119k\u0105, zawsze Bezpieczna! Mocowana przy wsporniku kierownicy, utrzymuje niezb\u0119dne rzeczy w zasi\u0119gu r\u0119ki. Wy\u015bcie\u0142ana komora g\u0142\u00f3wna skutecznie chroni zawarto\u015b\u0107, a zgrzewane szwy zapewniaj\u0105 doskona\u0142\u0105 ochron\u0119 przed wilgoci\u0105. Gotowa na ka\u017cd\u0105 pogod\u0119, gotowa na ka\u017cd\u0105 podr\u00f3\u017c!<\/p>\n<ul>\n<li><strong>Monta\u017c <\/strong>na g\u00f3rnej rurce, przed mostkiem.<\/li>\n<li><strong>Wymiar<\/strong> <strong>sakwy<\/strong> ok. 14.5&#215;4.7&#215;12.8 cm<\/li>\n<li><strong>Kolor<\/strong>\u00a0Czarny<\/li>\n<\/ul>\n<p>&nbsp;<\/p>\n","protected":false},"excerpt":{"rendered":"<p>Torba Topeak Tri DryBag Wodoodporna Torba na ram\u0119, zawarto\u015b\u0107 zawsze pod r\u0119k\u0105, zawsze Bezpieczna! Mocowana przy wsporniku kierownicy, utrzymuje niezb\u0119dne rzeczy w zasi\u0119gu r\u0119ki. Wy\u015bcie\u0142ana komora g\u0142\u00f3wna skutecznie chroni zawarto\u015b\u0107, a zgrzewane szwy zapewniaj\u0105 doskona\u0142\u0105 ochron\u0119 przed wilgoci\u0105. Gotowa na ka\u017cd\u0105 pogod\u0119, gotowa na ka\u017cd\u0105 podr\u00f3\u017c! Monta\u017c na g\u00f3rnej rurce, przed mostkiem. Wymiar sakwy ok.&hellip;<\/p>\n","protected":false},"featured_media":1488,"comment_status":"open","ping_status":"closed","template":"","meta":[],"product_brand":[],"product_cat":[29,177,163],"product_tag":[],"class_list":{"0":"post-1487","1":"product","2":"type-product","3":"status-publish","4":"has-post-thumbnail","6":"product_cat-akcesoria","7":"product_cat-sakwy","8":"product_cat-triathlon","9":"product_shipping_class-mala-paczka","11":"first","12":"instock","13":"shipping-taxable","14":"purchasable","15":"product-type-simple"},"_links":{"self":[{"href":"https:\/\/bicycool.pl\/index.php?rest_route=\/wp\/v2\/product\/1487","targetHints":{"allow":["GET"]}}],"collection":[{"href":"https:\/\/bicycool.pl\/index.php?rest_route=\/wp\/v2\/product"}],"about":[{"href":"https:\/\/bicycool.pl\/index.php?rest_route=\/wp\/v2\/types\/product"}],"replies":[{"embeddable":true,"href":"https:\/\/bicycool.pl\/index.php?rest_route=%2Fwp%2Fv2%2Fcomments&post=1487"}],"wp:featuredmedia":[{"embeddable":true,"href":"https:\/\/bicycool.pl\/index.php?rest_route=\/wp\/v2\/media\/1488"}],"wp:attachment":[{"href":"https:\/\/bicycool.pl\/index.php?rest_route=%2Fwp%2Fv2%2Fmedia&parent=1487"}],"wp:term":[{"taxonomy":"product_brand","embeddable":true,"href":"https:\/\/bicycool.pl\/index.php?rest_route=%2Fwp%2Fv2%2Fproduct_brand&post=1487"},{"taxonomy":"product_cat","embeddable":true,"href":"https:\/\/bicycool.pl\/index.php?rest_route=%2Fwp%2Fv2%2Fproduct_cat&post=1487"},{"taxonomy":"product_tag","embeddable":true,"href":"https:\/\/bicycool.pl\/index.php?rest_route=%2Fwp%2Fv2%2Fproduct_tag&post=1487"}],"curies":[{"name":"wp","href":"https:\/\/api.w.org\/{rel}","templated":true}]}}