{"id":1498,"date":"2023-12-11T14:43:42","date_gmt":"2023-12-11T13:43:42","guid":{"rendered":"https:\/\/bicycool.pl\/?post_type=product&#038;p=1498"},"modified":"2023-12-11T14:49:01","modified_gmt":"2023-12-11T13:49:01","slug":"u-lock-force-mini-9cmx87cm","status":"publish","type":"product","link":"https:\/\/bicycool.pl\/?product=u-lock-force-mini-9cmx87cm","title":{"rendered":"U-LOCK FORCE MINI 9cmx8,7cm"},"content":{"rendered":"<h3 class=\"Product_product-title__BALAQ\">U-LOCK FORCE MINI<\/h3>\n<p>Mini U-lock na szyfr to idealne rozwi\u0105zanie dla tych, kt\u00f3rzy szukaj\u0105 kompaktowego, ale skutecznego zabezpieczenia dla swojego roweru. Z d\u0142ugo\u015bci\u0105 ca\u0142kowit\u0105 9 cm i szeroko\u015bci\u0105 8,7 cm, ten niewielki u-lock oferuje praktyczno\u015b\u0107 i mobilno\u015b\u0107. Jego okr\u0105g\u0142e rami\u0119 o \u015brednicy 11 mm wykonane jest z wytrzyma\u0142ej stali, co zapewnia solidn\u0105 ochron\u0119 przed pr\u00f3bami kradzie\u017cy.<\/p>\n<p>Zamek szyfrowy o 4 cyfrach umo\u017cliwia \u0142atwe ustawienie i dostosowanie kombinacji wed\u0142ug w\u0142asnych preferencji, eliminuj\u0105c konieczno\u015b\u0107 noszenia dodatkowego klucza. Dodatkowym atutem tego mini U-locka jest brak uchwytu, co sprawia, \u017ce jest niezwykle por\u0119czny i \u0142atwy do przenoszenia. To doskona\u0142e rozwi\u0105zanie dla os\u00f3b, kt\u00f3re ceni\u0105 sobie mobilno\u015b\u0107 i efektywne zabezpieczenie swojego roweru.<\/p>\n<ul>\n<li><span class=\"JLqJ4b ChMk0b\" data-language-for-alternatives=\"pl\" data-language-to-translate-into=\"en\" data-phrase-index=\"2\"><strong>Wymiar<\/strong> 9&#215;8,7 cm<\/span><\/li>\n<li><span class=\"JLqJ4b ChMk0b\" data-language-for-alternatives=\"pl\" data-language-to-translate-into=\"en\" data-phrase-index=\"4\"><strong>\u015arednica okr\u0105g\u0142ego ramienia<\/strong> 11 mm<\/span><\/li>\n<li><strong><span class=\"JLqJ4b ChMk0b\" data-language-for-alternatives=\"pl\" data-language-to-translate-into=\"en\" data-phrase-index=\"6\">4 cyfrowy zamek szyfrowy<\/span><\/strong><\/li>\n<li><span class=\"JLqJ4b ChMk0b\" data-language-for-alternatives=\"pl\" data-language-to-translate-into=\"en\" data-phrase-index=\"8\"><strong>Materia\u0142<\/strong> stal<\/span><\/li>\n<li><span class=\"JLqJ4b ChMk0b\" data-language-for-alternatives=\"pl\" data-language-to-translate-into=\"en\" data-phrase-index=\"10\"><strong>Waga<\/strong> 232 g<\/span><\/li>\n<\/ul>\n","protected":false},"excerpt":{"rendered":"<p>U-LOCK FORCE MINI Mini U-lock na szyfr to idealne rozwi\u0105zanie dla tych, kt\u00f3rzy szukaj\u0105 kompaktowego, ale skutecznego zabezpieczenia dla swojego roweru. Z d\u0142ugo\u015bci\u0105 ca\u0142kowit\u0105 9 cm i szeroko\u015bci\u0105 8,7 cm, ten niewielki u-lock oferuje praktyczno\u015b\u0107 i mobilno\u015b\u0107. Jego okr\u0105g\u0142e rami\u0119 o \u015brednicy 11 mm wykonane jest z wytrzyma\u0142ej stali, co zapewnia solidn\u0105 ochron\u0119 przed pr\u00f3bami&hellip;<\/p>\n","protected":false},"featured_media":1499,"comment_status":"open","ping_status":"closed","template":"","meta":[],"product_brand":[],"product_cat":[29,181],"product_tag":[],"class_list":{"0":"post-1498","1":"product","2":"type-product","3":"status-publish","4":"has-post-thumbnail","6":"product_cat-akcesoria","7":"product_cat-zamkniecia","8":"product_shipping_class-mala-paczka","10":"first","11":"instock","12":"shipping-taxable","13":"purchasable","14":"product-type-simple"},"_links":{"self":[{"href":"https:\/\/bicycool.pl\/index.php?rest_route=\/wp\/v2\/product\/1498","targetHints":{"allow":["GET"]}}],"collection":[{"href":"https:\/\/bicycool.pl\/index.php?rest_route=\/wp\/v2\/product"}],"about":[{"href":"https:\/\/bicycool.pl\/index.php?rest_route=\/wp\/v2\/types\/product"}],"replies":[{"embeddable":true,"href":"https:\/\/bicycool.pl\/index.php?rest_route=%2Fwp%2Fv2%2Fcomments&post=1498"}],"wp:featuredmedia":[{"embeddable":true,"href":"https:\/\/bicycool.pl\/index.php?rest_route=\/wp\/v2\/media\/1499"}],"wp:attachment":[{"href":"https:\/\/bicycool.pl\/index.php?rest_route=%2Fwp%2Fv2%2Fmedia&parent=1498"}],"wp:term":[{"taxonomy":"product_brand","embeddable":true,"href":"https:\/\/bicycool.pl\/index.php?rest_route=%2Fwp%2Fv2%2Fproduct_brand&post=1498"},{"taxonomy":"product_cat","embeddable":true,"href":"https:\/\/bicycool.pl\/index.php?rest_route=%2Fwp%2Fv2%2Fproduct_cat&post=1498"},{"taxonomy":"product_tag","embeddable":true,"href":"https:\/\/bicycool.pl\/index.php?rest_route=%2Fwp%2Fv2%2Fproduct_tag&post=1498"}],"curies":[{"name":"wp","href":"https:\/\/api.w.org\/{rel}","templated":true}]}}