{"id":1503,"date":"2023-12-11T14:55:01","date_gmt":"2023-12-11T13:55:01","guid":{"rendered":"https:\/\/bicycool.pl\/?post_type=product&#038;p=1503"},"modified":"2023-12-11T14:55:34","modified_gmt":"2023-12-11T13:55:34","slug":"zapiecie-lancuchowe-force-100cm-10mm","status":"publish","type":"product","link":"https:\/\/bicycool.pl\/?product=zapiecie-lancuchowe-force-100cm-10mm","title":{"rendered":"Zapi\u0119cie \u0142a\u0144cuchowe FORCE 100CM\/10MM"},"content":{"rendered":"<h3 class=\"Product_product-title__BALAQ\">Zapi\u0119cie \u0142a\u0144cuchowe FORCE<\/h3>\n<p>Zapi\u0119cie \u0142a\u0144cuchowe to solidne rozwi\u0105zanie dla tych, kt\u00f3rzy poszukuj\u0105 skutecznego zabezpieczenia dla swojego roweru. Oferuje imponuj\u0105c\u0105 d\u0142ugo\u015b\u0107 \u0142a\u0144cucha wynosz\u0105c\u0105 100 cm, co pozwala na wygodne zabezpieczenie r\u00f3\u017cnych przedmiot\u00f3w. Ka\u017cde ogniwo \u0142a\u0144cucha mierzy 78 mm x 43 mm, a ich imponuj\u0105ca \u015brednica\/grubo\u015b\u0107 wynosi 10 mm, co \u015bwiadczy o solidnej konstrukcji.<\/p>\n<p>Zapi\u0119cie zamykane jest na klucz, a w zestawie znajduj\u0105 si\u0119 a\u017c 2 klucze, co zapewnia dodatkow\u0105 wygod\u0119 i bezpiecze\u0144stwo. Warto zauwa\u017cy\u0107, \u017ce \u0142a\u0144cuch posiada ochronn\u0105 pow\u0142ok\u0119 z tkaniny, co chroni przed zarysowaniami i innymi uszkodzeniami. Z ca\u0142kowit\u0105 wag\u0105 wynosz\u0105c\u0105 2000 g, to zapi\u0119cie \u0142a\u0144cuchowe to nie tylko solidne zabezpieczenie, ale tak\u017ce praktyczne narz\u0119dzie dla tych, kt\u00f3rzy ceni\u0105 sobie bezpiecze\u0144stwo swojego mienia.<\/p>\n<ul>\n<li><strong>Zapi\u0119cie \u0142a\u0144cuchowe w ochronnej pow\u0142oce z tkaniny<\/strong><\/li>\n<li><strong>D\u0142ugo\u015b\u0107<\/strong> 100 cm<\/li>\n<li><strong>Rozmiar ogniwa \u0142a\u0144cucha<\/strong> 78 mm x 43 mm<\/li>\n<li><strong>\u015arednica\/grubo\u015b\u0107 ogniwa \u0142a\u0144cucha<\/strong>\u00a010 mm<\/li>\n<li><strong>Zamykane na klucz, 2 klucze w zestawie<\/strong><\/li>\n<li><strong>Waga<\/strong> 2000 g<\/li>\n<\/ul>\n","protected":false},"excerpt":{"rendered":"<p>Zapi\u0119cie \u0142a\u0144cuchowe FORCE Zapi\u0119cie \u0142a\u0144cuchowe to solidne rozwi\u0105zanie dla tych, kt\u00f3rzy poszukuj\u0105 skutecznego zabezpieczenia dla swojego roweru. Oferuje imponuj\u0105c\u0105 d\u0142ugo\u015b\u0107 \u0142a\u0144cucha wynosz\u0105c\u0105 100 cm, co pozwala na wygodne zabezpieczenie r\u00f3\u017cnych przedmiot\u00f3w. Ka\u017cde ogniwo \u0142a\u0144cucha mierzy 78 mm x 43 mm, a ich imponuj\u0105ca \u015brednica\/grubo\u015b\u0107 wynosi 10 mm, co \u015bwiadczy o solidnej konstrukcji. Zapi\u0119cie zamykane jest&hellip;<\/p>\n","protected":false},"featured_media":1502,"comment_status":"open","ping_status":"closed","template":"","meta":[],"product_brand":[],"product_cat":[29,181],"product_tag":[],"class_list":{"0":"post-1503","1":"product","2":"type-product","3":"status-publish","4":"has-post-thumbnail","6":"product_cat-akcesoria","7":"product_cat-zamkniecia","8":"product_shipping_class-mala-paczka","10":"first","11":"instock","12":"shipping-taxable","13":"purchasable","14":"product-type-simple"},"_links":{"self":[{"href":"https:\/\/bicycool.pl\/index.php?rest_route=\/wp\/v2\/product\/1503","targetHints":{"allow":["GET"]}}],"collection":[{"href":"https:\/\/bicycool.pl\/index.php?rest_route=\/wp\/v2\/product"}],"about":[{"href":"https:\/\/bicycool.pl\/index.php?rest_route=\/wp\/v2\/types\/product"}],"replies":[{"embeddable":true,"href":"https:\/\/bicycool.pl\/index.php?rest_route=%2Fwp%2Fv2%2Fcomments&post=1503"}],"wp:featuredmedia":[{"embeddable":true,"href":"https:\/\/bicycool.pl\/index.php?rest_route=\/wp\/v2\/media\/1502"}],"wp:attachment":[{"href":"https:\/\/bicycool.pl\/index.php?rest_route=%2Fwp%2Fv2%2Fmedia&parent=1503"}],"wp:term":[{"taxonomy":"product_brand","embeddable":true,"href":"https:\/\/bicycool.pl\/index.php?rest_route=%2Fwp%2Fv2%2Fproduct_brand&post=1503"},{"taxonomy":"product_cat","embeddable":true,"href":"https:\/\/bicycool.pl\/index.php?rest_route=%2Fwp%2Fv2%2Fproduct_cat&post=1503"},{"taxonomy":"product_tag","embeddable":true,"href":"https:\/\/bicycool.pl\/index.php?rest_route=%2Fwp%2Fv2%2Fproduct_tag&post=1503"}],"curies":[{"name":"wp","href":"https:\/\/api.w.org\/{rel}","templated":true}]}}