{"id":1517,"date":"2023-12-11T15:39:46","date_gmt":"2023-12-11T14:39:46","guid":{"rendered":"https:\/\/bicycool.pl\/?post_type=product&#038;p=1517"},"modified":"2023-12-11T15:56:35","modified_gmt":"2023-12-11T14:56:35","slug":"uchwyt-do-telefonu-bbb-iphone-4-4s-retro-mtb","status":"publish","type":"product","link":"https:\/\/bicycool.pl\/?product=uchwyt-do-telefonu-bbb-iphone-4-4s-retro-mtb","title":{"rendered":"Uchwyt do telefonu BBB IPHONE 4\/4s  Retro MTB"},"content":{"rendered":"<h3 class=\"Product_product-title__BALAQ\">Uchwyt do telefonu BBB IPHONE 4\/4s<\/h3>\n<p>Przemie\u0144 sw\u00f3j iPhone 4 lub iPhone 4S w zaawansowany komputer rowerowy najwy\u017cszej klasy dzi\u0119ki temu zestawowi (iPhone nie jest cz\u0119\u015bci\u0105 zestawu). Zawiera os\u0142on\u0119 letni\u0105 i przeciwdeszczow\u0105, gwarantuj\u0105c optymaln\u0105 ochron\u0119 w zale\u017cno\u015bci od warunk\u00f3w atmosferycznych. Dzi\u0119ki za\u0142\u0105czonemu uchwytowi monta\u017cowemu BSM-91 PhoneFix, mo\u017cesz \u0142atwo zamontowa\u0107 komputer na kierownicy lub wsporniku kierownicy. Dodatkowa wk\u0142adka antyuderzeniowa na tyln\u0105 cz\u0119\u015b\u0107 zapewnia pe\u0142n\u0105 ochron\u0119 Twojego telefonu podczas jazdy. Przekszta\u0142\u0107 swoje iPhone w inteligentny kompana podczas rowerowych przyg\u00f3d z tym kompletnym zestawem.<\/p>\n<ul>\n<li><strong>Kompatybilno\u015b\u0107 <\/strong>iPhone 4 lub iPhone 4S<\/li>\n<li><strong>Materia\u0142<\/strong> poliw\u0119glanu<\/li>\n<li><strong>Silikonowa os\u0142ona absorbuj\u0105ca drgania<\/strong><\/li>\n<li><strong>Obejmuje os\u0142on\u0119 letni\u0105 i przeciwdeszczow\u0105<\/strong><\/li>\n<li><strong>Wk\u0142adka antyuderzeniowa dla dodatkowej ochrony<\/strong><\/li>\n<li><strong>Ochrona tylnego obiektywu telefonu<\/strong><\/li>\n<li><strong>Mo\u017cliwo\u015b\u0107 monta\u017cu horyzontalnie i wertykalnie<\/strong><\/li>\n<li><strong>Regulowany k\u0105t nachylenia<\/strong><\/li>\n<li><strong>Wyposa\u017cona w uchwyt monta\u017cowy BSM-91 PhoneFix<\/strong><\/li>\n<li>Opakowanie zast\u0119pcze<\/li>\n<\/ul>\n","protected":false},"excerpt":{"rendered":"<p>Uchwyt do telefonu BBB IPHONE 4\/4s Przemie\u0144 sw\u00f3j iPhone 4 lub iPhone 4S w zaawansowany komputer rowerowy najwy\u017cszej klasy dzi\u0119ki temu zestawowi (iPhone nie jest cz\u0119\u015bci\u0105 zestawu). Zawiera os\u0142on\u0119 letni\u0105 i przeciwdeszczow\u0105, gwarantuj\u0105c optymaln\u0105 ochron\u0119 w zale\u017cno\u015bci od warunk\u00f3w atmosferycznych. Dzi\u0119ki za\u0142\u0105czonemu uchwytowi monta\u017cowemu BSM-91 PhoneFix, mo\u017cesz \u0142atwo zamontowa\u0107 komputer na kierownicy lub wsporniku kierownicy.&hellip;<\/p>\n","protected":false},"featured_media":1518,"comment_status":"open","ping_status":"closed","template":"","meta":[],"product_brand":[],"product_cat":[29,85,186],"product_tag":[],"class_list":{"0":"post-1517","1":"product","2":"type-product","3":"status-publish","4":"has-post-thumbnail","6":"product_cat-akcesoria","7":"product_cat-outlet","8":"product_cat-uchwyty-na-rower","9":"product_shipping_class-mala-paczka","11":"first","12":"instock","13":"shipping-taxable","14":"purchasable","15":"product-type-simple"},"_links":{"self":[{"href":"https:\/\/bicycool.pl\/index.php?rest_route=\/wp\/v2\/product\/1517","targetHints":{"allow":["GET"]}}],"collection":[{"href":"https:\/\/bicycool.pl\/index.php?rest_route=\/wp\/v2\/product"}],"about":[{"href":"https:\/\/bicycool.pl\/index.php?rest_route=\/wp\/v2\/types\/product"}],"replies":[{"embeddable":true,"href":"https:\/\/bicycool.pl\/index.php?rest_route=%2Fwp%2Fv2%2Fcomments&post=1517"}],"wp:featuredmedia":[{"embeddable":true,"href":"https:\/\/bicycool.pl\/index.php?rest_route=\/wp\/v2\/media\/1518"}],"wp:attachment":[{"href":"https:\/\/bicycool.pl\/index.php?rest_route=%2Fwp%2Fv2%2Fmedia&parent=1517"}],"wp:term":[{"taxonomy":"product_brand","embeddable":true,"href":"https:\/\/bicycool.pl\/index.php?rest_route=%2Fwp%2Fv2%2Fproduct_brand&post=1517"},{"taxonomy":"product_cat","embeddable":true,"href":"https:\/\/bicycool.pl\/index.php?rest_route=%2Fwp%2Fv2%2Fproduct_cat&post=1517"},{"taxonomy":"product_tag","embeddable":true,"href":"https:\/\/bicycool.pl\/index.php?rest_route=%2Fwp%2Fv2%2Fproduct_tag&post=1517"}],"curies":[{"name":"wp","href":"https:\/\/api.w.org\/{rel}","templated":true}]}}