{"id":1538,"date":"2023-12-11T17:28:47","date_gmt":"2023-12-11T16:28:47","guid":{"rendered":"https:\/\/bicycool.pl\/?post_type=product&#038;p=1538"},"modified":"2023-12-11T17:30:34","modified_gmt":"2023-12-11T16:30:34","slug":"manetka-sram-x7-trigger-2s-lewa-2","status":"publish","type":"product","link":"https:\/\/bicycool.pl\/?product=manetka-sram-x7-trigger-2s-lewa-2","title":{"rendered":"Manetka Sram X7 TRIGGER 2s LEWA"},"content":{"rendered":"<h3 class=\"Product_product-title__BALAQ\">Manetka Sram X7 TRIGGER 2s<\/h3>\n<p>SRAM X7 to zaawansowana grupa komponent\u00f3w rowerowych, wyr\u00f3\u017cniaj\u0105ca si\u0119 doskona\u0142ym stosunkiem ceny do jako\u015bci. Manetka tej serii oferuje wyj\u0105tkowy komfort i szybkie zmiany bieg\u00f3w, co sprawia, \u017ce jazda staje si\u0119 p\u0142ynna i przyjemna.<\/p>\n<p>Dzi\u0119ki wysokiej ergonomii u\u017cytkowania, manetka SRAM X7 doskonale sprawdza si\u0119 podczas d\u0142ugich tras i intensywnych przejazd\u00f3w. Nowy model charakteryzuje si\u0119 zmienionym kszta\u0142tem oraz innowacyjnym mechanizmem ZeroLoss, kt\u00f3ry natychmiast uwalnia link\u0119 po wci\u015bni\u0119ciu d\u017awigni. To gwarantuje niezwykle efektywn\u0105 prac\u0119 manetki i przerzutki, a tak\u017ce p\u0142ynne i precyzyjne zmiany bieg\u00f3w. Manetki SRAM X7 s\u0105 zgodne ze standardem SRAM 1:1.<\/p>\n<ul>\n<li><strong>Liczba bieg\u00f3w <\/strong>2x10s<\/li>\n<li><strong>LEWA MANETKA 2s<\/strong><\/li>\n<li>Manetka nie u\u017cywana, zdemontowana z nowego roweru. Posiada zarysowania od z\u0142ego przechowywania!<\/li>\n<\/ul>\n","protected":false},"excerpt":{"rendered":"<p>Manetka Sram X7 TRIGGER 2s SRAM X7 to zaawansowana grupa komponent\u00f3w rowerowych, wyr\u00f3\u017cniaj\u0105ca si\u0119 doskona\u0142ym stosunkiem ceny do jako\u015bci. Manetka tej serii oferuje wyj\u0105tkowy komfort i szybkie zmiany bieg\u00f3w, co sprawia, \u017ce jazda staje si\u0119 p\u0142ynna i przyjemna. Dzi\u0119ki wysokiej ergonomii u\u017cytkowania, manetka SRAM X7 doskonale sprawdza si\u0119 podczas d\u0142ugich tras i intensywnych przejazd\u00f3w. Nowy&hellip;<\/p>\n","protected":false},"featured_media":1540,"comment_status":"open","ping_status":"closed","template":"","meta":[],"product_brand":[],"product_cat":[28],"product_tag":[],"class_list":{"0":"post-1538","1":"product","2":"type-product","3":"status-publish","4":"has-post-thumbnail","6":"product_cat-czesci-i-akcesoria-uzywane","7":"product_shipping_class-mala-paczka","9":"first","10":"instock","11":"shipping-taxable","12":"purchasable","13":"product-type-simple"},"_links":{"self":[{"href":"https:\/\/bicycool.pl\/index.php?rest_route=\/wp\/v2\/product\/1538","targetHints":{"allow":["GET"]}}],"collection":[{"href":"https:\/\/bicycool.pl\/index.php?rest_route=\/wp\/v2\/product"}],"about":[{"href":"https:\/\/bicycool.pl\/index.php?rest_route=\/wp\/v2\/types\/product"}],"replies":[{"embeddable":true,"href":"https:\/\/bicycool.pl\/index.php?rest_route=%2Fwp%2Fv2%2Fcomments&post=1538"}],"wp:featuredmedia":[{"embeddable":true,"href":"https:\/\/bicycool.pl\/index.php?rest_route=\/wp\/v2\/media\/1540"}],"wp:attachment":[{"href":"https:\/\/bicycool.pl\/index.php?rest_route=%2Fwp%2Fv2%2Fmedia&parent=1538"}],"wp:term":[{"taxonomy":"product_brand","embeddable":true,"href":"https:\/\/bicycool.pl\/index.php?rest_route=%2Fwp%2Fv2%2Fproduct_brand&post=1538"},{"taxonomy":"product_cat","embeddable":true,"href":"https:\/\/bicycool.pl\/index.php?rest_route=%2Fwp%2Fv2%2Fproduct_cat&post=1538"},{"taxonomy":"product_tag","embeddable":true,"href":"https:\/\/bicycool.pl\/index.php?rest_route=%2Fwp%2Fv2%2Fproduct_tag&post=1538"}],"curies":[{"name":"wp","href":"https:\/\/api.w.org\/{rel}","templated":true}]}}