{"id":1542,"date":"2023-12-11T17:31:02","date_gmt":"2023-12-11T16:31:02","guid":{"rendered":"https:\/\/bicycool.pl\/?post_type=product&#038;p=1542"},"modified":"2023-12-11T17:43:07","modified_gmt":"2023-12-11T16:43:07","slug":"manetka-sram-x-9-trigger-9s-prawa","status":"publish","type":"product","link":"https:\/\/bicycool.pl\/?product=manetka-sram-x-9-trigger-9s-prawa","title":{"rendered":"Manetka Sram X-9 TRIGGER 9s PRAWA"},"content":{"rendered":"<h3 class=\"Product_product-title__BALAQ\">Manetka Sram X-9 TRIGGER 9s<\/h3>\n<p>Manetka najwy\u017cszej jako\u015bci, zapewniaj\u0105ca komfortowe i b\u0142yskawiczne zmiany bieg\u00f3w. Jej ergonomiczny design gwarantuje wygod\u0119 u\u017cytkowania, a zastosowane technologie, takie jak Exact Actuation, zapewniaj\u0105 precyzyjne i stabilne zmiany bieg\u00f3w nawet w trudnych warunkach terenowych.<\/p>\n<p>Dzi\u0119ki technologii Exact Actuation ratio oraz Zero Loss Travel, manetka oferuje niezr\u00f3wnan\u0105 precyzj\u0119 dzia\u0142ania. Kompatybilna zar\u00f3wno z systemami Exact Actuation, oraz z tarczami X-Glide. Wykonana z wysokiej jako\u015bci aluminium i kompozytu, stanowi niezawodny element dla wymagaj\u0105cych rowerzyst\u00f3w.<\/p>\n<ul>\n<li><strong>Liczba bieg\u00f3w <\/strong>2\/3x9s<\/li>\n<li><strong>MANETKA PRAWA\u00a0<\/strong><\/li>\n<li><strong>Stan<\/strong> u\u017cywana<\/li>\n<\/ul>\n","protected":false},"excerpt":{"rendered":"<p>Manetka Sram X-9 TRIGGER 9s Manetka najwy\u017cszej jako\u015bci, zapewniaj\u0105ca komfortowe i b\u0142yskawiczne zmiany bieg\u00f3w. Jej ergonomiczny design gwarantuje wygod\u0119 u\u017cytkowania, a zastosowane technologie, takie jak Exact Actuation, zapewniaj\u0105 precyzyjne i stabilne zmiany bieg\u00f3w nawet w trudnych warunkach terenowych. Dzi\u0119ki technologii Exact Actuation ratio oraz Zero Loss Travel, manetka oferuje niezr\u00f3wnan\u0105 precyzj\u0119 dzia\u0142ania. Kompatybilna zar\u00f3wno z&hellip;<\/p>\n","protected":false},"featured_media":1544,"comment_status":"open","ping_status":"closed","template":"","meta":[],"product_brand":[],"product_cat":[28],"product_tag":[],"class_list":{"0":"post-1542","1":"product","2":"type-product","3":"status-publish","4":"has-post-thumbnail","6":"product_cat-czesci-i-akcesoria-uzywane","7":"product_shipping_class-mala-paczka","9":"first","10":"instock","11":"shipping-taxable","12":"purchasable","13":"product-type-simple"},"_links":{"self":[{"href":"https:\/\/bicycool.pl\/index.php?rest_route=\/wp\/v2\/product\/1542","targetHints":{"allow":["GET"]}}],"collection":[{"href":"https:\/\/bicycool.pl\/index.php?rest_route=\/wp\/v2\/product"}],"about":[{"href":"https:\/\/bicycool.pl\/index.php?rest_route=\/wp\/v2\/types\/product"}],"replies":[{"embeddable":true,"href":"https:\/\/bicycool.pl\/index.php?rest_route=%2Fwp%2Fv2%2Fcomments&post=1542"}],"wp:featuredmedia":[{"embeddable":true,"href":"https:\/\/bicycool.pl\/index.php?rest_route=\/wp\/v2\/media\/1544"}],"wp:attachment":[{"href":"https:\/\/bicycool.pl\/index.php?rest_route=%2Fwp%2Fv2%2Fmedia&parent=1542"}],"wp:term":[{"taxonomy":"product_brand","embeddable":true,"href":"https:\/\/bicycool.pl\/index.php?rest_route=%2Fwp%2Fv2%2Fproduct_brand&post=1542"},{"taxonomy":"product_cat","embeddable":true,"href":"https:\/\/bicycool.pl\/index.php?rest_route=%2Fwp%2Fv2%2Fproduct_cat&post=1542"},{"taxonomy":"product_tag","embeddable":true,"href":"https:\/\/bicycool.pl\/index.php?rest_route=%2Fwp%2Fv2%2Fproduct_tag&post=1542"}],"curies":[{"name":"wp","href":"https:\/\/api.w.org\/{rel}","templated":true}]}}