{"id":1621,"date":"2023-12-13T13:19:13","date_gmt":"2023-12-13T12:19:13","guid":{"rendered":"https:\/\/bicycool.pl\/?post_type=product&#038;p=1621"},"modified":"2023-12-13T13:33:21","modified_gmt":"2023-12-13T12:33:21","slug":"przedluzenie-dzwigni-hamulca-tektro-nos","status":"publish","type":"product","link":"https:\/\/bicycool.pl\/?product=przedluzenie-dzwigni-hamulca-tektro-nos","title":{"rendered":"Przed\u0142u\u017cenie d\u017awigni hamulca TEKTRO NOS"},"content":{"rendered":"<h3 class=\"Product_product-title__BALAQ\">TEKTRO Multi-position Brake Lever Extension<\/h3>\n<p>Przed\u0142u\u017cacz d\u017awigni hamulca Tektro, to lekki przed\u0142u\u017cacz z aluminium zapewniaj\u0105cy \u0142atw\u0105 instalacj\u0119 i kompatybilno\u015b\u0107 z r\u00f3\u017cnymi d\u017awigniami hamulca oraz ko\u0144c\u00f3wkami kierownicy. Tr\u00f3jpalczasta konstrukcja umo\u017cliwia \u0142atwe dostosowanie zasi\u0119gu d\u017awigni, zwi\u0119kszaj\u0105c komfort i pewno\u015b\u0107 obs\u0142ugi hamulca. Przed\u0142u\u017cacz jest idealny <strong>dla os\u00f3b je\u017cd\u017c\u0105cych z rogami kierownicy<\/strong>, dodaj\u0105c funkcjonalno\u015b\u0107 bez zb\u0119dnego obci\u0105\u017cenia roweru. Jego celem jest poprawa bezpiecze\u0144stwa i komfortu podczas jazdy, umo\u017cliwiaj\u0105c rowerzy\u015bcie lepsz\u0105 kontrol\u0119 nad hamulcami.<\/p>\n<ul>\n<li><strong>Kolor<\/strong> jasno fioletowy<\/li>\n<li><strong>Komplet <\/strong>prawa + lewa<\/li>\n<li><strong>NOS, Nieu\u017cywane<\/strong><\/li>\n<\/ul>\n","protected":false},"excerpt":{"rendered":"<p>TEKTRO Multi-position Brake Lever Extension Przed\u0142u\u017cacz d\u017awigni hamulca Tektro, to lekki przed\u0142u\u017cacz z aluminium zapewniaj\u0105cy \u0142atw\u0105 instalacj\u0119 i kompatybilno\u015b\u0107 z r\u00f3\u017cnymi d\u017awigniami hamulca oraz ko\u0144c\u00f3wkami kierownicy. Tr\u00f3jpalczasta konstrukcja umo\u017cliwia \u0142atwe dostosowanie zasi\u0119gu d\u017awigni, zwi\u0119kszaj\u0105c komfort i pewno\u015b\u0107 obs\u0142ugi hamulca. Przed\u0142u\u017cacz jest idealny dla os\u00f3b je\u017cd\u017c\u0105cych z rogami kierownicy, dodaj\u0105c funkcjonalno\u015b\u0107 bez zb\u0119dnego obci\u0105\u017cenia roweru. Jego&hellip;<\/p>\n","protected":false},"featured_media":1622,"comment_status":"open","ping_status":"closed","template":"","meta":[],"product_brand":[],"product_cat":[27,136,85],"product_tag":[],"class_list":{"0":"post-1621","1":"product","2":"type-product","3":"status-publish","4":"has-post-thumbnail","6":"product_cat-czesci-nowe","7":"product_cat-hamulce","8":"product_cat-outlet","9":"product_shipping_class-mala-paczka","11":"first","12":"instock","13":"shipping-taxable","14":"purchasable","15":"product-type-simple"},"_links":{"self":[{"href":"https:\/\/bicycool.pl\/index.php?rest_route=\/wp\/v2\/product\/1621","targetHints":{"allow":["GET"]}}],"collection":[{"href":"https:\/\/bicycool.pl\/index.php?rest_route=\/wp\/v2\/product"}],"about":[{"href":"https:\/\/bicycool.pl\/index.php?rest_route=\/wp\/v2\/types\/product"}],"replies":[{"embeddable":true,"href":"https:\/\/bicycool.pl\/index.php?rest_route=%2Fwp%2Fv2%2Fcomments&post=1621"}],"wp:featuredmedia":[{"embeddable":true,"href":"https:\/\/bicycool.pl\/index.php?rest_route=\/wp\/v2\/media\/1622"}],"wp:attachment":[{"href":"https:\/\/bicycool.pl\/index.php?rest_route=%2Fwp%2Fv2%2Fmedia&parent=1621"}],"wp:term":[{"taxonomy":"product_brand","embeddable":true,"href":"https:\/\/bicycool.pl\/index.php?rest_route=%2Fwp%2Fv2%2Fproduct_brand&post=1621"},{"taxonomy":"product_cat","embeddable":true,"href":"https:\/\/bicycool.pl\/index.php?rest_route=%2Fwp%2Fv2%2Fproduct_cat&post=1621"},{"taxonomy":"product_tag","embeddable":true,"href":"https:\/\/bicycool.pl\/index.php?rest_route=%2Fwp%2Fv2%2Fproduct_tag&post=1621"}],"curies":[{"name":"wp","href":"https:\/\/api.w.org\/{rel}","templated":true}]}}