{"id":1625,"date":"2023-12-13T13:34:06","date_gmt":"2023-12-13T12:34:06","guid":{"rendered":"https:\/\/bicycool.pl\/?post_type=product&#038;p=1625"},"modified":"2023-12-13T13:40:41","modified_gmt":"2023-12-13T12:40:41","slug":"hamulec-rolkowy-shimano-br-im31-r-tylny","status":"publish","type":"product","link":"https:\/\/bicycool.pl\/?product=hamulec-rolkowy-shimano-br-im31-r-tylny","title":{"rendered":"Hamulec rolkowy Shimano BR-IM31-R TYLNY"},"content":{"rendered":"<h3 class=\"Product_product-title__BALAQ\">Hamulec rolkowy Shimano BR-IM31-R<\/h3>\n<p>Hamulec rolkowy Shimano BR-IM31 R to doskona\u0142y wyb\u00f3r dla rower\u00f3w miejskich i turystycznych, zw\u0142aszcza z 3-biegowymi piastami Shimano Nexus. Kompatybilny r\u00f3wnie\u017c z piastami 7- i 8-biegowymi. Charakteryzuje si\u0119 niezwykle d\u0142ug\u0105 \u017cywotno\u015bci\u0105 i odporno\u015bci\u0105 na warunki atmosferyczne, zapewniaj\u0105c nie tylko skuteczne hamowanie, ale tak\u017ce trwa\u0142o\u015b\u0107. To ekonomiczne i niezawodne rozwi\u0105zanie dla rowerzyst\u00f3w ceni\u0105cych wydajno\u015b\u0107 w r\u00f3\u017cnych warunkach.<\/p>\n<ul>\n<li><b>TY\u0141<\/b><\/li>\n<li><strong>Kompatybilne piasty<\/strong> Nexus 3, Nexus 7, Nexus 8<\/li>\n<li><strong>Stan <\/strong>u\u017cywany<\/li>\n<\/ul>\n","protected":false},"excerpt":{"rendered":"<p>Hamulec rolkowy Shimano BR-IM31-R Hamulec rolkowy Shimano BR-IM31 R to doskona\u0142y wyb\u00f3r dla rower\u00f3w miejskich i turystycznych, zw\u0142aszcza z 3-biegowymi piastami Shimano Nexus. Kompatybilny r\u00f3wnie\u017c z piastami 7- i 8-biegowymi. Charakteryzuje si\u0119 niezwykle d\u0142ug\u0105 \u017cywotno\u015bci\u0105 i odporno\u015bci\u0105 na warunki atmosferyczne, zapewniaj\u0105c nie tylko skuteczne hamowanie, ale tak\u017ce trwa\u0142o\u015b\u0107. To ekonomiczne i niezawodne rozwi\u0105zanie dla rowerzyst\u00f3w&hellip;<\/p>\n","protected":false},"featured_media":1626,"comment_status":"open","ping_status":"closed","template":"","meta":[],"product_brand":[],"product_cat":[27,136,85],"product_tag":[],"class_list":{"0":"post-1625","1":"product","2":"type-product","3":"status-publish","4":"has-post-thumbnail","6":"product_cat-czesci-nowe","7":"product_cat-hamulce","8":"product_cat-outlet","9":"product_shipping_class-mala-paczka","11":"first","12":"instock","13":"shipping-taxable","14":"purchasable","15":"product-type-simple"},"_links":{"self":[{"href":"https:\/\/bicycool.pl\/index.php?rest_route=\/wp\/v2\/product\/1625","targetHints":{"allow":["GET"]}}],"collection":[{"href":"https:\/\/bicycool.pl\/index.php?rest_route=\/wp\/v2\/product"}],"about":[{"href":"https:\/\/bicycool.pl\/index.php?rest_route=\/wp\/v2\/types\/product"}],"replies":[{"embeddable":true,"href":"https:\/\/bicycool.pl\/index.php?rest_route=%2Fwp%2Fv2%2Fcomments&post=1625"}],"wp:featuredmedia":[{"embeddable":true,"href":"https:\/\/bicycool.pl\/index.php?rest_route=\/wp\/v2\/media\/1626"}],"wp:attachment":[{"href":"https:\/\/bicycool.pl\/index.php?rest_route=%2Fwp%2Fv2%2Fmedia&parent=1625"}],"wp:term":[{"taxonomy":"product_brand","embeddable":true,"href":"https:\/\/bicycool.pl\/index.php?rest_route=%2Fwp%2Fv2%2Fproduct_brand&post=1625"},{"taxonomy":"product_cat","embeddable":true,"href":"https:\/\/bicycool.pl\/index.php?rest_route=%2Fwp%2Fv2%2Fproduct_cat&post=1625"},{"taxonomy":"product_tag","embeddable":true,"href":"https:\/\/bicycool.pl\/index.php?rest_route=%2Fwp%2Fv2%2Fproduct_tag&post=1625"}],"curies":[{"name":"wp","href":"https:\/\/api.w.org\/{rel}","templated":true}]}}