{"id":166,"date":"2023-11-17T00:53:29","date_gmt":"2023-11-16T23:53:29","guid":{"rendered":"https:\/\/bicycool.pl\/?post_type=product&#038;p=166"},"modified":"2023-11-17T17:26:40","modified_gmt":"2023-11-17T16:26:40","slug":"zestaw-e-bike-city","status":"publish","type":"product","link":"https:\/\/bicycool.pl\/?product=zestaw-e-bike-city","title":{"rendered":"Zestaw e-bike CITY"},"content":{"rendered":"<h3><strong>W zestawie:<\/strong><\/h3>\n<p><strong>Ko\u0142o<\/strong> <strong>z silnikiem przek\u0142adniowym<\/strong> 500w<\/p>\n<p><strong>Bateria<\/strong> baga\u017cnikowa 13ah<\/p>\n<p><strong>\u0141adowarka<\/strong><\/p>\n<p><strong>Wy\u015bwietlacz<\/strong> LCD4<\/p>\n<p><strong>Sterownik do zestawu<\/strong><\/p>\n<p><strong>Akcesoria do monta\u017cu<\/strong><\/p>\n<p><strong>Przed zakupem skontaktuj si\u0119 z naszym serwisem w celu pomocy przy doborze odpowiedniego zestawu.<\/strong><\/p>\n","protected":false},"excerpt":{"rendered":"<p>Zestaw e-bike do roweru miejskiego lub trekkingowego.<\/p>\n<p>Maksymalna pr\u0119dko\u015b\u0107 &#8211; 35km\/h<\/p>\n<p>Maksymalny zasi\u0119g &#8211; 80km<\/p>\n","protected":false},"featured_media":167,"comment_status":"open","ping_status":"closed","template":"","meta":[],"product_brand":[],"product_cat":[32],"product_tag":[33,35,34],"class_list":{"0":"post-166","1":"product","2":"type-product","3":"status-publish","4":"has-post-thumbnail","6":"product_cat-przerobka-na-e-bike","7":"product_tag-e-bike","8":"product_tag-elektryfikacja","9":"product_tag-rower-elektryczny","10":"product_shipping_class-rower","12":"first","13":"onbackorder","14":"shipping-taxable","15":"purchasable","16":"product-type-simple"},"_links":{"self":[{"href":"https:\/\/bicycool.pl\/index.php?rest_route=\/wp\/v2\/product\/166","targetHints":{"allow":["GET"]}}],"collection":[{"href":"https:\/\/bicycool.pl\/index.php?rest_route=\/wp\/v2\/product"}],"about":[{"href":"https:\/\/bicycool.pl\/index.php?rest_route=\/wp\/v2\/types\/product"}],"replies":[{"embeddable":true,"href":"https:\/\/bicycool.pl\/index.php?rest_route=%2Fwp%2Fv2%2Fcomments&post=166"}],"wp:featuredmedia":[{"embeddable":true,"href":"https:\/\/bicycool.pl\/index.php?rest_route=\/wp\/v2\/media\/167"}],"wp:attachment":[{"href":"https:\/\/bicycool.pl\/index.php?rest_route=%2Fwp%2Fv2%2Fmedia&parent=166"}],"wp:term":[{"taxonomy":"product_brand","embeddable":true,"href":"https:\/\/bicycool.pl\/index.php?rest_route=%2Fwp%2Fv2%2Fproduct_brand&post=166"},{"taxonomy":"product_cat","embeddable":true,"href":"https:\/\/bicycool.pl\/index.php?rest_route=%2Fwp%2Fv2%2Fproduct_cat&post=166"},{"taxonomy":"product_tag","embeddable":true,"href":"https:\/\/bicycool.pl\/index.php?rest_route=%2Fwp%2Fv2%2Fproduct_tag&post=166"}],"curies":[{"name":"wp","href":"https:\/\/api.w.org\/{rel}","templated":true}]}}