{"id":1669,"date":"2023-12-13T17:06:42","date_gmt":"2023-12-13T16:06:42","guid":{"rendered":"https:\/\/bicycool.pl\/?post_type=product&#038;p=1669"},"modified":"2023-12-13T17:12:43","modified_gmt":"2023-12-13T16:12:43","slug":"piasta-przod-shimano-deore-lx-hb-t675-32h-centerlock","status":"publish","type":"product","link":"https:\/\/bicycool.pl\/?product=piasta-przod-shimano-deore-lx-hb-t675-32h-centerlock","title":{"rendered":"Piasta prz\u00f3d Shimano DEORE LX HB-T675 32H Centerlock"},"content":{"rendered":"<h3 class=\"Product_product-title__BALAQ\">Piasta SHIMANO DEORE LX HB-T675<\/h3>\n<p>Piasta przednia Deore LX do hamulc\u00f3w tarczowych to idealny wyb\u00f3r dla rowerzyst\u00f3w trekkingowych. Jej solidna konstrukcja, podw\u00f3jne uszczelnienie i lekko\u015b\u0107 pracy sprawiaj\u0105, \u017ce doskonale sprawdzi si\u0119 w trudnych warunkach atmosferycznych podczas d\u0142ugich wypraw. G\u0142adko tocz\u0105ce si\u0119 \u0142o\u017cyska i sto\u017ckowe \u0142o\u017cyska kulkowe zapewniaj\u0105 p\u0142ynn\u0105 jazd\u0119, a du\u017ca trwa\u0142o\u015b\u0107 gwarantuje niezawodno\u015b\u0107 w r\u00f3\u017cnorodnych warunkach terenowych. \u0141atwa konserwacja sprawia, \u017ce piasta jest \u0142atwa w obs\u0142udze, nawet w trakcie podr\u00f3\u017cy. Dzi\u0119ki tym cechom, Deore LX to nie tylko solidne rozwi\u0105zanie dla ekstremalnych podr\u00f3\u017cy, ale tak\u017ce idealne do codziennych przeja\u017cd\u017cek po lokalnych trasach.<\/p>\n<ul>\n<li><strong>Prz\u00f3d<\/strong><\/li>\n<li><strong>Rodzaj hamulca<\/strong> &#8211; Tarczowy \/ Centerlock<\/li>\n<li><strong>Liczba otwor\u00f3w<\/strong> 32<\/li>\n<li><strong>Kolor<\/strong> srebrny<\/li>\n<li><strong>Rozstaw<\/strong> 100mm<\/li>\n<li><strong>Zacisk w zestawie\u00a0<\/strong><\/li>\n<\/ul>\n","protected":false},"excerpt":{"rendered":"<p>Piasta SHIMANO DEORE LX HB-T675 Piasta przednia Deore LX do hamulc\u00f3w tarczowych to idealny wyb\u00f3r dla rowerzyst\u00f3w trekkingowych. Jej solidna konstrukcja, podw\u00f3jne uszczelnienie i lekko\u015b\u0107 pracy sprawiaj\u0105, \u017ce doskonale sprawdzi si\u0119 w trudnych warunkach atmosferycznych podczas d\u0142ugich wypraw. G\u0142adko tocz\u0105ce si\u0119 \u0142o\u017cyska i sto\u017ckowe \u0142o\u017cyska kulkowe zapewniaj\u0105 p\u0142ynn\u0105 jazd\u0119, a du\u017ca trwa\u0142o\u015b\u0107 gwarantuje niezawodno\u015b\u0107 w&hellip;<\/p>\n","protected":false},"featured_media":1670,"comment_status":"open","ping_status":"closed","template":"","meta":[],"product_brand":[],"product_cat":[27,85,168],"product_tag":[],"class_list":{"0":"post-1669","1":"product","2":"type-product","3":"status-publish","4":"has-post-thumbnail","6":"product_cat-czesci-nowe","7":"product_cat-outlet","8":"product_cat-piasty","9":"product_shipping_class-mala-paczka","11":"first","12":"instock","13":"shipping-taxable","14":"purchasable","15":"product-type-simple"},"_links":{"self":[{"href":"https:\/\/bicycool.pl\/index.php?rest_route=\/wp\/v2\/product\/1669","targetHints":{"allow":["GET"]}}],"collection":[{"href":"https:\/\/bicycool.pl\/index.php?rest_route=\/wp\/v2\/product"}],"about":[{"href":"https:\/\/bicycool.pl\/index.php?rest_route=\/wp\/v2\/types\/product"}],"replies":[{"embeddable":true,"href":"https:\/\/bicycool.pl\/index.php?rest_route=%2Fwp%2Fv2%2Fcomments&post=1669"}],"wp:featuredmedia":[{"embeddable":true,"href":"https:\/\/bicycool.pl\/index.php?rest_route=\/wp\/v2\/media\/1670"}],"wp:attachment":[{"href":"https:\/\/bicycool.pl\/index.php?rest_route=%2Fwp%2Fv2%2Fmedia&parent=1669"}],"wp:term":[{"taxonomy":"product_brand","embeddable":true,"href":"https:\/\/bicycool.pl\/index.php?rest_route=%2Fwp%2Fv2%2Fproduct_brand&post=1669"},{"taxonomy":"product_cat","embeddable":true,"href":"https:\/\/bicycool.pl\/index.php?rest_route=%2Fwp%2Fv2%2Fproduct_cat&post=1669"},{"taxonomy":"product_tag","embeddable":true,"href":"https:\/\/bicycool.pl\/index.php?rest_route=%2Fwp%2Fv2%2Fproduct_tag&post=1669"}],"curies":[{"name":"wp","href":"https:\/\/api.w.org\/{rel}","templated":true}]}}