{"id":1676,"date":"2023-12-13T17:18:27","date_gmt":"2023-12-13T16:18:27","guid":{"rendered":"https:\/\/bicycool.pl\/?post_type=product&#038;p=1676"},"modified":"2023-12-13T17:31:02","modified_gmt":"2023-12-13T16:31:02","slug":"komplet-piast-mozzo-anteriore-xsiv-disc-36h-retro-mtb","status":"publish","type":"product","link":"https:\/\/bicycool.pl\/?product=komplet-piast-mozzo-anteriore-xsiv-disc-36h-retro-mtb","title":{"rendered":"KOMPLET Piast MOZZO ANTERIORE XSIV DISC 36H Retro MTB"},"content":{"rendered":"<h3 class=\"Product_product-title__BALAQ\">Komplet piast MOZZO ANTERIORE XSIV\u00a0 made in ITALY<\/h3>\n<ul>\n<li><strong>Prz\u00f3d + Ty\u0142<\/strong><\/li>\n<li><strong>Rodzaj hamulca<\/strong> &#8211; Tarczowy \/ 6 \u015br\u00f3b<\/li>\n<li><strong>Liczba otwor\u00f3w<\/strong> 36<\/li>\n<li><strong>Kolor <\/strong>czarny<\/li>\n<li><strong>Rozstaw<\/strong> 100mm \/ 135mm<\/li>\n<li><strong>\u0141o\u017cyska maszynowe<\/strong><\/li>\n<li><strong>Zaciski w zestawie\u00a0<\/strong><\/li>\n<\/ul>\n","protected":false},"excerpt":{"rendered":"<p>Komplet piast MOZZO ANTERIORE XSIV\u00a0 made in ITALY Prz\u00f3d + Ty\u0142 Rodzaj hamulca &#8211; Tarczowy \/ 6 \u015br\u00f3b Liczba otwor\u00f3w 36 Kolor czarny Rozstaw 100mm \/ 135mm \u0141o\u017cyska maszynowe Zaciski w zestawie\u00a0<\/p>\n","protected":false},"featured_media":1677,"comment_status":"open","ping_status":"closed","template":"","meta":[],"product_brand":[],"product_cat":[27,85,168],"product_tag":[],"class_list":{"0":"post-1676","1":"product","2":"type-product","3":"status-publish","4":"has-post-thumbnail","6":"product_cat-czesci-nowe","7":"product_cat-outlet","8":"product_cat-piasty","9":"product_shipping_class-mala-paczka","11":"first","12":"instock","13":"shipping-taxable","14":"purchasable","15":"product-type-simple"},"_links":{"self":[{"href":"https:\/\/bicycool.pl\/index.php?rest_route=\/wp\/v2\/product\/1676","targetHints":{"allow":["GET"]}}],"collection":[{"href":"https:\/\/bicycool.pl\/index.php?rest_route=\/wp\/v2\/product"}],"about":[{"href":"https:\/\/bicycool.pl\/index.php?rest_route=\/wp\/v2\/types\/product"}],"replies":[{"embeddable":true,"href":"https:\/\/bicycool.pl\/index.php?rest_route=%2Fwp%2Fv2%2Fcomments&post=1676"}],"wp:featuredmedia":[{"embeddable":true,"href":"https:\/\/bicycool.pl\/index.php?rest_route=\/wp\/v2\/media\/1677"}],"wp:attachment":[{"href":"https:\/\/bicycool.pl\/index.php?rest_route=%2Fwp%2Fv2%2Fmedia&parent=1676"}],"wp:term":[{"taxonomy":"product_brand","embeddable":true,"href":"https:\/\/bicycool.pl\/index.php?rest_route=%2Fwp%2Fv2%2Fproduct_brand&post=1676"},{"taxonomy":"product_cat","embeddable":true,"href":"https:\/\/bicycool.pl\/index.php?rest_route=%2Fwp%2Fv2%2Fproduct_cat&post=1676"},{"taxonomy":"product_tag","embeddable":true,"href":"https:\/\/bicycool.pl\/index.php?rest_route=%2Fwp%2Fv2%2Fproduct_tag&post=1676"}],"curies":[{"name":"wp","href":"https:\/\/api.w.org\/{rel}","templated":true}]}}