{"id":1680,"date":"2023-12-13T17:32:39","date_gmt":"2023-12-13T16:32:39","guid":{"rendered":"https:\/\/bicycool.pl\/?post_type=product&#038;p=1680"},"modified":"2023-12-13T17:41:20","modified_gmt":"2023-12-13T16:41:20","slug":"piasta-pradnica-numbfish-z-wylacznikiem-36h","status":"publish","type":"product","link":"https:\/\/bicycool.pl\/?product=piasta-pradnica-numbfish-z-wylacznikiem-36h","title":{"rendered":"Piasta pr\u0105dnica NUMBFISH z wy\u0142\u0105cznikiem 36H"},"content":{"rendered":"<h3 class=\"Product_product-title__BALAQ\">Piasta pr\u0105dnica NUMBFISH<\/h3>\n<ul>\n<li><strong>Prz\u00f3d<\/strong><\/li>\n<li><strong>Rodzaj hamulca<\/strong> &#8211; obr\u0119czowy<\/li>\n<li><strong>Liczba otwor\u00f3w<\/strong> 36<\/li>\n<li><strong>Kolor <\/strong>Srebrny<\/li>\n<li><strong>Rozstaw<\/strong> 100mm<\/li>\n<li><strong>\u0141o\u017cyska maszynowe<\/strong><\/li>\n<li><strong>Nakr\u0119tki w zestawie<\/strong><\/li>\n<\/ul>\n","protected":false},"excerpt":{"rendered":"<p>Piasta pr\u0105dnica NUMBFISH Prz\u00f3d Rodzaj hamulca &#8211; obr\u0119czowy Liczba otwor\u00f3w 36 Kolor Srebrny Rozstaw 100mm \u0141o\u017cyska maszynowe Nakr\u0119tki w zestawie<\/p>\n","protected":false},"featured_media":1681,"comment_status":"open","ping_status":"closed","template":"","meta":[],"product_brand":[],"product_cat":[27,85,168],"product_tag":[],"class_list":{"0":"post-1680","1":"product","2":"type-product","3":"status-publish","4":"has-post-thumbnail","6":"product_cat-czesci-nowe","7":"product_cat-outlet","8":"product_cat-piasty","9":"product_shipping_class-mala-paczka","11":"first","12":"instock","13":"shipping-taxable","14":"purchasable","15":"product-type-simple"},"_links":{"self":[{"href":"https:\/\/bicycool.pl\/index.php?rest_route=\/wp\/v2\/product\/1680","targetHints":{"allow":["GET"]}}],"collection":[{"href":"https:\/\/bicycool.pl\/index.php?rest_route=\/wp\/v2\/product"}],"about":[{"href":"https:\/\/bicycool.pl\/index.php?rest_route=\/wp\/v2\/types\/product"}],"replies":[{"embeddable":true,"href":"https:\/\/bicycool.pl\/index.php?rest_route=%2Fwp%2Fv2%2Fcomments&post=1680"}],"wp:featuredmedia":[{"embeddable":true,"href":"https:\/\/bicycool.pl\/index.php?rest_route=\/wp\/v2\/media\/1681"}],"wp:attachment":[{"href":"https:\/\/bicycool.pl\/index.php?rest_route=%2Fwp%2Fv2%2Fmedia&parent=1680"}],"wp:term":[{"taxonomy":"product_brand","embeddable":true,"href":"https:\/\/bicycool.pl\/index.php?rest_route=%2Fwp%2Fv2%2Fproduct_brand&post=1680"},{"taxonomy":"product_cat","embeddable":true,"href":"https:\/\/bicycool.pl\/index.php?rest_route=%2Fwp%2Fv2%2Fproduct_cat&post=1680"},{"taxonomy":"product_tag","embeddable":true,"href":"https:\/\/bicycool.pl\/index.php?rest_route=%2Fwp%2Fv2%2Fproduct_tag&post=1680"}],"curies":[{"name":"wp","href":"https:\/\/api.w.org\/{rel}","templated":true}]}}