{"id":1684,"date":"2023-12-14T13:24:54","date_gmt":"2023-12-14T12:24:54","guid":{"rendered":"https:\/\/bicycool.pl\/?post_type=product&#038;p=1684"},"modified":"2023-12-14T13:35:45","modified_gmt":"2023-12-14T12:35:45","slug":"przerzutka-tyl-shimano-positron-7s","status":"publish","type":"product","link":"https:\/\/bicycool.pl\/?product=przerzutka-tyl-shimano-positron-7s","title":{"rendered":"Przerzutka ty\u0142 SHIMANO POSITRON 7s NOS"},"content":{"rendered":"<h3>Przerzutka ty\u0142 SHIMANO POSITRON<\/h3>\n<p>&nbsp;<\/p>\n<ul>\n<li><strong>Liczba bieg\u00f3w <\/strong>&#8211; 7s<\/li>\n<li><strong>D\u0142ugi w\u00f3zek<\/strong><\/li>\n<li><strong>Brak manetki w zestawie<\/strong><\/li>\n<li><strong>NOS, nieu\u017cywana, mo\u017ce posiada\u0107 delikatne ryski<\/strong><\/li>\n<\/ul>\n<p>&nbsp;<\/p>\n<p>&nbsp;<\/p>\n","protected":false},"excerpt":{"rendered":"<p>Przerzutka ty\u0142 SHIMANO POSITRON &nbsp; Liczba bieg\u00f3w &#8211; 7s D\u0142ugi w\u00f3zek Brak manetki w zestawie NOS, nieu\u017cywana, mo\u017ce posiada\u0107 delikatne ryski &nbsp; &nbsp;<\/p>\n","protected":false},"featured_media":1685,"comment_status":"open","ping_status":"closed","template":"","meta":[],"product_brand":[],"product_cat":[27,85,174],"product_tag":[],"class_list":{"0":"post-1684","1":"product","2":"type-product","3":"status-publish","4":"has-post-thumbnail","6":"product_cat-czesci-nowe","7":"product_cat-outlet","8":"product_cat-przerzutki","9":"product_shipping_class-mala-paczka","11":"first","12":"instock","13":"shipping-taxable","14":"purchasable","15":"product-type-simple"},"_links":{"self":[{"href":"https:\/\/bicycool.pl\/index.php?rest_route=\/wp\/v2\/product\/1684","targetHints":{"allow":["GET"]}}],"collection":[{"href":"https:\/\/bicycool.pl\/index.php?rest_route=\/wp\/v2\/product"}],"about":[{"href":"https:\/\/bicycool.pl\/index.php?rest_route=\/wp\/v2\/types\/product"}],"replies":[{"embeddable":true,"href":"https:\/\/bicycool.pl\/index.php?rest_route=%2Fwp%2Fv2%2Fcomments&post=1684"}],"wp:featuredmedia":[{"embeddable":true,"href":"https:\/\/bicycool.pl\/index.php?rest_route=\/wp\/v2\/media\/1685"}],"wp:attachment":[{"href":"https:\/\/bicycool.pl\/index.php?rest_route=%2Fwp%2Fv2%2Fmedia&parent=1684"}],"wp:term":[{"taxonomy":"product_brand","embeddable":true,"href":"https:\/\/bicycool.pl\/index.php?rest_route=%2Fwp%2Fv2%2Fproduct_brand&post=1684"},{"taxonomy":"product_cat","embeddable":true,"href":"https:\/\/bicycool.pl\/index.php?rest_route=%2Fwp%2Fv2%2Fproduct_cat&post=1684"},{"taxonomy":"product_tag","embeddable":true,"href":"https:\/\/bicycool.pl\/index.php?rest_route=%2Fwp%2Fv2%2Fproduct_tag&post=1684"}],"curies":[{"name":"wp","href":"https:\/\/api.w.org\/{rel}","templated":true}]}}