{"id":1691,"date":"2023-12-14T13:41:20","date_gmt":"2023-12-14T12:41:20","guid":{"rendered":"https:\/\/bicycool.pl\/?post_type=product&#038;p=1691"},"modified":"2023-12-14T14:18:19","modified_gmt":"2023-12-14T13:18:19","slug":"przerzutka-przednia-sram-3-0-286mm-3s","status":"publish","type":"product","link":"https:\/\/bicycool.pl\/?product=przerzutka-przednia-sram-3-0-286mm-3s","title":{"rendered":"Przerzutka przednia SRAM 3.0 28,6mm 3s"},"content":{"rendered":"<h3>Przerzutka przednia SRAM 3.0<\/h3>\n<ul>\n<li><strong>Mocowanie<\/strong> obejma 28,6mm<\/li>\n<li><strong>Liczba bieg\u00f3w\u00a0 <\/strong>3<\/li>\n<li><strong>Ci\u0105g g\u00f3rny<\/strong><\/li>\n<li><strong>Obs\u0142ugiwana liczba z\u0119b\u00f3w<\/strong> 42 &#8211; 48T<\/li>\n<li><b>Nowa (NOS)\u00a0<\/b><\/li>\n<\/ul>\n","protected":false},"excerpt":{"rendered":"<p>Przerzutka przednia SRAM 3.0 Mocowanie obejma 28,6mm Liczba bieg\u00f3w\u00a0 3 Ci\u0105g g\u00f3rny Obs\u0142ugiwana liczba z\u0119b\u00f3w 42 &#8211; 48T Nowa (NOS)\u00a0<\/p>\n","protected":false},"featured_media":1692,"comment_status":"open","ping_status":"closed","template":"","meta":[],"product_brand":[],"product_cat":[27,85,174],"product_tag":[],"class_list":{"0":"post-1691","1":"product","2":"type-product","3":"status-publish","4":"has-post-thumbnail","6":"product_cat-czesci-nowe","7":"product_cat-outlet","8":"product_cat-przerzutki","9":"product_shipping_class-mala-paczka","11":"first","12":"instock","13":"shipping-taxable","14":"purchasable","15":"product-type-simple"},"_links":{"self":[{"href":"https:\/\/bicycool.pl\/index.php?rest_route=\/wp\/v2\/product\/1691","targetHints":{"allow":["GET"]}}],"collection":[{"href":"https:\/\/bicycool.pl\/index.php?rest_route=\/wp\/v2\/product"}],"about":[{"href":"https:\/\/bicycool.pl\/index.php?rest_route=\/wp\/v2\/types\/product"}],"replies":[{"embeddable":true,"href":"https:\/\/bicycool.pl\/index.php?rest_route=%2Fwp%2Fv2%2Fcomments&post=1691"}],"wp:featuredmedia":[{"embeddable":true,"href":"https:\/\/bicycool.pl\/index.php?rest_route=\/wp\/v2\/media\/1692"}],"wp:attachment":[{"href":"https:\/\/bicycool.pl\/index.php?rest_route=%2Fwp%2Fv2%2Fmedia&parent=1691"}],"wp:term":[{"taxonomy":"product_brand","embeddable":true,"href":"https:\/\/bicycool.pl\/index.php?rest_route=%2Fwp%2Fv2%2Fproduct_brand&post=1691"},{"taxonomy":"product_cat","embeddable":true,"href":"https:\/\/bicycool.pl\/index.php?rest_route=%2Fwp%2Fv2%2Fproduct_cat&post=1691"},{"taxonomy":"product_tag","embeddable":true,"href":"https:\/\/bicycool.pl\/index.php?rest_route=%2Fwp%2Fv2%2Fproduct_tag&post=1691"}],"curies":[{"name":"wp","href":"https:\/\/api.w.org\/{rel}","templated":true}]}}