{"id":1694,"date":"2023-12-14T13:58:51","date_gmt":"2023-12-14T12:58:51","guid":{"rendered":"https:\/\/bicycool.pl\/?post_type=product&#038;p=1694"},"modified":"2023-12-14T14:26:50","modified_gmt":"2023-12-14T13:26:50","slug":"przerzutka-przednia-sram-x0-2x10s-349mm","status":"publish","type":"product","link":"https:\/\/bicycool.pl\/?product=przerzutka-przednia-sram-x0-2x10s-349mm","title":{"rendered":"Przerzutka przednia SRAM X0 2x10s 34,9mm"},"content":{"rendered":"<h3>Przerzutka przednia SRAM X0<\/h3>\n<ul>\n<li><strong>Mocowanie<\/strong> obejma 34,9mm<\/li>\n<li><strong>Liczba bieg\u00f3w\u00a0 <\/strong>2<\/li>\n<li><strong>Max najwi\u0119ksza z\u0119batka korby<\/strong> 38T<\/li>\n<li><strong>Prowadzenie linki<\/strong> Dolny ci\u0105g<\/li>\n<li><b>Nowa (NOS)\u00a0<\/b><\/li>\n<\/ul>\n","protected":false},"excerpt":{"rendered":"<p>Przerzutka przednia SRAM X0 Mocowanie obejma 34,9mm Liczba bieg\u00f3w\u00a0 2 Max najwi\u0119ksza z\u0119batka korby 38T Prowadzenie linki Dolny ci\u0105g Nowa (NOS)\u00a0<\/p>\n","protected":false},"featured_media":1699,"comment_status":"open","ping_status":"closed","template":"","meta":[],"product_brand":[],"product_cat":[27,85,174],"product_tag":[],"class_list":{"0":"post-1694","1":"product","2":"type-product","3":"status-publish","4":"has-post-thumbnail","6":"product_cat-czesci-nowe","7":"product_cat-outlet","8":"product_cat-przerzutki","9":"product_shipping_class-mala-paczka","11":"first","12":"instock","13":"shipping-taxable","14":"purchasable","15":"product-type-simple"},"_links":{"self":[{"href":"https:\/\/bicycool.pl\/index.php?rest_route=\/wp\/v2\/product\/1694","targetHints":{"allow":["GET"]}}],"collection":[{"href":"https:\/\/bicycool.pl\/index.php?rest_route=\/wp\/v2\/product"}],"about":[{"href":"https:\/\/bicycool.pl\/index.php?rest_route=\/wp\/v2\/types\/product"}],"replies":[{"embeddable":true,"href":"https:\/\/bicycool.pl\/index.php?rest_route=%2Fwp%2Fv2%2Fcomments&post=1694"}],"wp:featuredmedia":[{"embeddable":true,"href":"https:\/\/bicycool.pl\/index.php?rest_route=\/wp\/v2\/media\/1699"}],"wp:attachment":[{"href":"https:\/\/bicycool.pl\/index.php?rest_route=%2Fwp%2Fv2%2Fmedia&parent=1694"}],"wp:term":[{"taxonomy":"product_brand","embeddable":true,"href":"https:\/\/bicycool.pl\/index.php?rest_route=%2Fwp%2Fv2%2Fproduct_brand&post=1694"},{"taxonomy":"product_cat","embeddable":true,"href":"https:\/\/bicycool.pl\/index.php?rest_route=%2Fwp%2Fv2%2Fproduct_cat&post=1694"},{"taxonomy":"product_tag","embeddable":true,"href":"https:\/\/bicycool.pl\/index.php?rest_route=%2Fwp%2Fv2%2Fproduct_tag&post=1694"}],"curies":[{"name":"wp","href":"https:\/\/api.w.org\/{rel}","templated":true}]}}