{"id":1703,"date":"2023-12-14T14:56:16","date_gmt":"2023-12-14T13:56:16","guid":{"rendered":"https:\/\/bicycool.pl\/?post_type=product&#038;p=1703"},"modified":"2023-12-14T15:19:33","modified_gmt":"2023-12-14T14:19:33","slug":"przerzutka-przednia-shimano-fd-r443-286mm-2x9s","status":"publish","type":"product","link":"https:\/\/bicycool.pl\/?product=przerzutka-przednia-shimano-fd-r443-286mm-2x9s","title":{"rendered":"Przerzutka przednia SHIMANO FD-R443 28,6mm 2x9s"},"content":{"rendered":"<h3>Przerzutka przednia SHIMANO FD-R443<\/h3>\n<ul>\n<li><strong>Mocowanie<\/strong> obejma 28,6mm<\/li>\n<li><strong>Ci\u0105g dolny<\/strong><\/li>\n<li><strong>Liczba bieg\u00f3w <\/strong>2<\/li>\n<li><strong>Obs\u0142ugiwana liczba z\u0119b\u00f3w<\/strong> 52T<\/li>\n<li><b>Nowa (NOS)\u00a0<\/b><\/li>\n<\/ul>\n","protected":false},"excerpt":{"rendered":"<p>Przerzutka przednia SHIMANO FD-R443 Mocowanie obejma 28,6mm Ci\u0105g dolny Liczba bieg\u00f3w 2 Obs\u0142ugiwana liczba z\u0119b\u00f3w 52T Nowa (NOS)\u00a0<\/p>\n","protected":false},"featured_media":1705,"comment_status":"open","ping_status":"closed","template":"","meta":[],"product_brand":[],"product_cat":[27,85,174],"product_tag":[],"class_list":{"0":"post-1703","1":"product","2":"type-product","3":"status-publish","4":"has-post-thumbnail","6":"product_cat-czesci-nowe","7":"product_cat-outlet","8":"product_cat-przerzutki","9":"product_shipping_class-mala-paczka","11":"first","12":"instock","13":"shipping-taxable","14":"purchasable","15":"product-type-simple"},"_links":{"self":[{"href":"https:\/\/bicycool.pl\/index.php?rest_route=\/wp\/v2\/product\/1703","targetHints":{"allow":["GET"]}}],"collection":[{"href":"https:\/\/bicycool.pl\/index.php?rest_route=\/wp\/v2\/product"}],"about":[{"href":"https:\/\/bicycool.pl\/index.php?rest_route=\/wp\/v2\/types\/product"}],"replies":[{"embeddable":true,"href":"https:\/\/bicycool.pl\/index.php?rest_route=%2Fwp%2Fv2%2Fcomments&post=1703"}],"wp:featuredmedia":[{"embeddable":true,"href":"https:\/\/bicycool.pl\/index.php?rest_route=\/wp\/v2\/media\/1705"}],"wp:attachment":[{"href":"https:\/\/bicycool.pl\/index.php?rest_route=%2Fwp%2Fv2%2Fmedia&parent=1703"}],"wp:term":[{"taxonomy":"product_brand","embeddable":true,"href":"https:\/\/bicycool.pl\/index.php?rest_route=%2Fwp%2Fv2%2Fproduct_brand&post=1703"},{"taxonomy":"product_cat","embeddable":true,"href":"https:\/\/bicycool.pl\/index.php?rest_route=%2Fwp%2Fv2%2Fproduct_cat&post=1703"},{"taxonomy":"product_tag","embeddable":true,"href":"https:\/\/bicycool.pl\/index.php?rest_route=%2Fwp%2Fv2%2Fproduct_tag&post=1703"}],"curies":[{"name":"wp","href":"https:\/\/api.w.org\/{rel}","templated":true}]}}