{"id":1707,"date":"2023-12-14T15:23:34","date_gmt":"2023-12-14T14:23:34","guid":{"rendered":"https:\/\/bicycool.pl\/?post_type=product&#038;p=1707"},"modified":"2023-12-14T15:37:33","modified_gmt":"2023-12-14T14:37:33","slug":"przerzutka-przednia-shimano-deore-fd-m618-2x10-ciag-dolny-349mm","status":"publish","type":"product","link":"https:\/\/bicycool.pl\/?product=przerzutka-przednia-shimano-deore-fd-m618-2x10-ciag-dolny-349mm","title":{"rendered":"Przerzutka przednia SHIMANO DEORE FD-M618 2&#215;10 ci\u0105g dolny 34,9mm"},"content":{"rendered":"<h3>Przerzutka przednia SHIMANO DEORE FD-M618<\/h3>\n<ul>\n<li><strong>Mocowanie<\/strong> obejma 34,9mm<\/li>\n<li><strong>Ci\u0105g dolny<\/strong><\/li>\n<li><strong>Liczba bieg\u00f3w\u00a0<\/strong> 2<\/li>\n<li><strong>Dedykowany nap\u0119d <\/strong>2&#215;10<\/li>\n<li><strong>Obs\u0142ugiwana liczba z\u0119b\u00f3w<\/strong> 36-38T<\/li>\n<li><strong>Produkt nowy, powystawowy, mo\u017cliwe mikro zarysowania\u00a0<\/strong><\/li>\n<\/ul>\n","protected":false},"excerpt":{"rendered":"<p>Przerzutka przednia SHIMANO DEORE FD-M618 Mocowanie obejma 34,9mm Ci\u0105g dolny Liczba bieg\u00f3w\u00a0 2 Dedykowany nap\u0119d 2&#215;10 Obs\u0142ugiwana liczba z\u0119b\u00f3w 36-38T Produkt nowy, powystawowy, mo\u017cliwe mikro zarysowania\u00a0<\/p>\n","protected":false},"featured_media":1708,"comment_status":"open","ping_status":"closed","template":"","meta":[],"product_brand":[],"product_cat":[27,174],"product_tag":[],"class_list":{"0":"post-1707","1":"product","2":"type-product","3":"status-publish","4":"has-post-thumbnail","6":"product_cat-czesci-nowe","7":"product_cat-przerzutki","8":"product_shipping_class-mala-paczka","10":"first","11":"instock","12":"shipping-taxable","13":"purchasable","14":"product-type-simple"},"_links":{"self":[{"href":"https:\/\/bicycool.pl\/index.php?rest_route=\/wp\/v2\/product\/1707","targetHints":{"allow":["GET"]}}],"collection":[{"href":"https:\/\/bicycool.pl\/index.php?rest_route=\/wp\/v2\/product"}],"about":[{"href":"https:\/\/bicycool.pl\/index.php?rest_route=\/wp\/v2\/types\/product"}],"replies":[{"embeddable":true,"href":"https:\/\/bicycool.pl\/index.php?rest_route=%2Fwp%2Fv2%2Fcomments&post=1707"}],"wp:featuredmedia":[{"embeddable":true,"href":"https:\/\/bicycool.pl\/index.php?rest_route=\/wp\/v2\/media\/1708"}],"wp:attachment":[{"href":"https:\/\/bicycool.pl\/index.php?rest_route=%2Fwp%2Fv2%2Fmedia&parent=1707"}],"wp:term":[{"taxonomy":"product_brand","embeddable":true,"href":"https:\/\/bicycool.pl\/index.php?rest_route=%2Fwp%2Fv2%2Fproduct_brand&post=1707"},{"taxonomy":"product_cat","embeddable":true,"href":"https:\/\/bicycool.pl\/index.php?rest_route=%2Fwp%2Fv2%2Fproduct_cat&post=1707"},{"taxonomy":"product_tag","embeddable":true,"href":"https:\/\/bicycool.pl\/index.php?rest_route=%2Fwp%2Fv2%2Fproduct_tag&post=1707"}],"curies":[{"name":"wp","href":"https:\/\/api.w.org\/{rel}","templated":true}]}}