{"id":1718,"date":"2023-12-14T16:14:24","date_gmt":"2023-12-14T15:14:24","guid":{"rendered":"https:\/\/bicycool.pl\/?post_type=product&#038;p=1718"},"modified":"2023-12-16T11:48:41","modified_gmt":"2023-12-16T10:48:41","slug":"przerzutka-przednia-sram-x7-2x10-direct-mount-s3","status":"publish","type":"product","link":"https:\/\/bicycool.pl\/?product=przerzutka-przednia-sram-x7-2x10-direct-mount-s3","title":{"rendered":"Przerzutka przednia SRAM X7 2&#215;10 Direct Mount S3"},"content":{"rendered":"<h1>Przerzutka przednia SRAM X7<\/h1>\n<h2>Mocowanie Direct Mount &#8211; monta\u017c bezpo\u015bredni dolny \u2013 na dwie \u015bruby &#8211; S3 22,1 mm<\/h2>\n<h3>Podw\u00f3jny ci\u0105g linki<br \/>\nLiczba bieg\u00f3w 2<br \/>\nDedykowany nap\u0119d 2&#215;10<br \/>\nStan u\u017cywany<\/h3>\n","protected":false},"excerpt":{"rendered":"<p>Przerzutka przednia SRAM X7 Mocowanie Direct Mount &#8211; monta\u017c bezpo\u015bredni dolny \u2013 na dwie \u015bruby &#8211; S3 22,1 mm Podw\u00f3jny ci\u0105g linki Liczba bieg\u00f3w 2 Dedykowany nap\u0119d 2&#215;10 Stan u\u017cywany<\/p>\n","protected":false},"featured_media":1719,"comment_status":"open","ping_status":"closed","template":"","meta":[],"product_brand":[],"product_cat":[28],"product_tag":[],"class_list":{"0":"post-1718","1":"product","2":"type-product","3":"status-publish","4":"has-post-thumbnail","6":"product_cat-czesci-i-akcesoria-uzywane","7":"product_shipping_class-mala-paczka","9":"first","10":"instock","11":"shipping-taxable","12":"purchasable","13":"product-type-simple"},"_links":{"self":[{"href":"https:\/\/bicycool.pl\/index.php?rest_route=\/wp\/v2\/product\/1718","targetHints":{"allow":["GET"]}}],"collection":[{"href":"https:\/\/bicycool.pl\/index.php?rest_route=\/wp\/v2\/product"}],"about":[{"href":"https:\/\/bicycool.pl\/index.php?rest_route=\/wp\/v2\/types\/product"}],"replies":[{"embeddable":true,"href":"https:\/\/bicycool.pl\/index.php?rest_route=%2Fwp%2Fv2%2Fcomments&post=1718"}],"wp:featuredmedia":[{"embeddable":true,"href":"https:\/\/bicycool.pl\/index.php?rest_route=\/wp\/v2\/media\/1719"}],"wp:attachment":[{"href":"https:\/\/bicycool.pl\/index.php?rest_route=%2Fwp%2Fv2%2Fmedia&parent=1718"}],"wp:term":[{"taxonomy":"product_brand","embeddable":true,"href":"https:\/\/bicycool.pl\/index.php?rest_route=%2Fwp%2Fv2%2Fproduct_brand&post=1718"},{"taxonomy":"product_cat","embeddable":true,"href":"https:\/\/bicycool.pl\/index.php?rest_route=%2Fwp%2Fv2%2Fproduct_cat&post=1718"},{"taxonomy":"product_tag","embeddable":true,"href":"https:\/\/bicycool.pl\/index.php?rest_route=%2Fwp%2Fv2%2Fproduct_tag&post=1718"}],"curies":[{"name":"wp","href":"https:\/\/api.w.org\/{rel}","templated":true}]}}